{"id":1584,"date":"2025-02-19T10:39:13","date_gmt":"2025-02-19T09:39:13","guid":{"rendered":"https:\/\/visitvlissingen.nl\/?page_id=1584"},"modified":"2026-02-13T11:12:22","modified_gmt":"2026-02-13T10:12:22","slug":"natuur-bewonderen","status":"publish","type":"page","link":"https:\/\/visitvlissingen.nl\/de\/zien-doen\/natuur-bewonderen\/","title":{"rendered":"Die Natur bewundern"},"content":{"rendered":"<section class=\"block background-purple block--header block--no-spacing-top\">\n    <div class=\"container ps-5 ps-lg-8 pe-0\">\n        <div class=\"block--header__swiper swiper-container swiper-box disable-auto-height-from-lg\">\n            <div class=\"swiper-wrapper\">\n                                     \n\n                    <div class=\"swiper-slide\">\n                        <div class=\"row me-0 gx-7 h-100\">\n                            <div class=\"col-xxxl-5 col-xxl-5 col-xl-6 d-flex justify-content-between flex-column\">\n                                <div class=\"mt-4\">\n                                                                                                                                                                                                                                                                                                                                                                                                                                                                                                                                                                                                                                                                                                                                                                                    <a\n        href=\"https:\/\/visitvlissingen.nl\/de\/zien-doen\/\"\n         target=\"\"                 class=\"link-arrow block--header__archive mb-4 mb-xl-0\"\n    >\n                    <span class=\"me-4\">\n                <i class=\"icon icon-arrow-left\"><\/i>\n            <\/span>\n        \n                    <span>Zur\u00fcck zu Sehen &amp; Tun<\/span>\n            <\/a>\n                                                                    <\/div>\n\n                                <div class=\"block--header__text ps-xxxl-9\">\n                                    \n                                                                            <h1 class=\"d-none d-lg-block\" >Die Natur bewundern<\/h1>\n    <h1 class=\"d-block d-lg-none\" >Die Natur bewundern<\/h1>\n                                    \n                                                                            <div class=\"text-wrapper\"><p>Wenn Sie von einem erholsamen Tag in der Natur sprechen, dann meinen Sie damit die Entspannung in Vlissingen. Genie\u00dfen Sie die h\u00fcgeligen Bade- und Nollestr\u00e4nde, spazieren Sie entlang der weiten D\u00fcnen, eines zerkl\u00fcfteten Forts oder gr\u00fcner W\u00e4lder. Entspannen Sie sich, radeln Sie oder genie\u00dfen Sie die sch\u00f6ne Aussicht nur einen Katzensprung vom gesch\u00e4ftigen Stadtzentrum entfernt. <\/p>\n<\/div>\n                                    \n                                    \n                                                                                                                                                    \n                                                                    <\/div>\n                                <div><\/div>\n                            <\/div>\n                            <div class=\"mt-7 mt-xl-0 col-xxxl-6 col-xxl-7 col-xl-6 offset-xxxl-1 pe-0\">\n                                                                                                                    <figure\n        class=\"image block--header__image block--header__image--medium z-1\"\n        \n    >\n        <img decoding=\"async\"\n            class=\"image-position--center\"\n            src=\"https:\/\/visitvlissingen.nl\/wp-content\/uploads\/2025\/05\/251A1401-kopie.webp\"\n            alt=\"\"\n            loading=\"lazy\"\n        \/>\n        \n    <\/figure>\n                                                                                                    <\/div>\n                        <\/div>\n                    <\/div>\n                            <\/div>\n        <\/div>\n    <\/div>\n    <div class=\"waves\">\n        <div class=\"waves__wave waves__wave--green-secondary\"><\/div>\n    <\/div>\n<\/section>\n\n\n<section class=\"block block--spots-archive\">\n    <div class=\"archive-block archive-spots\">\n                                                <div class=\"block--spots-archive__card\" aria-hidden=\"true\" tabindex=\"-1\">\n                    <div class=\"container px-5 px-lg-8\">\n                        <div class=\"block--spots-archive__card__content\">\n                            <div class=\"row\">\n                                <div class=\"col-xxxl-4 col-xxl-4 col-xl-5 order-last order-xl-first\">\n                                    <div class=\"marker-content-container\"><\/div>\n                                <\/div>\n                                <div class=\"col-xxxl-7 col-xxl-8 col-xl-7 offset-xxxl-1\">\n                                    <div class=\"mapbox-wrapper\" data-map-color=\"default\" data-map-zoom=\"13\">\n                                                                                    \n                                            <div class=\"mapbox-marker\"\n                                                data-lat=\"51.4410208\"\n                                                data-lng=\"3.5794485\"\n                                                data-url=\"https:\/\/visitvlissingen.nl\/de\/spots\/groene-boulevard\/\"\n                                                data-popup=\"&lt;div class=&quot;popup-content popup-content--first&quot;&gt;&lt;article class=&quot;spot-item theme-bottom-right-triangle&quot;&gt;    &lt;a class=&quot;d-block&quot; tabindex=&quot;0&quot; href=&quot;https:\/\/visitvlissingen.nl\/de\/spots\/groene-boulevard\/&quot; aria-label=&quot;Bekijk deze spot&quot;&gt;                    &lt;figure class=&quot;image spot-item__image scale-on-hover&quot;&gt;                &lt;img class=&quot;image-position--center&quot; src=&quot;https:\/\/visitvlissingen.nl\/wp-content\/uploads\/2025\/04\/DSC6834x-kustlijn-oranje-molen.jpg&quot; alt=&quot;&quot;  loading=&quot;lazy&quot;&gt;            &lt;\/figure&gt;                &lt;div class=&quot;spot-item__content p-6 flex-grow-1&quot;&gt;            &lt;div&gt;                                    &lt;div class=&quot;cats-meta mb-3 color-blue-secondary&quot;&gt;                    &lt;span class=&quot;d-inline-flex me-3&quot;&gt;                                &lt;span class=&quot;cats-meta__item&quot;&gt;Natuur&lt;\/span&gt;            &lt;\/span&gt;            &lt;\/div&gt;                                &lt;h3 class=&quot;mb-3&quot;&gt;Groene Boulevard&lt;\/h3&gt;                                    &lt;div class=&quot;text--wrapper&quot;&gt;De Groene Boulevard in Vlissingen is een bijzondere wandel- en fietsroute langs de Westerschelde, waar natuur en stad harmonieus samenkomen. &lt;\/div&gt;                                &lt;div class=&quot;link-arrow mt-4 color-blue-secondary&quot;&gt;                    &lt;span class=&quot;me-4&quot;&gt;                &lt;i class=&quot;icon icon-arrow-right&quot; aria-hidden=&quot;true&quot;&gt;&lt;\/i&gt;            &lt;\/span&gt;                            &lt;span&gt;Bekijk deze spot&lt;\/span&gt;            &lt;\/div&gt;            &lt;\/div&gt;        &lt;\/div&gt;    &lt;\/a&gt;&lt;\/article&gt;&lt;\/div&gt;\">\n                                            <\/div>\n                                                                                    \n                                            <div class=\"mapbox-marker\"\n                                                data-lat=\"51.4499927\"\n                                                data-lng=\"3.5546313\"\n                                                data-url=\"https:\/\/visitvlissingen.nl\/de\/spots\/windorgel\/\"\n                                                data-popup=\"&lt;div class=&quot;popup-content &quot;&gt;&lt;article class=&quot;spot-item theme-bottom-right-triangle&quot;&gt;    &lt;a class=&quot;d-block&quot; tabindex=&quot;0&quot; href=&quot;https:\/\/visitvlissingen.nl\/de\/spots\/windorgel\/&quot; aria-label=&quot;Bekijk deze spot&quot;&gt;                    &lt;figure class=&quot;image spot-item__image scale-on-hover&quot;&gt;                &lt;img class=&quot;image-position--center&quot; src=&quot;https:\/\/visitvlissingen.nl\/wp-content\/uploads\/2025\/04\/GemVlisCityMarketingJuni25-Windorgel01.jpg&quot; alt=&quot;&quot;  loading=&quot;lazy&quot;&gt;            &lt;\/figure&gt;                &lt;div class=&quot;spot-item__content p-6 flex-grow-1&quot;&gt;            &lt;div&gt;                                    &lt;div class=&quot;cats-meta mb-3 color-blue-secondary&quot;&gt;                    &lt;span class=&quot;d-inline-flex me-3&quot;&gt;                                &lt;span class=&quot;cats-meta__item&quot;&gt;Natuur&lt;\/span&gt;            &lt;\/span&gt;            &lt;\/div&gt;                                &lt;h3 class=&quot;mb-3&quot;&gt;Windorgel&lt;\/h3&gt;                                    &lt;div class=&quot;text--wrapper&quot;&gt;Het Windorgel, gelegen aan de boulevard van Vlissingen, is een kunstwerk dat de natuurlijke kracht van de wind omzet in muziek. Dit bijzondere instrument bestaat uit een reeks verticale pijpen.&lt;\/div&gt;                                &lt;div class=&quot;link-arrow mt-4 color-blue-secondary&quot;&gt;                    &lt;span class=&quot;me-4&quot;&gt;                &lt;i class=&quot;icon icon-arrow-right&quot; aria-hidden=&quot;true&quot;&gt;&lt;\/i&gt;            &lt;\/span&gt;                            &lt;span&gt;Bekijk deze spot&lt;\/span&gt;            &lt;\/div&gt;            &lt;\/div&gt;        &lt;\/div&gt;    &lt;\/a&gt;&lt;\/article&gt;&lt;\/div&gt;\">\n                                            <\/div>\n                                                                                    \n                                            <div class=\"mapbox-marker\"\n                                                data-lat=\"51.4526444\"\n                                                data-lng=\"3.6264056\"\n                                                data-url=\"https:\/\/visitvlissingen.nl\/de\/spots\/ritthemse-bos\/\"\n                                                data-popup=\"&lt;div class=&quot;popup-content &quot;&gt;&lt;article class=&quot;spot-item theme-bottom-right-triangle&quot;&gt;    &lt;a class=&quot;d-block&quot; tabindex=&quot;0&quot; href=&quot;https:\/\/visitvlissingen.nl\/de\/spots\/ritthemse-bos\/&quot; aria-label=&quot;Bekijk deze spot&quot;&gt;                    &lt;figure class=&quot;image spot-item__image scale-on-hover&quot;&gt;                &lt;img class=&quot;image-position--center&quot; src=&quot;https:\/\/visitvlissingen.nl\/wp-content\/uploads\/2025\/03\/GemVlisCityMarketingJuni25-Rithemsebos01.jpg&quot; alt=&quot;&quot;  loading=&quot;lazy&quot;&gt;            &lt;\/figure&gt;                &lt;div class=&quot;spot-item__content p-6 flex-grow-1&quot;&gt;            &lt;div&gt;                                    &lt;div class=&quot;cats-meta mb-3 color-blue-secondary&quot;&gt;                    &lt;span class=&quot;d-inline-flex me-3&quot;&gt;                                &lt;span class=&quot;cats-meta__item&quot;&gt;Natuur&lt;\/span&gt;            &lt;\/span&gt;            &lt;\/div&gt;                                &lt;h3 class=&quot;mb-3&quot;&gt;Ritthemse Bos&lt;\/h3&gt;                                    &lt;div class=&quot;text--wrapper&quot;&gt;Het Ritthemse Bos, officieel bekend als natuurgebied Rammekenshoek, is een natuurgebied van ongeveer 70 hectare, gelegen nabij het dorp Ritthem. &lt;\/div&gt;                                &lt;div class=&quot;link-arrow mt-4 color-blue-secondary&quot;&gt;                    &lt;span class=&quot;me-4&quot;&gt;                &lt;i class=&quot;icon icon-arrow-right&quot; aria-hidden=&quot;true&quot;&gt;&lt;\/i&gt;            &lt;\/span&gt;                            &lt;span&gt;Bekijk deze spot&lt;\/span&gt;            &lt;\/div&gt;            &lt;\/div&gt;        &lt;\/div&gt;    &lt;\/a&gt;&lt;\/article&gt;&lt;\/div&gt;\">\n                                            <\/div>\n                                                                                    \n                                            <div class=\"mapbox-marker\"\n                                                data-lat=\"51.4499927\"\n                                                data-lng=\"3.5546313\"\n                                                data-url=\"https:\/\/visitvlissingen.nl\/de\/spots\/nollestrand\/\"\n                                                data-popup=\"&lt;div class=&quot;popup-content &quot;&gt;&lt;article class=&quot;spot-item theme-bottom-right-triangle&quot;&gt;    &lt;a class=&quot;d-block&quot; tabindex=&quot;0&quot; href=&quot;https:\/\/visitvlissingen.nl\/de\/spots\/nollestrand\/&quot; aria-label=&quot;Bekijk deze spot&quot;&gt;                    &lt;figure class=&quot;image spot-item__image scale-on-hover&quot;&gt;                &lt;img class=&quot;image-position--center&quot; src=&quot;https:\/\/visitvlissingen.nl\/wp-content\/uploads\/2025\/04\/DSC7132-x-nollestrand-bewwit.jpg&quot; alt=&quot;&quot;  loading=&quot;lazy&quot;&gt;            &lt;\/figure&gt;                &lt;div class=&quot;spot-item__content p-6 flex-grow-1&quot;&gt;            &lt;div&gt;                                    &lt;div class=&quot;cats-meta mb-3 color-blue-secondary&quot;&gt;                    &lt;span class=&quot;d-inline-flex me-3&quot;&gt;                                &lt;span class=&quot;cats-meta__item&quot;&gt;Natuur&lt;\/span&gt;            &lt;\/span&gt;            &lt;\/div&gt;                                &lt;h3 class=&quot;mb-3&quot;&gt;Nollestrand&lt;\/h3&gt;                                    &lt;div class=&quot;text--wrapper&quot;&gt;Het Nollestrand in Vlissingen is een geliefde plek voor zowel locals als toeristen om te genieten van zon, zee en strand. &lt;\/div&gt;                                &lt;div class=&quot;link-arrow mt-4 color-blue-secondary&quot;&gt;                    &lt;span class=&quot;me-4&quot;&gt;                &lt;i class=&quot;icon icon-arrow-right&quot; aria-hidden=&quot;true&quot;&gt;&lt;\/i&gt;            &lt;\/span&gt;                            &lt;span&gt;Bekijk deze spot&lt;\/span&gt;            &lt;\/div&gt;            &lt;\/div&gt;        &lt;\/div&gt;    &lt;\/a&gt;&lt;\/article&gt;&lt;\/div&gt;\">\n                                            <\/div>\n                                                                                    \n                                            <div class=\"mapbox-marker\"\n                                                data-lat=\"51.4492126\"\n                                                data-lng=\"3.560349\"\n                                                data-url=\"https:\/\/visitvlissingen.nl\/de\/spots\/badstrand\/\"\n                                                data-popup=\"&lt;div class=&quot;popup-content &quot;&gt;&lt;article class=&quot;spot-item theme-bottom-right-triangle&quot;&gt;    &lt;a class=&quot;d-block&quot; tabindex=&quot;0&quot; href=&quot;https:\/\/visitvlissingen.nl\/de\/spots\/badstrand\/&quot; aria-label=&quot;Bekijk deze spot&quot;&gt;                    &lt;figure class=&quot;image spot-item__image scale-on-hover&quot;&gt;                &lt;img class=&quot;image-position--center&quot; src=&quot;https:\/\/visitvlissingen.nl\/wp-content\/uploads\/2025\/04\/027_D4X5659-bew-strand-boulevard.jpg&quot; alt=&quot;&quot;  loading=&quot;lazy&quot;&gt;            &lt;\/figure&gt;                &lt;div class=&quot;spot-item__content p-6 flex-grow-1&quot;&gt;            &lt;div&gt;                                    &lt;div class=&quot;cats-meta mb-3 color-blue-secondary&quot;&gt;                    &lt;span class=&quot;d-inline-flex me-3&quot;&gt;                                &lt;span class=&quot;cats-meta__item&quot;&gt;Natuur&lt;\/span&gt;            &lt;\/span&gt;            &lt;\/div&gt;                                &lt;h3 class=&quot;mb-3&quot;&gt;Badstrand&lt;\/h3&gt;                                    &lt;div class=&quot;text--wrapper&quot;&gt;Het Badstrand in Vlissingen is een populaire bestemming voor zowel locals als toeristen. Gelegen langs de boulevard, biedt dit strand een prachtig uitzicht op de Westerschelde.&lt;\/div&gt;                                &lt;div class=&quot;link-arrow mt-4 color-blue-secondary&quot;&gt;                    &lt;span class=&quot;me-4&quot;&gt;                &lt;i class=&quot;icon icon-arrow-right&quot; aria-hidden=&quot;true&quot;&gt;&lt;\/i&gt;            &lt;\/span&gt;                            &lt;span&gt;Bekijk deze spot&lt;\/span&gt;            &lt;\/div&gt;            &lt;\/div&gt;        &lt;\/div&gt;    &lt;\/a&gt;&lt;\/article&gt;&lt;\/div&gt;\">\n                                            <\/div>\n                                                                                    \n                                            <div class=\"mapbox-marker\"\n                                                data-lat=\"51.4527603\"\n                                                data-lng=\"3.5564488\"\n                                                data-url=\"https:\/\/visitvlissingen.nl\/de\/spots\/nollebos\/\"\n                                                data-popup=\"&lt;div class=&quot;popup-content &quot;&gt;&lt;article class=&quot;spot-item theme-bottom-right-triangle&quot;&gt;    &lt;a class=&quot;d-block&quot; tabindex=&quot;0&quot; href=&quot;https:\/\/visitvlissingen.nl\/de\/spots\/nollebos\/&quot; aria-label=&quot;Bekijk deze spot&quot;&gt;                    &lt;figure class=&quot;image spot-item__image scale-on-hover&quot;&gt;                &lt;img class=&quot;image-position--center&quot; src=&quot;https:\/\/visitvlissingen.nl\/wp-content\/uploads\/2025\/02\/GemVlisCityMarketingJuni25-Nollebos01.jpg&quot; alt=&quot;&quot;  loading=&quot;lazy&quot;&gt;            &lt;\/figure&gt;                &lt;div class=&quot;spot-item__content p-6 flex-grow-1&quot;&gt;            &lt;div&gt;                                    &lt;div class=&quot;cats-meta mb-3 color-blue-secondary&quot;&gt;                    &lt;span class=&quot;d-inline-flex me-3&quot;&gt;                                &lt;span class=&quot;cats-meta__item&quot;&gt;Natuur&lt;\/span&gt;            &lt;\/span&gt;            &lt;\/div&gt;                                &lt;h3 class=&quot;mb-3&quot;&gt;Nollebos&lt;\/h3&gt;                                    &lt;div class=&quot;text--wrapper&quot;&gt;Het Nollebos is een geliefd recreatie- en natuurgebied aan de rand van Vlissingen, gelegen vlak bij de duinen en het Nollestrand. &lt;\/div&gt;                                &lt;div class=&quot;link-arrow mt-4 color-blue-secondary&quot;&gt;                    &lt;span class=&quot;me-4&quot;&gt;                &lt;i class=&quot;icon icon-arrow-right&quot; aria-hidden=&quot;true&quot;&gt;&lt;\/i&gt;            &lt;\/span&gt;                            &lt;span&gt;Bekijk deze spot&lt;\/span&gt;            &lt;\/div&gt;            &lt;\/div&gt;        &lt;\/div&gt;    &lt;\/a&gt;&lt;\/article&gt;&lt;\/div&gt;\">\n                                            <\/div>\n                                                                                                                    <\/div>\n                                <\/div>\n                            <\/div>\n                        <\/div>\n                    <\/div>\n                <\/div>\n                    \n        <input type=\"hidden\" value=\"color-blue-secondary\" name=\"archive_color_scheme\">\n        <input type=\"hidden\" value=\"1545\" name=\"archive_current_page\">\n        <input type=\"hidden\" value=\"spot\" name=\"archive_post_type\">\n                    <div class=\"block\"><\/div>\n        \n                    <input type=\"hidden\" value=\"114\" name=\"archive_cat_id\">\n        \n        \n        <div class=\"archive__results\">\n            <div class=\"container px-5 px-lg-8\">\n                                                                    <div class=\"row g-7 resultItems\"><\/div>\n            <\/div>\n        <\/div>\n\n        <!-- Laad meer -->\n                <div class=\"block text-center loadMoreWrapper block block--double-spacing pb-0\" style=\"display: none;\">\n            <div class=\"container px-5 px-lg-8\">\n                <button aria-label=\"Mehr Spots laden\" tabindex=\"0\" class=\"btn btn--green-tertiary loadMore\">\n                    Mehr Spots laden\n                <\/button>\n            <\/div>\n        <\/div>\n    <\/div>\n\n<\/section>","protected":false},"excerpt":{"rendered":"","protected":false},"author":7,"featured_media":0,"parent":17,"menu_order":22,"comment_status":"closed","ping_status":"closed","template":"","meta":{"_acf_changed":false,"_seopress_robots_primary_cat":"","_seopress_titles_title":"Visit Vlissingen | Natuur | Geniet van strand, bos en duinen","_seopress_titles_desc":"Ontdek de natuur in Vlissingen met stranden, duinen en groene gebieden, perfect voor wandelen, ontspannen en frisse zeelucht. Lees meer.","_seopress_robots_index":"","footnotes":""},"class_list":["post-1584","page","type-page","status-publish"],"acf":[],"_links":{"self":[{"href":"https:\/\/visitvlissingen.nl\/de\/wp-json\/wp\/v2\/pages\/1584","targetHints":{"allow":["GET"]}}],"collection":[{"href":"https:\/\/visitvlissingen.nl\/de\/wp-json\/wp\/v2\/pages"}],"about":[{"href":"https:\/\/visitvlissingen.nl\/de\/wp-json\/wp\/v2\/types\/page"}],"author":[{"embeddable":true,"href":"https:\/\/visitvlissingen.nl\/de\/wp-json\/wp\/v2\/users\/7"}],"replies":[{"embeddable":true,"href":"https:\/\/visitvlissingen.nl\/de\/wp-json\/wp\/v2\/comments?post=1584"}],"version-history":[{"count":11,"href":"https:\/\/visitvlissingen.nl\/de\/wp-json\/wp\/v2\/pages\/1584\/revisions"}],"predecessor-version":[{"id":3906,"href":"https:\/\/visitvlissingen.nl\/de\/wp-json\/wp\/v2\/pages\/1584\/revisions\/3906"}],"up":[{"embeddable":true,"href":"https:\/\/visitvlissingen.nl\/de\/wp-json\/wp\/v2\/pages\/17"}],"wp:attachment":[{"href":"https:\/\/visitvlissingen.nl\/de\/wp-json\/wp\/v2\/media?parent=1584"}],"curies":[{"name":"wp","href":"https:\/\/api.w.org\/{rel}","templated":true}]}}