{"id":1962,"date":"2025-04-04T10:17:09","date_gmt":"2025-04-04T08:17:09","guid":{"rendered":"https:\/\/visitvlissingen.nl\/?page_id=1962"},"modified":"2025-12-01T09:06:59","modified_gmt":"2025-12-01T08:06:59","slug":"cafes","status":"publish","type":"page","link":"https:\/\/visitvlissingen.nl\/de\/zien-doen\/eten-drinken\/cafes\/","title":{"rendered":"Kneipen"},"content":{"rendered":"<section class=\"block background-green-tertiary block--header block--no-spacing-top\">\n    <div class=\"container ps-5 ps-lg-8 pe-0\">\n        <div class=\"block--header__swiper swiper-container swiper-box disable-auto-height-from-lg\">\n            <div class=\"swiper-wrapper\">\n                                     \n\n                    <div class=\"swiper-slide\">\n                        <div class=\"row me-0 gx-7 h-100\">\n                            <div class=\"col-xxxl-5 col-xxl-5 col-xl-6 d-flex justify-content-between flex-column\">\n                                <div class=\"mt-4\">\n                                                                                                                                                                                                                                                                                                                                                                                                                                                                                                                                                                                                                                                                                                                                                                                    <a\n        href=\"https:\/\/visitvlissingen.nl\/de\/zien-doen\/eten-drinken\/\"\n         target=\"\"                 class=\"link-arrow block--header__archive mb-4 mb-xl-0\"\n    >\n                    <span class=\"me-4\">\n                <i class=\"icon icon-arrow-left\"><\/i>\n            <\/span>\n        \n                    <span>Zur\u00fcck zu Essen &amp; Trinken<\/span>\n            <\/a>\n                                                                    <\/div>\n\n                                <div class=\"block--header__text ps-xxxl-9\">\n                                    \n                                                                            <h1 class=\"d-none d-lg-block\" >Kneipen<\/h1>\n    <h1 class=\"d-block d-lg-none\" >Kneipen<\/h1>\n                                    \n                                                                            <div class=\"text-wrapper\"><p>In Vlissingen wei\u00df man, was Genuss ist - vor allem in den Kneipen. Lassen Sie sich auf einer Sonnenterrasse nieder, bestellen Sie ein lokales Bier oder unterhalten Sie sich in einer braunen Kneipe. Die Atmosph\u00e4re ist entspannt, einladend und immer unterhaltsam. Hier erleben Sie das Stadtleben von seiner besten Seite.<\/p>\n<\/div>\n                                    \n                                    \n                                                                                                                                                    \n                                                                    <\/div>\n                                <div><\/div>\n                            <\/div>\n                            <div class=\"mt-7 mt-xl-0 col-xxxl-6 col-xxl-7 col-xl-6 offset-xxxl-1 pe-0\">\n                                                                                                                                                                <figure class=\"image block--header__image block--header__image--medium z-1\">\n                                                <img decoding=\"async\" src=\"https:\/\/visitvlissingen.nl\/wp-content\/uploads\/2025\/03\/DSC0839-x-terras-gevangentoren-bewwit.jpg\" alt=\"\" \/>\n                                            <\/figure>\n                                                                                                    <\/div>\n                        <\/div>\n                    <\/div>\n                            <\/div>\n        <\/div>\n    <\/div>\n    <div class=\"waves\">\n        <div class=\"waves__wave waves__wave--green-primary\"><\/div>\n    <\/div>\n<\/section>\n\n\n<section class=\"block block--spots-archive block--no-spacing-top\">\n    <div class=\"archive-block archive-spots\">\n        \n        <input type=\"hidden\" value=\"color-blue-secondary\" name=\"archive_color_scheme\">\n        <input type=\"hidden\" value=\"1962\" name=\"archive_current_page\">\n        <input type=\"hidden\" value=\"spot\" name=\"archive_post_type\">\n        \n                    <input type=\"hidden\" value=\"117\" name=\"archive_cat_id\">\n        \n        \n        <div class=\"archive__results\">\n            <div class=\"container px-5 px-lg-8\">\n                                                                    <div class=\"row g-7 resultItems\"><\/div>\n            <\/div>\n        <\/div>\n\n        <!-- Laad meer -->\n                <div class=\"block text-center loadMoreWrapper block block--double-spacing pb-0\" style=\"display: none;\">\n            <div class=\"container px-5 px-lg-8\">\n                <button aria-label=\"Mehr Spots laden\" tabindex=\"0\" class=\"btn btn--green-tertiary loadMore\">\n                    Mehr Spots laden\n                <\/button>\n            <\/div>\n        <\/div>\n    <\/div>\n\n<\/section>","protected":false},"excerpt":{"rendered":"","protected":false},"author":2,"featured_media":2143,"parent":1592,"menu_order":29,"comment_status":"closed","ping_status":"closed","template":"","meta":{"_acf_changed":false,"_seopress_robots_primary_cat":"","_seopress_titles_title":"Visit Vlissingen | Caf\u00e9s | Gezelligheid en lokale sfeer","_seopress_titles_desc":"Geniet in Vlissingen van caf\u00e9s met knusse koffiebars en terrassen, waar lokale smaken en de ontspannen sfeer samenkomen. Bekijk de caf\u00e9s.","_seopress_robots_index":"","footnotes":""},"class_list":["post-1962","page","type-page","status-publish","has-post-thumbnail"],"acf":[],"_links":{"self":[{"href":"https:\/\/visitvlissingen.nl\/de\/wp-json\/wp\/v2\/pages\/1962","targetHints":{"allow":["GET"]}}],"collection":[{"href":"https:\/\/visitvlissingen.nl\/de\/wp-json\/wp\/v2\/pages"}],"about":[{"href":"https:\/\/visitvlissingen.nl\/de\/wp-json\/wp\/v2\/types\/page"}],"author":[{"embeddable":true,"href":"https:\/\/visitvlissingen.nl\/de\/wp-json\/wp\/v2\/users\/2"}],"replies":[{"embeddable":true,"href":"https:\/\/visitvlissingen.nl\/de\/wp-json\/wp\/v2\/comments?post=1962"}],"version-history":[{"count":5,"href":"https:\/\/visitvlissingen.nl\/de\/wp-json\/wp\/v2\/pages\/1962\/revisions"}],"predecessor-version":[{"id":3584,"href":"https:\/\/visitvlissingen.nl\/de\/wp-json\/wp\/v2\/pages\/1962\/revisions\/3584"}],"up":[{"embeddable":true,"href":"https:\/\/visitvlissingen.nl\/de\/wp-json\/wp\/v2\/pages\/1592"}],"wp:featuredmedia":[{"embeddable":true,"href":"https:\/\/visitvlissingen.nl\/de\/wp-json\/wp\/v2\/media\/2143"}],"wp:attachment":[{"href":"https:\/\/visitvlissingen.nl\/de\/wp-json\/wp\/v2\/media?parent=1962"}],"curies":[{"name":"wp","href":"https:\/\/api.w.org\/{rel}","templated":true}]}}