{"id":2265,"date":"2025-05-21T08:36:39","date_gmt":"2025-05-21T06:36:39","guid":{"rendered":"https:\/\/visitvlissingen.nl\/?page_id=2265"},"modified":"2026-04-01T15:48:13","modified_gmt":"2026-04-01T13:48:13","slug":"over-visit-vlissingen","status":"publish","type":"page","link":"https:\/\/visitvlissingen.nl\/de\/over-visit-vlissingen\/","title":{"rendered":"\u00dcber Visit Vlissingen"},"content":{"rendered":"<section class=\"block background-blue-primary block--header block--no-spacing-top\">\n    <div class=\"container px-5 px-lg-8\">\n        <div class=\"block--header__swiper swiper-container swiper-box disable-auto-height-from-lg\">\n            <div class=\"swiper-wrapper\">\n                                     \n\n                    <div class=\"swiper-slide\">\n                        <div class=\"row gx-7 h-100\">\n                            <div class=\"col-xxxl-5 col-xxl-5 col-xl-6 d-flex justify-content-between flex-column\">\n                                <div class=\"mt-4\">\n                                                                                                                                                                                                                                                                                                                                                                                                                                                                                                                                                                                                                                                                                                                                                                            <\/div>\n\n                                <div class=\"block--header__text ps-xxxl-9\">\n                                    \n                                                                            <h1 class=\"d-none d-lg-block\" >\u00dcber Visit Vlissingen<\/h1>\n    <h1 class=\"d-block d-lg-none\" >\u00dcber Visit Vlissingen<\/h1>\n                                    \n                                    \n                                    \n                                                                                                                                                    \n                                                                    <\/div>\n                                <div><\/div>\n                            <\/div>\n                            <div class=\"mt-7 mt-xl-0 col-xxxl-6 col-xxl-7 col-xl-6 offset-xxxl-1 pe-xxxl-9\">\n                                                                                                                    <figure\n        class=\"image block--header__image block--header__image--small z-1\"\n        \n    >\n        <img decoding=\"async\"\n            class=\"image-position--center\"\n            src=\"https:\/\/visitvlissingen.nl\/wp-content\/uploads\/2025\/10\/GemVlisCityMarketingJuni25-Nollebos01.jpg\"\n            alt=\"\"\n            loading=\"lazy\"\n        \/>\n        \n    <\/figure>\n                                                                                                    <\/div>\n                        <\/div>\n                    <\/div>\n                            <\/div>\n        <\/div>\n    <\/div>\n    <div class=\"waves\">\n        <div class=\"waves__wave waves__wave--green-secondary\"><\/div>\n    <\/div>\n<\/section>\n\n\n<section class=\"block block--text block--no-spacing-top\">\n        <div class=\"container px-5 px-lg-8\">\n            <div class=\"row justify-content-center\">\n                <div class=\"col-xxl-10\">\n                                                                        <div class=\"row\">\n                                <div class=\"col-xxxl-5 col-xl-6\">\n                                                                                                                <div class=\"text-wrapper\"><p>Vlissingen ist eine Stadt mit Charakter. Ungeschliffen und ehrlich, mit dem Meer zu ihren F\u00fc\u00dfen und einer Welt voller M\u00f6glichkeiten in Sichtweite. Die Stadt ist rau und echt, ein Ort, an dem die Menschen sagen, was sie denken und tun, was sie versprechen. In der lebendigen Mischung aus Kulturen, Festivals und Kunst entfaltet sich eine bunte und schrullige Dynamik. Die maritime Lage, die gro\u00dfartige Stadtentwicklung, die internationale Perspektive und die kulturelle Basis machen Vlissingen zu einer Stadt im Aufbruch. Die Plattform Visitvlissingen.nl macht diese Dynamik sichtbar und erlebbar, f\u00fcr alle, die die Stadt entdecken, erleben oder aufwerten wollen.<\/p>\n<p>Die Plattform ist der zentrale Umsetzungskanal von Citymarketing Vlissingen und macht sichtbar, was die Stadt zu bieten hat - f\u00fcr Einwohner, Besucher, Studenten, Unternehmen und Investoren. Indem die Angebote an einem Ort zusammengef\u00fchrt werden, verschwinden die Barrieren zwischen Sektoren und Initiativen. Auf diese Weise kommt jeder mit der ganzen Bandbreite der Stadt in Ber\u00fchrung und st\u00e4rkt Vlissingen als attraktiven Ort zum Leben, Arbeiten, Studieren und Entspannen.<\/p>\n<\/div>\n                                                                                                        <\/div>\n                            <\/div>\n                                            \n                <\/div>\n            <\/div>\n        <\/div>\n    <\/section>\n\n\n<section class=\"block block--text-image\">\n        <div class=\"container px-5 px-lg-8\">\n            <div class=\"row justify-content-center\">\n                <div class=\"col-xxl-10\">\n                    <div class=\"row\">\n                        <div class=\"col-xxxl-5 col-xl-6 col-lg-7 mb-7 mb-lg-0\">\n                            <h2 class=\"wp-block-text-image d-none d-lg-block\" >Menschen machen die Stadt<\/h2>\n    <h2 class=\"wp-block-text-image d-block d-lg-none\" >Menschen machen die Stadt<\/h2>\n                                                            <div class=\"text-wrapper\"><p>Visitvlissingen.nl zeigt Vlissingen durch die Augen der Menschen, die dort wohnen, arbeiten, studieren und ihre Freizeit verbringen. <a href=\"https:\/\/visitvlissingen.nl\/de\/locals\/\">Lokale Botschafterinnen und Botschafter<\/a> teilen ihre Geschichten und verleihen der Stadt Charakter und Bedeutung. Auf diese Weise wird Vlissingen lebendig, pers\u00f6nlich, \u00fcberraschend und nah.<\/p>\n<\/div>\n                                       \n                                                    <\/div>\n                        <div class=\"col-xl-5 col-lg-4 offset-xxxl-2 offset-lg-1\">\n                            <figure\n        class=\"image block--text-image__image\"\n        \n    >\n        <img decoding=\"async\"\n            class=\"image-position--center\"\n            src=\"https:\/\/visitvlissingen.nl\/wp-content\/uploads\/2026\/03\/Pilot-Fotos-0496.jpg\"\n            alt=\"\"\n            loading=\"lazy\"\n        \/>\n        \n    <\/figure>\n                        <\/div>\n                    <\/div>\n                <\/div>\n            <\/div>\n        <\/div>\n    <\/section>\n\n\n<section class=\"block block--text\">\n        <div class=\"container px-5 px-lg-8\">\n            <div class=\"row justify-content-center\">\n                <div class=\"col-xxl-10\">\n                                                                        <div class=\"row\">\n                                <div class=\"col-xxxl-5 col-xl-6\">\n                                    <h2 class=\"wp-block-text d-none d-lg-block\" >Aktuelles und lokales Kulturangebot<\/h2>\n    <h2 class=\"wp-block-text d-block d-lg-none\" >Aktuelles und lokales Kulturangebot<\/h2>\n                                                                            <div class=\"text-wrapper\"><p>Einer der Kernbestandteile der Website ist der Veranstaltungskalender, in dem das aktuelle Kulturangebot unter anderem <a href=\"https:\/\/visitvlissingen.nl\/de\/spots\/podium-de-piek\/\">Konzertsaal De Piek<\/a>, <a href=\"https:\/\/visitvlissingen.nl\/de\/spots\/sint-jacobskerk\/\">Die Sint-Jakobskirche<\/a>, <a href=\"https:\/\/visitvlissingen.nl\/de\/spots\/muzeeum\/\">das MuZEEum<\/a>, <a href=\"https:\/\/visitvlissingen.nl\/de\/spots\/pathevlissingen\/\">Path\u00e9 Vlissingen<\/a> en Deutsch <a href=\"https:\/\/visitvlissingen.nl\/de\/spots\/zb-vlissingen\/\">ZB Vlissingen<\/a> automatisch geladen wordt. Hierbij bouwen we slim voort op de regionale ontwikkeling van de Zeeuwse Uitagenda, die onder regie van de Zeeuwse Cultuur Organisatie (ZCO) wordt gerealiseerd. Dankzij deze koppeling wordt bestaand cultureel aanbod optimaal benut en kunnen we lokale programmering effici\u00ebnt en actueel presenteren aan een breed publiek.<\/p>\n<p>Wir gehen aktiv auf Kulturveranstalter zu, die (noch) nicht dem ZCO angeschlossen sind, und ermutigen sie, ihr Programm mit uns zu teilen. Auf diese Weise machen wir das gesamte kulturelle Angebot Vlissingens so sichtbar und zug\u00e4nglich wie m\u00f6glich.<\/p>\n<p>Neben dem Kulturprogramm bieten wir auch viel Platz f\u00fcr Veranstaltungen. Gro\u00dfe und kleine Aktivit\u00e4ten erhalten einen Platz auf speziellen Veranstaltungsseiten, und wir unterst\u00fctzen gegebenenfalls die Sichtbarkeit von Veranstaltungen auf lokaler, regionaler und nationaler Ebene durch gezielte Publikumskampagnen. Auf diese Weise f\u00f6rdern wir die Teilnahme, den Besuch und das Engagement und tragen zum lebendigen Charakter der Stadt bei.<\/p>\n<\/div>\n                                                                                                        <\/div>\n                            <\/div>\n                                            \n                <\/div>\n            <\/div>\n        <\/div>\n    <\/section>\n\n\n<section class=\"block block--image-slider\">\n            <div class=\"container px-5 px-lg-8\">\n                <div class=\"row justify-content-center\">\n                    <div class=\"col-xxl-10\">\n                        <div class=\"block--image-slider__swiper swiper-container swiper-box\">\n                            <div class=\"swiper-wrapper\">\n                                                                                                            <div class=\"swiper-slide\">\n                                            <figure class=\"d-flex align-items-center justify-content-center image block--image-slider__swiper__img\">\n                                                <img decoding=\"async\" class=\"image-position--center\" src=\"https:\/\/visitvlissingen.nl\/wp-content\/uploads\/2026\/01\/DSC6834x-kustlijn-oranje-molen.jpg\" loading=\"lazy\" alt=\"\">\n\n                                                                                                                                                    <div class=\"block--image-slider__swiper__img__right\">\n                                                        <svg preserveaspectratio=\"none\" viewbox=\"0 0 55 560\" class=\"h-100\" fill=\"none\" xmlns=\"http:\/\/www.w3.org\/2000\/svg\">\n        <path d=\"M39.1165 141L0 141L0 100.11L12.9063 0L42.2916 0L55 100.11L55 141L39.1165 141Z\" fill=\"#0D3A3E\"\/>\n        <path d=\"M39.1165 420L0 420L0 379.4L12.9063 280L42.2916 280L55 379.4L55 420L39.1165 420Z\" fill=\"#0D3A3E\"\/>\n        <path d=\"M39.1165 141L0 141L0 181.6L12.9063 281L42.2916 281L55 181.6L55 141L39.1165 141Z\" fill=\"#0D3A3E\"\/>\n        <path d=\"M39.1165 419L0 419L0 459.89L12.9063 560L42.2916 560L55 459.89L55 419L39.1165 419Z\" fill=\"#0D3A3E\"\/>\n    <\/svg>\n                                                    <\/div>\n                                                                                            <\/figure>\n                                        <\/div>\n                                                                                                                                                <div class=\"swiper-slide\">\n                                            <figure class=\"d-flex align-items-center justify-content-center image block--image-slider__swiper__img\">\n                                                <img decoding=\"async\" class=\"image-position--center\" src=\"https:\/\/visitvlissingen.nl\/wp-content\/uploads\/2025\/10\/MKZ2963-5-mei-scheldekwartier.jpg\" loading=\"lazy\" alt=\"\">\n\n                                                                                                    <div class=\"block--map-images__swiper__img__left\">\n                                                        <svg preserveaspectratio=\"none\" viewbox=\"0 0 56 561\" class=\"h-100\" fill=\"none\" xmlns=\"http:\/\/www.w3.org\/2000\/svg\">\n        <path d=\"M39.8277 280L0 280L0 320.6L13.141 420L43.0605 420L56 320.6L56 280L39.8277 280Z\" fill=\"#0D3A3E\"\/>\n        <path d=\"M39.8277 280L0 280L0 239.4L13.141 140L43.0605 140L56 239.4L56 280L39.8277 280Z\" fill=\"#0D3A3E\"\/>\n        <path d=\"M39.8277 561H0L0 520.11L13.141 420L43.0605 420L56 520.11L56 561L39.8277 561Z\" fill=\"#0D3A3E\"\/>\n        <path d=\"M39.8277 0L0 0L0 40.8905L13.141 141L43.0605 141L56 40.8905L56 0L39.8277 0Z\" fill=\"#0D3A3E\"\/>\n    <\/svg>\n                                                    <\/div>\n                                                                                                                                            <\/figure>\n                                        <\/div>\n                                                                                                <\/div>\n                            <div class=\"swiper-controls d-flex justify-content-end mt-4 color-blue-secondary\">\n    <button tabindex=\"0\" type=\"button\" class=\"me-3 swiper-button swiper-button--prev block--image-slider__nav block--image-slider__nav-swiper-button--prev\" aria-label=\"Vorheriges Dia\">\n        <div class=\"link-arrow\">\n                    <span class=\"\">\n                <i class=\"icon icon-arrow-left\" aria-hidden=\"true\"><\/i>\n            <\/span>\n        \n            <\/div>\n    <\/button>\n    <button tabindex=\"0\" type=\"button\" class=\"swiper-button swiper-button--next block--image-slider__nav block--image-slider__nav-swiper-button--next\" aria-label=\"N\u00e4chste Folie\">\n        <div class=\"link-arrow\">\n                    <span class=\"\">\n                <i class=\"icon icon-arrow-right\" aria-hidden=\"true\"><\/i>\n            <\/span>\n        \n            <\/div>\n    <\/button>\n<\/div>\n                        <\/div>\n                    <\/div>\n                <\/div>\n            <\/div>\n        <\/section>\n    \n\n<section class=\"block block--text\">\n        <div class=\"container px-5 px-lg-8\">\n            <div class=\"row justify-content-center\">\n                <div class=\"col-xxl-10\">\n                                                                        <div class=\"row\">\n                                <div class=\"col-xxxl-5 col-xl-6\">\n                                                                                                                <div class=\"text-wrapper\"><h2>Entdecken, tun und erleben<\/h2>\n<p>Unter der Rubrik \"Sehen &amp; Tun\" finden Besucher der Website praktische und inspirierende Tipps zu Kultur, Natur, Essen &amp; Trinken, Shopping, Unterkunft und Unterhaltung. Au\u00dferdem gibt es Seiten zu bestimmten Gegenden und Hotspots in der Stadt, wie z. B. der Promenade, dem Stadtzentrum und der Kenniswerf.<\/p>\n<p>&nbsp;<\/p>\n<h2>Mit der Stadt gemacht<\/h2>\n<p>Die Entwicklung von Visitvlissingen.nl erfolgt in enger Zusammenarbeit mit lokalen Partnern, darunter die VLOC (Vlissinger Unternehmerzentrale), KHN Vlissingen, die Kultureinrichtungen der Stadt und die Partner von <a href=\"https:\/\/visitvlissingen.nl\/de\/hotspot\/kenniswerf\/\">Der Wissens-Werft<\/a> (Bildung und Wirtschaft). Dieser gemeinsame Ansatz gew\u00e4hrleistet, dass die Plattform die Stadt wirklich widerspiegelt.<\/p>\n<p>&nbsp;<\/p>\n<h2>Strategische Positionierung<\/h2>\n<p>Visitvlissingen.nl untermauert die strategische Ausrichtung des Stadtmarketings:<\/p>\n<ul>\n<li>Flissingen <a href=\"https:\/\/visitvlissingen.nl\/de\/werken-en-studeren\/hotspot-voor-delta-innovatie\/\">Hotspot f\u00fcr Delta-Innovation<\/a>, mit der Kenniswerf als Treiber von Wissen und Innovation;<\/li>\n<li>Vlissingen Event City, als kulturelles Reiseziel am Meer mit eigener Atmosph\u00e4re und Handschrift.<\/li>\n<\/ul>\n<p>Indem Visitvlissingen.nl verbindet, pr\u00e4sentiert und aufwertet, tr\u00e4gt es zu einem positiven und erkennbaren Image von Vlissingen bei, einer Stadt, in der alle M\u00f6glichkeiten zusammenlaufen.<\/p>\n<\/div>\n                                                                                                        <\/div>\n                            <\/div>\n                                            \n                <\/div>\n            <\/div>\n        <\/div>\n    <\/section>","protected":false},"excerpt":{"rendered":"","protected":false},"author":7,"featured_media":0,"parent":0,"menu_order":6,"comment_status":"closed","ping_status":"closed","template":"","meta":{"_acf_changed":false,"_seopress_robots_primary_cat":"","_seopress_titles_title":"Visit Vlissingen | Over ons | Citymarketing platform","_seopress_titles_desc":"Visit Vlissingen is h\u00e9t platform om alles te ontdekken over wonen, werken, studeren en genieten aan zee voor alle doelgroepen","_seopress_robots_index":"","footnotes":""},"class_list":["post-2265","page","type-page","status-publish"],"acf":[],"_links":{"self":[{"href":"https:\/\/visitvlissingen.nl\/de\/wp-json\/wp\/v2\/pages\/2265","targetHints":{"allow":["GET"]}}],"collection":[{"href":"https:\/\/visitvlissingen.nl\/de\/wp-json\/wp\/v2\/pages"}],"about":[{"href":"https:\/\/visitvlissingen.nl\/de\/wp-json\/wp\/v2\/types\/page"}],"author":[{"embeddable":true,"href":"https:\/\/visitvlissingen.nl\/de\/wp-json\/wp\/v2\/users\/7"}],"replies":[{"embeddable":true,"href":"https:\/\/visitvlissingen.nl\/de\/wp-json\/wp\/v2\/comments?post=2265"}],"version-history":[{"count":10,"href":"https:\/\/visitvlissingen.nl\/de\/wp-json\/wp\/v2\/pages\/2265\/revisions"}],"predecessor-version":[{"id":4589,"href":"https:\/\/visitvlissingen.nl\/de\/wp-json\/wp\/v2\/pages\/2265\/revisions\/4589"}],"wp:attachment":[{"href":"https:\/\/visitvlissingen.nl\/de\/wp-json\/wp\/v2\/media?parent=2265"}],"curies":[{"name":"wp","href":"https:\/\/api.w.org\/{rel}","templated":true}]}}