{"id":2269,"date":"2025-05-21T08:37:21","date_gmt":"2025-05-21T06:37:21","guid":{"rendered":"https:\/\/visitvlissingen.nl\/?page_id=2269"},"modified":"2025-11-24T15:18:16","modified_gmt":"2025-11-24T14:18:16","slug":"over-het-logo","status":"publish","type":"page","link":"https:\/\/visitvlissingen.nl\/de\/over-het-logo\/","title":{"rendered":"\u00dcber das Stadtlogo"},"content":{"rendered":"<section class=\"block background-blue-primary block--header block--no-spacing-top\">\n    <div class=\"container px-5 px-lg-8\">\n        <div class=\"block--header__swiper swiper-container swiper-box disable-auto-height-from-lg\">\n            <div class=\"swiper-wrapper\">\n                                     \n\n                    <div class=\"swiper-slide\">\n                        <div class=\"row gx-7 h-100\">\n                            <div class=\"col-xxxl-5 col-xxl-5 col-xl-6 d-flex justify-content-between flex-column\">\n                                <div class=\"mt-4\">\n                                                                                                                                                                                                                                                                                                                                                                                                                                                                                                                                                                                                                                                                                                                                                                            <\/div>\n\n                                <div class=\"block--header__text ps-xxxl-9\">\n                                    \n                                                                            <h1 class=\"d-none d-lg-block\" >\u00dcber das Logo<\/h1>\n    <h1 class=\"d-block d-lg-none\" >\u00dcber das Logo<\/h1>\n                                    \n                                    \n                                    \n                                                                                                                                                    \n                                                                    <\/div>\n                                <div><\/div>\n                            <\/div>\n                            <div class=\"mt-7 mt-xl-0 col-xxxl-6 col-xxl-7 col-xl-6 offset-xxxl-1 pe-xxxl-9\">\n                                                                                                                                                                                                                        <\/div>\n                        <\/div>\n                    <\/div>\n                            <\/div>\n        <\/div>\n    <\/div>\n    <div class=\"waves\">\n        <div class=\"waves__wave waves__wave--green-secondary\"><\/div>\n    <\/div>\n<\/section>\n\n\n<section class=\"block block--text block--no-spacing-top\">\n        <div class=\"container px-5 px-lg-8\">\n            <div class=\"row justify-content-center\">\n                <div class=\"col-xxl-10\">\n                                                                        <div class=\"row\">\n                                <div class=\"col-xxxl-5 col-xl-6\">\n                                    <h2 class=\"wp-block-text d-none d-lg-block\" >Vlissingen, Stadt mit Charakter<\/h2>\n    <h2 class=\"wp-block-text d-block d-lg-none\" >Vlissingen, Stadt mit Charakter<\/h2>\n                                                                            <div class=\"text-wrapper\"><p>Eine Stadt zeigt sich in dem, was sie sagt, wie sie klingt und wie sie aussieht. In Menschen, Bildern, Geschichten und Stil. Das Stadtlogo ist dabei ein fester Bestandteil: ein erkennbarer Absender f\u00fcr das, was in, durch und im Namen der Stadt geteilt wird. Auf dieser Seite k\u00f6nnen Sie lesen, warum wir uns f\u00fcr ein eigenes Stadtlogo entschieden haben - und wie es zur Identit\u00e4t von Vlissingen passt.<\/p>\n<p>Vlissingen ist eine Stadt mit Charakter - und das zeigt sich auch darin, wie wir sie pr\u00e4sentieren. Auf dieser Website verwenden wir die <strong>Stadtlogo VLISSINGEN<\/strong>: kraftvoll, klar und ohne Zus\u00e4tze. Keine Slogans, kein Schnickschnack. Einfach: Flushing.<\/p>\n<p>Wir tun dies ganz bewusst. Denn diese Website ist Teil des Citymarketing Vlissingen, das sich an alle wendet, die in Vlissingen leben, arbeiten, studieren, Gesch\u00e4fte machen oder Vlissingen besuchen. Wir erz\u00e4hlen die Geschichte von Vlissingen, wie sie wirklich ist: ungeschliffen, maritim, bunt und in Bewegung.<\/p>\n<p>&nbsp;<\/p>\n<h2>\u00dcber das Logo<\/h2>\n<p>Das Logo der Stadt besteht aus einem einzigen starken Wort: <strong>FLISSINGEN<\/strong>. In Gro\u00dfbuchstaben, gestaltet in der Schriftart <strong>Bulevard<\/strong> - eine bewusste Anspielung auf den f\u00fcr die Stadt so charakteristischen Boulevard. Der Schriftzug ist robust, offen und sofort zu erkennen! VLISSINGEN\".<\/p>\n<p>Das Besondere an dem Logo ist, dass es <strong>bewegt sich mit den Gezeiten der Westerschelde<\/strong>. Durch eine Echtzeit-Verbindung zu den tats\u00e4chlichen Wasserst\u00e4nden \u00e4ndert sich die Form subtil mit Ebbe und Flut. Diese Bewegung ist eine direkte \u00dcbersetzung der <strong>Die maritime DNA von Vlissingen<\/strong>. Eine Stadt, die mit dem Wasser lebt, sich mit der Str\u00f6mung ver\u00e4ndert, aber immer ihrem Charakter treu bleibt.<\/p>\n<p>Das Logo ist also kein feststehendes Bild, sondern <strong>Eine Identit\u00e4t, die sich bewegt - genau wie Flushing.<\/strong><\/p>\n<p><strong>\u00a0<\/strong><\/p>\n<h2>Warum nicht das st\u00e4dtische Logo?<\/h2>\n<p>F\u00fcr das Stadtmarketing nutzen wir <strong>nicht das st\u00e4dtische Logo<\/strong>Denn das Stadtmarketing spielt eine andere Rolle als die formelle Kommunikation der Stadtverwaltung. Es gibt n\u00e4mlich einen Unterschied zwischen:<\/p>\n<ul>\n<li><strong>Die Gemeinde Vlissingen<\/strong> - die Organisation, die Politik macht, sie umsetzt und die Bewohner unterst\u00fctzt.<\/li>\n<li><strong>Die Stadt Vlissingen<\/strong> - der Ort, an dem Menschen leben, arbeiten (einschlie\u00dflich Unternehmen und Investitionen), studieren und sich erholen.<\/li>\n<\/ul>\n<p>Diese beiden Welten brauchen ihr eigenes Erscheinungsbild. Das st\u00e4dtische Logo geh\u00f6rt auf Briefe, Genehmigungen und politische Dokumente. Das Stadtlogo geh\u00f6rt auf die Geschichten, Veranstaltungen und Initiativen, die die Stadt zum Leben erwecken.<\/p>\n<p>&nbsp;<\/p>\n<h2>Eine Seite nach au\u00dfen<\/h2>\n<p>Das Stadtlogo VLISSINGEN wird f\u00fcr Kampagnen, Partnerschaften und Werbung verwendet. Dies schafft einen erkennbaren Absender f\u00fcr alles, was wir \u00fcber die Stadt sagen - von kulturellen Aktivit\u00e4ten bis hin zu wirkungsvollen (Delta-)Innovationen.<\/p>\n<p>Flushing ist vielschichtig, aber immer selbst. Und das ist genau das, was wir zeigen wollen.<\/p>\n<p>&nbsp;<\/p>\n<h2>Einrichtung<\/h2>\n<p>Der Entwurf des Stadtlogos entstand in Zusammenarbeit mit mehreren Parteien: der <strong>Lenkungsgruppe Stadtmarketing Vlissingen<\/strong>die <strong>VLOC<\/strong>, <strong>Kultureinrichtungen<\/strong>die <strong>Partner von Knowledge Wharf<\/strong> und die internen Akteure der Gemeinde. Das Logo steht im Einklang mit der DNA von Vlissingen, der strategischen Vision der Stadt und ihrer wirtschaftlichen Positionierung als <strong>hotspot f\u00fcr delta innovation<\/strong>.<\/p>\n<\/div>\n                                                                                                        <\/div>\n                            <\/div>\n                                            \n                <\/div>\n            <\/div>\n        <\/div>\n    <\/section>","protected":false},"excerpt":{"rendered":"","protected":false},"author":7,"featured_media":0,"parent":0,"menu_order":5,"comment_status":"closed","ping_status":"closed","template":"","meta":{"_acf_changed":false,"_seopress_robots_primary_cat":"","_seopress_titles_title":"Visit Vlissingen | Stadslogo Vlissingen | Maritieme stad","_seopress_titles_desc":"Ontdek het stadslogo van Vlissingen met een maritiem en dynamisch ontwerp dat het karakter van de stad en de citymarketing laat zien","_seopress_robots_index":"","footnotes":""},"class_list":["post-2269","page","type-page","status-publish"],"acf":[],"_links":{"self":[{"href":"https:\/\/visitvlissingen.nl\/de\/wp-json\/wp\/v2\/pages\/2269","targetHints":{"allow":["GET"]}}],"collection":[{"href":"https:\/\/visitvlissingen.nl\/de\/wp-json\/wp\/v2\/pages"}],"about":[{"href":"https:\/\/visitvlissingen.nl\/de\/wp-json\/wp\/v2\/types\/page"}],"author":[{"embeddable":true,"href":"https:\/\/visitvlissingen.nl\/de\/wp-json\/wp\/v2\/users\/7"}],"replies":[{"embeddable":true,"href":"https:\/\/visitvlissingen.nl\/de\/wp-json\/wp\/v2\/comments?post=2269"}],"version-history":[{"count":11,"href":"https:\/\/visitvlissingen.nl\/de\/wp-json\/wp\/v2\/pages\/2269\/revisions"}],"predecessor-version":[{"id":3468,"href":"https:\/\/visitvlissingen.nl\/de\/wp-json\/wp\/v2\/pages\/2269\/revisions\/3468"}],"wp:attachment":[{"href":"https:\/\/visitvlissingen.nl\/de\/wp-json\/wp\/v2\/media?parent=2269"}],"curies":[{"name":"wp","href":"https:\/\/api.w.org\/{rel}","templated":true}]}}