{"id":347,"date":"2024-11-05T10:31:51","date_gmt":"2024-11-05T09:31:51","guid":{"rendered":"https:\/\/visitvlissingen.nl\/?page_id=347"},"modified":"2025-11-24T15:24:14","modified_gmt":"2025-11-24T14:24:14","slug":"cultuur-snuiven","status":"publish","type":"page","link":"https:\/\/visitvlissingen.nl\/de\/zien-doen\/cultuur-snuiven\/","title":{"rendered":"Kultur tanken"},"content":{"rendered":"<section class=\"block background-purple block--header block--no-spacing-top\">\n    <div class=\"container ps-5 ps-lg-8 pe-0\">\n        <div class=\"block--header__swiper swiper-container swiper-box disable-auto-height-from-lg\">\n            <div class=\"swiper-wrapper\">\n                                     \n\n                    <div class=\"swiper-slide\">\n                        <div class=\"row me-0 gx-7 h-100\">\n                            <div class=\"col-xxxl-5 col-xxl-5 col-xl-6 d-flex justify-content-between flex-column\">\n                                <div class=\"mt-4\">\n                                                                                                                                                                                                                                                                                                                                                                                                                                                                                                                                                                                                                                                                                                                                                                                    <a\n        href=\"https:\/\/visitvlissingen.nl\/de\/zien-doen\/\"\n         target=\"\"                 class=\"link-arrow block--header__archive mb-4 mb-xl-0\"\n    >\n                    <span class=\"me-4\">\n                <i class=\"icon icon-arrow-left\"><\/i>\n            <\/span>\n        \n                    <span>Zur\u00fcck zu Sehen &amp; Tun<\/span>\n            <\/a>\n                                                                    <\/div>\n\n                                <div class=\"block--header__text ps-xxxl-9\">\n                                    \n                                                                            <h1 class=\"d-none d-lg-block\" >Kultur tanken<\/h1>\n    <h1 class=\"d-block d-lg-none\" >Kultur tanken<\/h1>\n                                    \n                                                                            <div class=\"text-wrapper\"><p>Kultur schnuppern in Vlissingen ist ein Erlebnis, das man nicht verpassen sollte. Wir atmen nicht nur eine reiche maritime Geschichte, sondern auch die Energie der Zukunft. Bewundern Sie die ikonischen Schiffe, erfahren Sie mehr \u00fcber die Seeleute, die diese Stadt gro\u00df gemacht haben, oder besuchen Sie die kreativen Kunstprojekte der lokalen K\u00fcnstler. Vlissingen bietet eine unvergessliche Kulturreise f\u00fcr Jung und Alt.<\/p>\n<\/div>\n                                    \n                                    \n                                                                                                                                                    \n                                                                    <\/div>\n                                <div><\/div>\n                            <\/div>\n                            <div class=\"mt-7 mt-xl-0 col-xxxl-6 col-xxl-7 col-xl-6 offset-xxxl-1 pe-0\">\n                                                                                                                    <figure\n        class=\"image block--header__image block--header__image--medium z-1\"\n        \n    >\n        <img decoding=\"async\"\n            class=\"image-position--center\"\n            src=\"https:\/\/visitvlissingen.nl\/wp-content\/uploads\/2025\/05\/251A1179-kopie.webp\"\n            alt=\"\"\n            loading=\"lazy\"\n        \/>\n        \n    <\/figure>\n                                                                                                    <\/div>\n                        <\/div>\n                    <\/div>\n                            <\/div>\n        <\/div>\n    <\/div>\n    <div class=\"waves\">\n        <div class=\"waves__wave waves__wave--green-secondary\"><\/div>\n    <\/div>\n<\/section>\n\n\n<section class=\"block block--spots\">\n            <div class=\"container px-5 px-lg-8\">\n                <div class=\"row mb-5\">\n                    <div class=\"col my-auto\">\n                        <h2 class=\"mb-0 align-title d-none d-lg-block\" >Historische Sehensw\u00fcrdigkeiten<\/h2>\n    <h2 class=\"mb-0 align-title d-block d-lg-none\" >Historische Sehensw\u00fcrdigkeiten<\/h2>\n                    <\/div>\n                    <div class=\"col-auto my-auto d-none d-lg-block\">\n                        <a\n                    href=\"https:\/\/visitvlissingen.nl\/de\/zien-doen\/cultuur-snuiven\/historischebezienswaardigheden\/\"\n                        tabindex=\"0\"\n                class=\"btn btn--perzik-purple wp-block-spots\"\n            >\n        Mehr sehen\n        \n    <\/a>\n\n                        <\/div>\n                <\/div>\n                <div class=\"block--spots__swiper swiper-container swiper-box position-relative pb-3 disable-auto-height-from-lg\">\n                    <div class=\"swiper-wrapper\">\n                                                                                <div class=\"swiper-slide\">\n                                <article class=\"spot-item theme-bottom-right-triangle\">\n    <a class=\"d-block\" tabindex=\"0\" href=\"https:\/\/visitvlissingen.nl\/de\/spots\/standbeeld-michiel-de-ruyter\/\" aria-label=\"Diesen Spot ansehen\">\n                    <figure class=\"image spot-item__image scale-on-hover\">\n                <img decoding=\"async\" class=\"image-position--center\" src=\"https:\/\/visitvlissingen.nl\/wp-content\/uploads\/2025\/10\/Michiel-de-Ruyter.jpg\" alt=\"\"  loading=\"lazy\">\n            <\/figure>\n                <div class=\"spot-item__content p-6 flex-grow-1\">\n            <div>\n                                    <div class=\"cats-meta mb-3 color-blue-secondary\">\n                    <span class=\"d-inline-flex me-3\">\n                                <span class=\"cats-meta__item\">Historische Sehensw\u00fcrdigkeiten<\/span>\n            <\/span>\n            <\/div>\n                                <h3 class=\"mb-3\">Statue von Michiel de Ruyter<\/h3>\n                                    <div class=\"text--wrapper\">Michiel de Ruyter verteidigte im 17. Jahrhundert die niederl\u00e4ndische Flotte. Es ist also nicht nur ein Ort, an dem man Schiffe beobachten kann, sondern auch ein Ort, an dem man sich einen Moment Zeit nimmt, um \u00fcber die reiche maritime Geschichte Vlissingens nachzudenken.<\/div>\n                \n                <div class=\"link-arrow mt-4 color-blue-secondary\">\n                    <span class=\"me-4\">\n                <i class=\"icon icon-arrow-right\" aria-hidden=\"true\"><\/i>\n            <\/span>\n        \n                    <span>Diesen Spot ansehen<\/span>\n            <\/div>\n            <\/div>\n        <\/div>\n    <\/a>\n<\/article>\n\n                            <\/div>\n                                                                                <div class=\"swiper-slide\">\n                                <article class=\"spot-item theme-bottom-right-triangle\">\n    <a class=\"d-block\" tabindex=\"0\" href=\"https:\/\/visitvlissingen.nl\/de\/spots\/karolingische-burg\/\" aria-label=\"Diesen Spot ansehen\">\n                    <figure class=\"image spot-item__image scale-on-hover\">\n                <img decoding=\"async\" class=\"image-position--center\" src=\"https:\/\/visitvlissingen.nl\/wp-content\/uploads\/2025\/03\/GemVlisCityMarketingJuni25-Karolingenburg01.jpg\" alt=\"\"  loading=\"lazy\">\n            <\/figure>\n                <div class=\"spot-item__content p-6 flex-grow-1\">\n            <div>\n                                    <div class=\"cats-meta mb-3 color-blue-secondary\">\n                    <span class=\"d-inline-flex me-3\">\n                                <span class=\"cats-meta__item\">Historische Sehensw\u00fcrdigkeiten<\/span>\n            <\/span>\n            <\/div>\n                                <h3 class=\"mb-3\">Karolingische Burg<\/h3>\n                                    <div class=\"text--wrapper\">Im Herzen von Oost-Souburg liegt die Carolingische Burg, eine beeindruckende Ringmauer aus dem 9. Jahrhundert. <\/div>\n                \n                <div class=\"link-arrow mt-4 color-blue-secondary\">\n                    <span class=\"me-4\">\n                <i class=\"icon icon-arrow-right\" aria-hidden=\"true\"><\/i>\n            <\/span>\n        \n                    <span>Diesen Spot ansehen<\/span>\n            <\/div>\n            <\/div>\n        <\/div>\n    <\/a>\n<\/article>\n\n                            <\/div>\n                                                                                <div class=\"swiper-slide\">\n                                <article class=\"spot-item theme-bottom-right-triangle\">\n    <a class=\"d-block\" tabindex=\"0\" href=\"https:\/\/visitvlissingen.nl\/de\/spots\/standbeeld-pieter-louwerse\/\" aria-label=\"Diesen Spot ansehen\">\n                    <figure class=\"image spot-item__image scale-on-hover\">\n                <img decoding=\"async\" class=\"image-position--center\" src=\"https:\/\/visitvlissingen.nl\/wp-content\/uploads\/2025\/06\/Image-7.jpg\" alt=\"\"  loading=\"lazy\">\n            <\/figure>\n                <div class=\"spot-item__content p-6 flex-grow-1\">\n            <div>\n                                    <div class=\"cats-meta mb-3 color-blue-secondary\">\n                    <span class=\"d-inline-flex me-3\">\n                                <span class=\"cats-meta__item\">Historische Sehensw\u00fcrdigkeiten<\/span>\n            <\/span>\n            <\/div>\n                                <h3 class=\"mb-3\">Statue von Pieter Louwerse<\/h3>\n                                    <div class=\"text--wrapper\">Die Statue von Pieter Louwerse erinnert an den beliebten Souburger Geschichtenerz\u00e4hler und Autor zahlreicher Kinderb\u00fccher und Lieder.<\/div>\n                \n                <div class=\"link-arrow mt-4 color-blue-secondary\">\n                    <span class=\"me-4\">\n                <i class=\"icon icon-arrow-right\" aria-hidden=\"true\"><\/i>\n            <\/span>\n        \n                    <span>Diesen Spot ansehen<\/span>\n            <\/div>\n            <\/div>\n        <\/div>\n    <\/a>\n<\/article>\n\n                            <\/div>\n                                                                                <div class=\"swiper-slide\">\n                                <article class=\"spot-item theme-bottom-right-triangle\">\n    <a class=\"d-block\" tabindex=\"0\" href=\"https:\/\/visitvlissingen.nl\/de\/spots\/de-machinefabriek\/\" aria-label=\"Diesen Spot ansehen\">\n                    <figure class=\"image spot-item__image scale-on-hover\">\n                <img decoding=\"async\" class=\"image-position--center\" src=\"https:\/\/visitvlissingen.nl\/wp-content\/uploads\/2025\/04\/GemVlisCityMarketingJuni25-Machinefabriek02.jpg\" alt=\"\"  loading=\"lazy\">\n            <\/figure>\n                <div class=\"spot-item__content p-6 flex-grow-1\">\n            <div>\n                                    <div class=\"cats-meta mb-3 color-blue-secondary\">\n                    <span class=\"d-inline-flex me-3\">\n                                <span class=\"cats-meta__item\">Historische Sehensw\u00fcrdigkeiten<\/span>\n            <\/span>\n            <\/div>\n                                <h3 class=\"mb-3\">Die Maschinenfabrik<\/h3>\n                                    <div class=\"text--wrapper\">Die Machinefabriek, ein ikonisches Geb\u00e4ude im Scheldeviertel von Vlissingen, ist ein imposantes St\u00fcck Industriekultur aus der Zeit, als die Stadt als Schiffbauzentrum florierte. <\/div>\n                \n                <div class=\"link-arrow mt-4 color-blue-secondary\">\n                    <span class=\"me-4\">\n                <i class=\"icon icon-arrow-right\" aria-hidden=\"true\"><\/i>\n            <\/span>\n        \n                    <span>Diesen Spot ansehen<\/span>\n            <\/div>\n            <\/div>\n        <\/div>\n    <\/a>\n<\/article>\n\n                            <\/div>\n                                                                                <div class=\"swiper-slide\">\n                                <article class=\"spot-item theme-bottom-right-triangle\">\n    <a class=\"d-block\" tabindex=\"0\" href=\"https:\/\/visitvlissingen.nl\/de\/spots\/kazematten-tijdelijk-gesloten\/\" aria-label=\"Diesen Spot ansehen\">\n                    <figure class=\"image spot-item__image scale-on-hover\">\n                <img decoding=\"async\" class=\"image-position--center\" src=\"https:\/\/visitvlissingen.nl\/wp-content\/uploads\/2025\/04\/DSC5804x-boulevard-kazematten-bewwit.jpg\" alt=\"\"  loading=\"lazy\">\n            <\/figure>\n                <div class=\"spot-item__content p-6 flex-grow-1\">\n            <div>\n                                    <div class=\"cats-meta mb-3 color-blue-secondary\">\n                    <span class=\"d-inline-flex me-3\">\n                                <span class=\"cats-meta__item\">Historische Sehensw\u00fcrdigkeiten<\/span>\n            <\/span>\n            <\/div>\n                                <h3 class=\"mb-3\">Kasematten (vor\u00fcbergehend geschlossen)<\/h3>\n                                    <div class=\"text--wrapper\">Die Kasematten von Vlissingen sind ein beeindruckendes historisches Bauwerk, das Teil des K\u00fcstenschutzsystems ist.<\/div>\n                \n                <div class=\"link-arrow mt-4 color-blue-secondary\">\n                    <span class=\"me-4\">\n                <i class=\"icon icon-arrow-right\" aria-hidden=\"true\"><\/i>\n            <\/span>\n        \n                    <span>Diesen Spot ansehen<\/span>\n            <\/div>\n            <\/div>\n        <\/div>\n    <\/a>\n<\/article>\n\n                            <\/div>\n                                                                                <div class=\"swiper-slide\">\n                                <article class=\"spot-item theme-bottom-right-triangle\">\n    <a class=\"d-block\" tabindex=\"0\" href=\"https:\/\/visitvlissingen.nl\/de\/spots\/sint-jacobskerk\/\" aria-label=\"Diesen Spot ansehen\">\n                    <figure class=\"image spot-item__image scale-on-hover\">\n                <img decoding=\"async\" class=\"image-position--center\" src=\"https:\/\/visitvlissingen.nl\/wp-content\/uploads\/2025\/03\/Cultuurpodium-Sint-Jacobskerk-2.jpg\" alt=\"\"  loading=\"lazy\">\n            <\/figure>\n                <div class=\"spot-item__content p-6 flex-grow-1\">\n            <div>\n                                    <div class=\"cats-meta mb-3 color-blue-secondary\">\n                    <span class=\"d-inline-flex me-3\">\n                                <span class=\"cats-meta__item\">Historische Sehensw\u00fcrdigkeiten<\/span>\n            <\/span>\n            <\/div>\n                                <h3 class=\"mb-3\">St. Jakobus Kirche<\/h3>\n                                    <div class=\"text--wrapper\">Die am Oude Markt in Vlissingen gelegene Sint Jacobskerk ist ein monumentales Kirchengeb\u00e4ude mit einer reichen Geschichte, die bis ins 14. <\/div>\n                \n                <div class=\"link-arrow mt-4 color-blue-secondary\">\n                    <span class=\"me-4\">\n                <i class=\"icon icon-arrow-right\" aria-hidden=\"true\"><\/i>\n            <\/span>\n        \n                    <span>Diesen Spot ansehen<\/span>\n            <\/div>\n            <\/div>\n        <\/div>\n    <\/a>\n<\/article>\n\n                            <\/div>\n                                                                    <\/div>\n                    <div class=\"swiper-controls d-flex justify-content-end mt-4 color-blue-secondary\">\n    <button tabindex=\"0\" type=\"button\" class=\"me-3 swiper-button swiper-button--prev block--spots__swiper__nav block--spots__swiper__nav-swiper-button--prev\" aria-label=\"Vorheriges Dia\">\n        <div class=\"link-arrow color-blue-secondary\">\n                    <span class=\"\">\n                <i class=\"icon icon-arrow-left\" aria-hidden=\"true\"><\/i>\n            <\/span>\n        \n            <\/div>\n    <\/button>\n    <button tabindex=\"0\" type=\"button\" class=\"swiper-button swiper-button--next block--spots__swiper__nav block--spots__swiper__nav-swiper-button--next\" aria-label=\"N\u00e4chste Folie\">\n        <div class=\"link-arrow color-blue-secondary\">\n                    <span class=\"\">\n                <i class=\"icon icon-arrow-right\" aria-hidden=\"true\"><\/i>\n            <\/span>\n        \n            <\/div>\n    <\/button>\n<\/div>\n                <\/div>\n                <div class=\"d-flex justify-content-end d-lg-none mt-4 mb-3\">\n                    <a\n                    href=\"https:\/\/visitvlissingen.nl\/de\/zien-doen\/cultuur-snuiven\/historischebezienswaardigheden\/\"\n                        tabindex=\"0\"\n                class=\"btn btn--perzik-purple wp-block-spots\"\n            >\n        Mehr sehen\n        \n    <\/a>\n\n                    <\/div>\n            <\/div>\n        <\/section>\n    \n\n<section class=\"block block--spots\">\n            <div class=\"container px-5 px-lg-8\">\n                <div class=\"row mb-5\">\n                    <div class=\"col my-auto\">\n                        <h2 class=\"mb-0 align-title d-none d-lg-block\" >Museen<\/h2>\n    <h2 class=\"mb-0 align-title d-block d-lg-none\" >Museen<\/h2>\n                    <\/div>\n                    <div class=\"col-auto my-auto d-none d-lg-block\">\n                        <a\n                    href=\"https:\/\/visitvlissingen.nl\/de\/zien-doen\/cultuur-snuiven\/musea\/\"\n                        tabindex=\"0\"\n                class=\"btn btn--perzik-purple wp-block-spots\"\n            >\n        Mehr sehen\n        \n    <\/a>\n\n                        <\/div>\n                <\/div>\n                <div class=\"block--spots__swiper swiper-container swiper-box position-relative pb-3 disable-auto-height-from-lg\">\n                    <div class=\"swiper-wrapper\">\n                                                                                <div class=\"swiper-slide\">\n                                <article class=\"spot-item theme-bottom-right-triangle\">\n    <a class=\"d-block\" tabindex=\"0\" href=\"https:\/\/visitvlissingen.nl\/de\/spots\/mercuur\/\" aria-label=\"Diesen Spot ansehen\">\n                    <figure class=\"image spot-item__image scale-on-hover\">\n                <img decoding=\"async\" class=\"image-position--center\" src=\"https:\/\/visitvlissingen.nl\/wp-content\/uploads\/2025\/03\/DSC7510-vlissingen-dokjevperry.jpg\" alt=\"\"  loading=\"lazy\">\n            <\/figure>\n                <div class=\"spot-item__content p-6 flex-grow-1\">\n            <div>\n                                    <div class=\"cats-meta mb-3 color-blue-secondary\">\n                    <span class=\"d-inline-flex me-3\">\n                                <span class=\"cats-meta__item\">Museen<\/span>\n            <\/span>\n            <\/div>\n                                <h3 class=\"mb-3\">Mercuur<\/h3>\n                                    <div class=\"text--wrapper\">Gehen Sie an Bord der Mercuur, einem ehemaligen niederl\u00e4ndischen Marineschiff, das heute als Museumsschiff in Vlissingen dient.<\/div>\n                \n                <div class=\"link-arrow mt-4 color-blue-secondary\">\n                    <span class=\"me-4\">\n                <i class=\"icon icon-arrow-right\" aria-hidden=\"true\"><\/i>\n            <\/span>\n        \n                    <span>Diesen Spot ansehen<\/span>\n            <\/div>\n            <\/div>\n        <\/div>\n    <\/a>\n<\/article>\n\n                            <\/div>\n                                                                                <div class=\"swiper-slide\">\n                                <article class=\"spot-item theme-bottom-right-triangle\">\n    <a class=\"d-block\" tabindex=\"0\" href=\"https:\/\/visitvlissingen.nl\/de\/spots\/muzeeum\/\" aria-label=\"Diesen Spot ansehen\">\n                    <figure class=\"image spot-item__image scale-on-hover\">\n                <img decoding=\"async\" class=\"image-position--center\" src=\"https:\/\/visitvlissingen.nl\/wp-content\/uploads\/2025\/02\/GemVlisCityMarketingJuni25-SkylineMuzeeum01.jpg\" alt=\"\"  loading=\"lazy\">\n            <\/figure>\n                <div class=\"spot-item__content p-6 flex-grow-1\">\n            <div>\n                                    <div class=\"cats-meta mb-3 color-blue-secondary\">\n                    <span class=\"d-inline-flex me-3\">\n                                <span class=\"cats-meta__item\">Museen<\/span>\n            <\/span>\n            <\/div>\n                                <h3 class=\"mb-3\">Maritimes Muzeeum Zeeland<\/h3>\n                                    <div class=\"text--wrapper\">Das muZEEum in Vlissingen ist ein vielseitiges und interaktives Museum, das die reiche maritime Geschichte Zeelands zum Leben erweckt. <\/div>\n                \n                <div class=\"link-arrow mt-4 color-blue-secondary\">\n                    <span class=\"me-4\">\n                <i class=\"icon icon-arrow-right\" aria-hidden=\"true\"><\/i>\n            <\/span>\n        \n                    <span>Diesen Spot ansehen<\/span>\n            <\/div>\n            <\/div>\n        <\/div>\n    <\/a>\n<\/article>\n\n                            <\/div>\n                                                                                <div class=\"swiper-slide\">\n                                <article class=\"spot-item theme-bottom-right-triangle\">\n    <a class=\"d-block\" tabindex=\"0\" href=\"https:\/\/visitvlissingen.nl\/de\/spots\/museum-scheldewerf\/\" aria-label=\"Diesen Spot ansehen\">\n                    <figure class=\"image spot-item__image scale-on-hover\">\n                <img decoding=\"async\" class=\"image-position--center\" src=\"https:\/\/visitvlissingen.nl\/wp-content\/uploads\/2025\/04\/DSC5112-x-Stoomhijskraan-Museum-Scheldewerf-bewwit.jpg\" alt=\"\"  loading=\"lazy\">\n            <\/figure>\n                <div class=\"spot-item__content p-6 flex-grow-1\">\n            <div>\n                                    <div class=\"cats-meta mb-3 color-blue-secondary\">\n                    <span class=\"d-inline-flex me-3\">\n                                <span class=\"cats-meta__item\">Museen<\/span>\n            <\/span>\n            <\/div>\n                                <h3 class=\"mb-3\">Museum Scheldewerf<\/h3>\n                                    <div class=\"text--wrapper\">Das Museum Scheldewerf erz\u00e4hlt die Geschichte der ber\u00fchmten Werft Koninklijke Maatschappij De Schelde, die seit 1875 eine wichtige Rolle im niederl\u00e4ndischen Schiffbau spielte. <\/div>\n                \n                <div class=\"link-arrow mt-4 color-blue-secondary\">\n                    <span class=\"me-4\">\n                <i class=\"icon icon-arrow-right\" aria-hidden=\"true\"><\/i>\n            <\/span>\n        \n                    <span>Diesen Spot ansehen<\/span>\n            <\/div>\n            <\/div>\n        <\/div>\n    <\/a>\n<\/article>\n\n                            <\/div>\n                                                                    <\/div>\n                    <div class=\"swiper-controls d-flex justify-content-end mt-4 color-blue-secondary\">\n    <button tabindex=\"0\" type=\"button\" class=\"me-3 swiper-button swiper-button--prev block--spots__swiper__nav block--spots__swiper__nav-swiper-button--prev\" aria-label=\"Vorheriges Dia\">\n        <div class=\"link-arrow color-blue-secondary\">\n                    <span class=\"\">\n                <i class=\"icon icon-arrow-left\" aria-hidden=\"true\"><\/i>\n            <\/span>\n        \n            <\/div>\n    <\/button>\n    <button tabindex=\"0\" type=\"button\" class=\"swiper-button swiper-button--next block--spots__swiper__nav block--spots__swiper__nav-swiper-button--next\" aria-label=\"N\u00e4chste Folie\">\n        <div class=\"link-arrow color-blue-secondary\">\n                    <span class=\"\">\n                <i class=\"icon icon-arrow-right\" aria-hidden=\"true\"><\/i>\n            <\/span>\n        \n            <\/div>\n    <\/button>\n<\/div>\n                <\/div>\n                <div class=\"d-flex justify-content-end d-lg-none mt-4 mb-3\">\n                    <a\n                    href=\"https:\/\/visitvlissingen.nl\/de\/zien-doen\/cultuur-snuiven\/musea\/\"\n                        tabindex=\"0\"\n                class=\"btn btn--perzik-purple wp-block-spots\"\n            >\n        Mehr sehen\n        \n    <\/a>\n\n                    <\/div>\n            <\/div>\n        <\/section>","protected":false},"excerpt":{"rendered":"","protected":false},"author":7,"featured_media":0,"parent":17,"menu_order":14,"comment_status":"closed","ping_status":"closed","template":"","meta":{"_acf_changed":false,"_seopress_robots_primary_cat":"","_seopress_titles_title":"Visit Vlissingen | Cultuur & Maritiem | Ontdek historie","_seopress_titles_desc":"Ontdek de rijke cultuur en maritieme historie van Vlissingen via musea, monumenten en unieke plekken die de stad vertellen. Lees meer.","_seopress_robots_index":"","footnotes":""},"class_list":["post-347","page","type-page","status-publish"],"acf":[],"_links":{"self":[{"href":"https:\/\/visitvlissingen.nl\/de\/wp-json\/wp\/v2\/pages\/347","targetHints":{"allow":["GET"]}}],"collection":[{"href":"https:\/\/visitvlissingen.nl\/de\/wp-json\/wp\/v2\/pages"}],"about":[{"href":"https:\/\/visitvlissingen.nl\/de\/wp-json\/wp\/v2\/types\/page"}],"author":[{"embeddable":true,"href":"https:\/\/visitvlissingen.nl\/de\/wp-json\/wp\/v2\/users\/7"}],"replies":[{"embeddable":true,"href":"https:\/\/visitvlissingen.nl\/de\/wp-json\/wp\/v2\/comments?post=347"}],"version-history":[{"count":23,"href":"https:\/\/visitvlissingen.nl\/de\/wp-json\/wp\/v2\/pages\/347\/revisions"}],"predecessor-version":[{"id":3905,"href":"https:\/\/visitvlissingen.nl\/de\/wp-json\/wp\/v2\/pages\/347\/revisions\/3905"}],"up":[{"embeddable":true,"href":"https:\/\/visitvlissingen.nl\/de\/wp-json\/wp\/v2\/pages\/17"}],"wp:attachment":[{"href":"https:\/\/visitvlissingen.nl\/de\/wp-json\/wp\/v2\/media?parent=347"}],"curies":[{"name":"wp","href":"https:\/\/api.w.org\/{rel}","templated":true}]}}