{"id":4139,"date":"2026-03-16T11:46:21","date_gmt":"2026-03-16T10:46:21","guid":{"rendered":"https:\/\/visitvlissingen.nl\/?page_id=4139"},"modified":"2026-04-09T13:32:17","modified_gmt":"2026-04-09T11:32:17","slug":"werken-en-studeren","status":"publish","type":"page","link":"https:\/\/visitvlissingen.nl\/de\/werken-en-studeren\/","title":{"rendered":"Arbeit &amp; Studium"},"content":{"rendered":"<section class=\"block background-blue-primary block--header block--no-spacing-top\">\n    <div class=\"container ps-5 ps-lg-8 pe-0\">\n        <div class=\"block--header__swiper swiper-container swiper-box disable-auto-height-from-lg\">\n            <div class=\"swiper-wrapper\">\n                                     \n\n                    <div class=\"swiper-slide\">\n                        <div class=\"row me-0 gx-7 h-100\">\n                            <div class=\"col-xxxl-5 col-xxl-5 col-xl-6 d-flex justify-content-between flex-column\">\n                                <div class=\"mt-4\">\n                                                                                                                                                                                                                                                                                                                                                                                                                                                                                                                                                                                                                                                                                                                                                                            <\/div>\n\n                                <div class=\"block--header__text ps-xxxl-9\">\n                                    \n                                                                            <h1 class=\"d-none d-lg-block\" >Arbeit &amp; Studium<\/h1>\n    <h1 class=\"d-block d-lg-none\" >Arbeit &amp; Studium<\/h1>\n                                    \n                                                                            <div class=\"text-wrapper\"><p>Studieren am Meer oder arbeiten an der Zukunft des Deltas? In Vlissingen kommen Bildung, Innovation und Unternehmertum zusammen. Auf und rund um die Kenniswerf arbeiten Studenten, Forscher und Unternehmen an L\u00f6sungen f\u00fcr Wasser, Energie und Technologie. Finden Sie heraus, wo Sie studieren und arbeiten k\u00f6nnen, und was diese maritime Stadt so besonders macht.<\/p>\n<\/div>\n                                    \n                                    \n                                                                                                                                                    \n                                                                    <\/div>\n                                <div><\/div>\n                            <\/div>\n                            <div class=\"mt-7 mt-xl-0 col-xxxl-6 col-xxl-7 col-xl-6 offset-xxxl-1 pe-0\">\n                                                                                                                    <div class=\"video-pause h-100\">\n                                                <figure class=\"image block--header__image block--header__image--medium z-1\">\n                                                    <video class=\"center\" poster=\"https:\/\/visitvlissingen.nl\/wp-content\/uploads\/2026\/03\/DSC4862-bew.jpg\" frameborder=\"0\" width=\"100\" muted=\"true\" autoplay=\"\" playsinline=\"\" loop=\"\" preload=\"none\" loading=\"lazy\">\n                                                        <source src=\"https:\/\/visitvlissingen.nl\/wp-content\/uploads\/2026\/03\/Triple-helix-zonder-logos.mp4\" type=\"video\/mp4\">\n                                                    <\/video>\n                                                    <button tabindex=\"0\" class=\"video-overlay\" aria-label=\"Video anhalten\">\n                                                        <span>Video anhalten<\/span>\n                                                    <\/button>\n                                                <\/figure>\n                                            <\/div>\n                                                                                                            <\/div>\n                        <\/div>\n                    <\/div>\n                            <\/div>\n        <\/div>\n    <\/div>\n    <div class=\"waves\">\n        <div class=\"waves__wave waves__wave--green-primary\"><\/div>\n    <\/div>\n<\/section>\n\n\n<section class=\"block block--text-image\">\n        <div class=\"container px-5 px-lg-8\">\n            <div class=\"row justify-content-center\">\n                <div class=\"col-xxl-10\">\n                    <div class=\"row\">\n                        <div class=\"col-xxxl-5 col-xl-6 col-lg-7 mb-7 mb-lg-0\">\n                            <h2 class=\"wp-block-text-image d-none d-lg-block\" >Studieren in Flushing<\/h2>\n    <h2 class=\"wp-block-text-image d-block d-lg-none\" >Studieren in Flushing<\/h2>\n                                                            <div class=\"text-wrapper\"><p>Vlissingen ist eine echte Studentenstadt mit Studieng\u00e4ngen in den Bereichen Ingenieurwesen, Wasserwirtschaft, maritime Technologie und mehr. Studenten aus dem In- und Ausland kommen hier zusammen, um zu lernen, zu forschen und mit Unternehmen aus der Region zusammenzuarbeiten.<\/p>\n<p>Sie suchen ein Studentenzimmer in Vlissingen? In und um die Stadt herum finden Sie verschiedene M\u00f6glichkeiten, um w\u00e4hrend des Studiums zu wohnen. Von Studentenzimmern in der N\u00e4he der Kenniswerf bis zu Wohnungen im Stadtzentrum oder in Strandn\u00e4he.<\/p>\n<\/div>\n                                       \n                            <a\n                    href=\"https:\/\/visitvlissingen.nl\/de\/werken-en-studeren\/studeren-in-vlissingen\/\"\n                        tabindex=\"0\"\n                class=\"btn btn--green-tertiary mt-4\"\n            >\n        Beginnen Sie Ihr Studium an der Kenniswerf\n        \n    <\/a>\n\n                            <\/div>\n                        <div class=\"col-xl-5 col-lg-4 offset-xxxl-2 offset-lg-1\">\n                            <figure\n        class=\"image block--text-image__image\"\n        \n    >\n        <img decoding=\"async\"\n            class=\"image-position--center\"\n            src=\"https:\/\/visitvlissingen.nl\/wp-content\/uploads\/2026\/03\/SF2021_GEM_VLISS_PORTRET_STUDENTEN-15.jpg\"\n            alt=\"\"\n            loading=\"lazy\"\n        \/>\n        \n    <\/figure>\n                        <\/div>\n                    <\/div>\n                <\/div>\n            <\/div>\n        <\/div>\n    <\/section>\n\n\n<section class=\"block block--text\">\n        <div class=\"container px-5 px-lg-8\">\n            <div class=\"row justify-content-center\">\n                <div class=\"col-xxl-10\">\n                                                                        <div class=\"row\">\n                                <div class=\"col-xxxl-5 col-xl-6\">\n                                    <h2 class=\"wp-block-text d-none d-lg-block\" >Hotspot f\u00fcr Delta-Innovationen<\/h2>\n    <h2 class=\"wp-block-text d-block d-lg-none\" >Hotspot f\u00fcr Delta-Innovationen<\/h2>\n                                                                            <div class=\"text-wrapper\"><p>In Vlissingen treffen Wissen, Innovation und Unternehmertum im Hotspot for Delta Innovation aufeinander. Dank der einzigartigen Lage im Schelde-Delta wird hier an L\u00f6sungen f\u00fcr Probleme in den Bereichen Wasser, Schifffahrt, Sicherheit, Energie und Lebensmittel gearbeitet. Studenten, Forscher, Unternehmen und die Regierung arbeiten in einem lebendigen \u00d6kosystem zusammen, in dem neue Ideen entwickelt und getestet werden. Sie fragen sich, wie Vlissingen zum Ort der Innovation im Delta wird?<\/p>\n<\/div>\n                                                                        <a\n                    href=\"https:\/\/visitvlissingen.nl\/de\/werken-en-studeren\/hotspot-voor-delta-innovatie\/\"\n                        tabindex=\"0\"\n                class=\"btn btn--green-tertiary mt-4\"\n            >\n        Lesen Sie mehr \u00fcber den Hotspot\n        \n    <\/a>\n\n                                    <\/div>\n                            <\/div>\n                                            \n                <\/div>\n            <\/div>\n        <\/div>\n    <\/section>\n\n\n<section class=\"block block--image-slider\">\n            <div class=\"container px-5 px-lg-8\">\n                <div class=\"row justify-content-center\">\n                    <div class=\"col-xxl-10\">\n                        <div class=\"block--image-slider__swiper swiper-container swiper-box\">\n                            <div class=\"swiper-wrapper\">\n                                                                                                            <div class=\"swiper-slide\">\n                                            <figure class=\"d-flex align-items-center justify-content-center image block--image-slider__swiper__img\">\n                                                <img decoding=\"async\" class=\"image-position--center\" src=\"https:\/\/visitvlissingen.nl\/wp-content\/uploads\/2026\/03\/DSC4842-bew.png\" loading=\"lazy\" alt=\"\">\n\n                                                                                                                                                    <div class=\"block--image-slider__swiper__img__right\">\n                                                        <svg preserveaspectratio=\"none\" viewbox=\"0 0 55 560\" class=\"h-100\" fill=\"none\" xmlns=\"http:\/\/www.w3.org\/2000\/svg\">\n        <path d=\"M39.1165 141L0 141L0 100.11L12.9063 0L42.2916 0L55 100.11L55 141L39.1165 141Z\" fill=\"#0D3A3E\"\/>\n        <path d=\"M39.1165 420L0 420L0 379.4L12.9063 280L42.2916 280L55 379.4L55 420L39.1165 420Z\" fill=\"#0D3A3E\"\/>\n        <path d=\"M39.1165 141L0 141L0 181.6L12.9063 281L42.2916 281L55 181.6L55 141L39.1165 141Z\" fill=\"#0D3A3E\"\/>\n        <path d=\"M39.1165 419L0 419L0 459.89L12.9063 560L42.2916 560L55 459.89L55 419L39.1165 419Z\" fill=\"#0D3A3E\"\/>\n    <\/svg>\n                                                    <\/div>\n                                                                                            <\/figure>\n                                        <\/div>\n                                                                                                                                                <div class=\"swiper-slide\">\n                                            <figure class=\"d-flex align-items-center justify-content-center image block--image-slider__swiper__img\">\n                                                <img decoding=\"async\" class=\"image-position--center\" src=\"https:\/\/visitvlissingen.nl\/wp-content\/uploads\/2026\/03\/DSC3743-bew-verkleind.jpg\" loading=\"lazy\" alt=\"\">\n\n                                                                                                    <div class=\"block--map-images__swiper__img__left\">\n                                                        <svg preserveaspectratio=\"none\" viewbox=\"0 0 56 561\" class=\"h-100\" fill=\"none\" xmlns=\"http:\/\/www.w3.org\/2000\/svg\">\n        <path d=\"M39.8277 280L0 280L0 320.6L13.141 420L43.0605 420L56 320.6L56 280L39.8277 280Z\" fill=\"#0D3A3E\"\/>\n        <path d=\"M39.8277 280L0 280L0 239.4L13.141 140L43.0605 140L56 239.4L56 280L39.8277 280Z\" fill=\"#0D3A3E\"\/>\n        <path d=\"M39.8277 561H0L0 520.11L13.141 420L43.0605 420L56 520.11L56 561L39.8277 561Z\" fill=\"#0D3A3E\"\/>\n        <path d=\"M39.8277 0L0 0L0 40.8905L13.141 141L43.0605 141L56 40.8905L56 0L39.8277 0Z\" fill=\"#0D3A3E\"\/>\n    <\/svg>\n                                                    <\/div>\n                                                                                                                                            <\/figure>\n                                        <\/div>\n                                                                                                <\/div>\n                            <div class=\"swiper-controls d-flex justify-content-end mt-4 color-blue-secondary\">\n    <button tabindex=\"0\" type=\"button\" class=\"me-3 swiper-button swiper-button--prev block--image-slider__nav block--image-slider__nav-swiper-button--prev\" aria-label=\"Vorheriges Dia\">\n        <div class=\"link-arrow\">\n                    <span class=\"\">\n                <i class=\"icon icon-arrow-left\" aria-hidden=\"true\"><\/i>\n            <\/span>\n        \n            <\/div>\n    <\/button>\n    <button tabindex=\"0\" type=\"button\" class=\"swiper-button swiper-button--next block--image-slider__nav block--image-slider__nav-swiper-button--next\" aria-label=\"N\u00e4chste Folie\">\n        <div class=\"link-arrow\">\n                    <span class=\"\">\n                <i class=\"icon icon-arrow-right\" aria-hidden=\"true\"><\/i>\n            <\/span>\n        \n            <\/div>\n    <\/button>\n<\/div>\n                        <\/div>\n                    <\/div>\n                <\/div>\n            <\/div>\n        <\/section>\n    \n\n<section class=\"block block--text-image\">\n        <div class=\"container px-5 px-lg-8\">\n            <div class=\"row justify-content-center\">\n                <div class=\"col-xxl-10\">\n                    <div class=\"row\">\n                        <div class=\"col-xxxl-5 col-xl-6 col-lg-7 mb-7 mb-lg-0\">\n                            <h2 class=\"wp-block-text-image d-none d-lg-block\" >The Knowledge Wharf: Zentrum f\u00fcr Wissen, Innovation und Talent<\/h2>\n    <h2 class=\"wp-block-text-image d-block d-lg-none\" >The Knowledge Wharf: Zentrum f\u00fcr Wissen, Innovation und Talent<\/h2>\n                                                            <div class=\"text-wrapper\"><p><a href=\"https:\/\/visitvlissingen.nl\/de\/hotspot\/kenniswerf\/\">Die Wissenswerft<\/a> ist das pulsierende Herz des studentischen und innovativen Vlissingen. Hier finden Sie Bildungseinrichtungen, Unternehmen und inspirierende Orte, an denen Sie zusammenarbeiten oder sich treffen k\u00f6nnen. In der Kenniswerf ist immer etwas los. Von Netzwerktreffen und Gastvortr\u00e4gen bis hin zu innovativen Veranstaltungen, bei denen sich Studenten und Unternehmen treffen. Ein Ort, an dem neue Ideen entstehen und an dem Sie leicht mit Fachleuten aus der Branche in Kontakt kommen k\u00f6nnen.<\/p>\n<\/div>\n                                       \n                                                    <\/div>\n                        <div class=\"col-xl-5 col-lg-4 offset-xxxl-2 offset-lg-1\">\n                            <figure\n        class=\"image block--text-image__image\"\n        \n    >\n        <img decoding=\"async\"\n            class=\"image-position--center\"\n            src=\"https:\/\/visitvlissingen.nl\/wp-content\/uploads\/2026\/03\/DSC3764-bew.jpg\"\n            alt=\"\"\n            loading=\"lazy\"\n        \/>\n        \n    <\/figure>\n                        <\/div>\n                    <\/div>\n                <\/div>\n            <\/div>\n        <\/div>\n    <\/section>\n\n\n<section class=\"block block--text-image\">\n        <div class=\"container px-5 px-lg-8\">\n            <div class=\"row justify-content-center\">\n                <div class=\"col-xxl-10\">\n                    <div class=\"row\">\n                        <div class=\"col-xxxl-5 col-xl-6 col-lg-7 mb-7 mb-lg-0\">\n                            <h2 class=\"wp-block-text-image d-none d-lg-block\" >Plane deinen Besuch<\/h2>\n    <h2 class=\"wp-block-text-image d-block d-lg-none\" >Plane deinen Besuch<\/h2>\n                                                            <div class=\"text-wrapper\"><p>Sind Sie neugierig auf Vlissingen als Ort zum Studieren oder Arbeiten? Planen Sie Ihren Besuch und entdecken Sie die Stadt f\u00fcr sich selbst. Vlissingen ist mit dem Zug, dem Bus und dem Auto gut erreichbar. In k\u00fcrzester Zeit sind Sie an der Kenniswerf, im Stadtzentrum oder am Strand.<\/p>\n<\/div>\n                                       \n                            <a\n                    href=\"https:\/\/visitvlissingen.nl\/de\/plan-je-bezoek\/\"\n                        tabindex=\"0\"\n                class=\"btn btn--green-tertiary mt-4\"\n            >\n        Wie man nach Vlissingen kommt\n        \n    <\/a>\n\n                            <\/div>\n                        <div class=\"col-xl-5 col-lg-4 offset-xxxl-2 offset-lg-1\">\n                            <figure\n        class=\"image block--text-image__image\"\n        \n    >\n        <img decoding=\"async\"\n            class=\"image-position--center\"\n            src=\"https:\/\/visitvlissingen.nl\/wp-content\/uploads\/2025\/04\/DSC8140-x-trein-station-vlissingen-bewwitx.jpg\"\n            alt=\"\"\n            loading=\"lazy\"\n        \/>\n        \n    <\/figure>\n                        <\/div>\n                    <\/div>\n                <\/div>\n            <\/div>\n        <\/div>\n    <\/section>","protected":false},"excerpt":{"rendered":"","protected":false},"author":11,"featured_media":0,"parent":0,"menu_order":2,"comment_status":"closed","ping_status":"closed","template":"","meta":{"_acf_changed":false,"_seopress_robots_primary_cat":"","_seopress_titles_title":"Visit Vlissingen | Werken & studeren |","_seopress_titles_desc":"Ontdek Vlissingen waar onderwijs, innovatie en ondernemerschap samenkomen.","_seopress_robots_index":"","footnotes":""},"class_list":["post-4139","page","type-page","status-publish"],"acf":[],"_links":{"self":[{"href":"https:\/\/visitvlissingen.nl\/de\/wp-json\/wp\/v2\/pages\/4139","targetHints":{"allow":["GET"]}}],"collection":[{"href":"https:\/\/visitvlissingen.nl\/de\/wp-json\/wp\/v2\/pages"}],"about":[{"href":"https:\/\/visitvlissingen.nl\/de\/wp-json\/wp\/v2\/types\/page"}],"author":[{"embeddable":true,"href":"https:\/\/visitvlissingen.nl\/de\/wp-json\/wp\/v2\/users\/11"}],"replies":[{"embeddable":true,"href":"https:\/\/visitvlissingen.nl\/de\/wp-json\/wp\/v2\/comments?post=4139"}],"version-history":[{"count":25,"href":"https:\/\/visitvlissingen.nl\/de\/wp-json\/wp\/v2\/pages\/4139\/revisions"}],"predecessor-version":[{"id":4641,"href":"https:\/\/visitvlissingen.nl\/de\/wp-json\/wp\/v2\/pages\/4139\/revisions\/4641"}],"wp:attachment":[{"href":"https:\/\/visitvlissingen.nl\/de\/wp-json\/wp\/v2\/media?parent=4139"}],"curies":[{"name":"wp","href":"https:\/\/api.w.org\/{rel}","templated":true}]}}