{"id":4182,"date":"2026-03-18T15:54:12","date_gmt":"2026-03-18T14:54:12","guid":{"rendered":"https:\/\/visitvlissingen.nl\/?page_id=4182"},"modified":"2026-03-23T11:44:56","modified_gmt":"2026-03-23T10:44:56","slug":"hotspot-voor-delta-innovatie","status":"publish","type":"page","link":"https:\/\/visitvlissingen.nl\/de\/werken-en-studeren\/hotspot-voor-delta-innovatie\/","title":{"rendered":"Hotspot f\u00fcr Delta-Innovationen"},"content":{"rendered":"<section class=\"block background-blue-primary block--header block--no-spacing-top\">\n    <div class=\"container ps-5 ps-lg-8 pe-0\">\n        <div class=\"block--header__swiper swiper-container swiper-box disable-auto-height-from-lg\">\n            <div class=\"swiper-wrapper\">\n                                     \n\n                    <div class=\"swiper-slide\">\n                        <div class=\"row me-0 gx-7 h-100\">\n                            <div class=\"col-xxxl-5 col-xxl-5 col-xl-6 d-flex justify-content-between flex-column\">\n                                <div class=\"mt-4\">\n                                                                                                                                                                                                                                                                                                                                                                                                                                                                                                                                                                                                                                                                                                                                                                                    <a\n        href=\"https:\/\/visitvlissingen.nl\/de\/werken-en-studeren\/\"\n         target=\"\"                 class=\"link-arrow block--header__archive mb-4 mb-xl-0\"\n    >\n                    <span class=\"me-4\">\n                <i class=\"icon icon-arrow-left\"><\/i>\n            <\/span>\n        \n                    <span>Zur\u00fcck zu Arbeit &amp; Studium<\/span>\n            <\/a>\n                                                                    <\/div>\n\n                                <div class=\"block--header__text ps-xxxl-9\">\n                                    \n                                                                            <h1 class=\"d-none d-lg-block\" >Hotspot f\u00fcr Delta-Innovationen<\/h1>\n    <h1 class=\"d-block d-lg-none\" >Hotspot f\u00fcr Delta-Innovationen<\/h1>\n                                    \n                                                                            <div class=\"text-wrapper\"><p>In Vlissingen treffen Wissen, Innovation und Unternehmertum im Hotspot for Delta Innovation an der Kenniswerf aufeinander. Dank der einzigartigen Lage im Schelde-Delta wird hier an L\u00f6sungen f\u00fcr Probleme in den Bereichen Wasser, Schifffahrt, Sicherheit, Energie und Lebensmittel gearbeitet. Studenten, Forscher, Unternehmen und die Regierung arbeiten in einem lebendigen \u00d6kosystem zusammen, in dem neue Ideen entwickelt und getestet werden.<\/p>\n<\/div>\n                                    \n                                    \n                                                                                                                                                    \n                                                                    <\/div>\n                                <div><\/div>\n                            <\/div>\n                            <div class=\"mt-7 mt-xl-0 col-xxxl-6 col-xxl-7 col-xl-6 offset-xxxl-1 pe-0\">\n                                                                                                                                                                <figure class=\"image block--header__image block--header__image--medium z-1\">\n                                                <img decoding=\"async\" src=\"https:\/\/visitvlissingen.nl\/wp-content\/uploads\/2026\/03\/Schermafbeelding-2026-03-20-101255.png\" alt=\"\" \/>\n                                            <\/figure>\n                                                                                                    <\/div>\n                        <\/div>\n                    <\/div>\n                            <\/div>\n        <\/div>\n    <\/div>\n    <div class=\"waves\">\n        <div class=\"waves__wave waves__wave--green-secondary\"><\/div>\n    <\/div>\n<\/section>\n\n\n<section class=\"block block--text\">\n        <div class=\"container px-5 px-lg-8\">\n            <div class=\"row justify-content-center\">\n                <div class=\"col-xxl-10\">\n                                            <div class=\"row justify-content-center\">\n                            <div class=\"col-xxxl-7 col-xxl-8 col-xl-9\">\n                                <h2 class=\"wp-block-text d-none d-lg-block\" >Kenniswerf x Vlissingen: Gemeinsam die Zukunft des Deltas gestalten<\/h2>\n    <h2 class=\"wp-block-text d-block d-lg-none\" >Kenniswerf x Vlissingen: Gemeinsam die Zukunft des Deltas gestalten<\/h2>\n                                                                    <div class=\"text-wrapper\"><p>Auf der Kenniswerf kommen Bildung, Unternehmer und Beh\u00f6rden zusammen. In diesem Video sehen Sie, wie wir in Vlissingen mit konkreten Projekten, Talenten und starken Partnern an L\u00f6sungen f\u00fcr Energie, Wasser und Lebensmittel arbeiten.<\/p>\n<div style=\"position: relative; padding-bottom: 56.25%; height: 0;\">\n  <iframe \n    src=\"https:\/\/www.youtube.com\/embed\/CEqdGXYe_RA?si=5oyVMBg9SLPCITdm\" \n    style=\"position: absolute; top:0; left:0; width:100%; height:100%;\" \n    frameborder=\"0\"><br \/>\n  <\/iframe>\n<\/div>\n<\/div>\n                                                                                            <\/div>\n                        <\/div>\n                    \n                <\/div>\n            <\/div>\n        <\/div>\n    <\/section>\n\n\n<section class=\"block block--text\">\n        <div class=\"container px-5 px-lg-8\">\n            <div class=\"row justify-content-center\">\n                <div class=\"col-xxl-10\">\n                                            <div class=\"row justify-content-center\">\n                            <div class=\"col-xxxl-7 col-xxl-8 col-xl-9\">\n                                <h2 class=\"wp-block-text d-none d-lg-block\" >H\u00f6ren Sie weiter: Hotspot f\u00fcr Delta-Innovation<\/h2>\n    <h2 class=\"wp-block-text d-block d-lg-none\" >H\u00f6ren Sie weiter: Hotspot f\u00fcr Delta-Innovation<\/h2>\n                                                                    <div class=\"text-wrapper\"><p>Das Triple-Helix-Video gibt Ihnen einen inspirierenden ersten Einblick in die Aktivit\u00e4ten der Knowledge Wharf. M\u00f6chten Sie tiefer in die Geschichten, Projekte und Menschen eintauchen?<\/p>\n<p>Entdecken Sie den Podcast \u2018Hotspot for Delta Innovation\u2019 weiter unten!<\/p>\n<\/div>\n                                                                                            <\/div>\n                        <\/div>\n                    \n                <\/div>\n            <\/div>\n        <\/div>\n    <\/section>\n\n\n<section class=\"block block--spots\">\n            <div class=\"container px-5 px-lg-8\">\n                <div class=\"row mb-5\">\n                    <div class=\"col my-auto\">\n                        <h2 class=\"mb-0 align-title d-none d-lg-block\" >Podcasts<\/h2>\n    <h2 class=\"mb-0 align-title d-block d-lg-none\" >Podcasts<\/h2>\n                    <\/div>\n                    <div class=\"col-auto my-auto d-none d-lg-block\">\n                        <a\n                    href=\"https:\/\/visitvlissingen.nl\/de\/werken-en-studeren\/podcast\/\"\n                        tabindex=\"0\"\n                class=\"btn btn--green-tertiary wp-block-spots\"\n            >\n        Alle Podcasts hier ansehen\n        \n    <\/a>\n\n                        <\/div>\n                <\/div>\n                <div class=\"block--spots__swiper swiper-container swiper-box position-relative pb-3 disable-auto-height-from-lg\">\n                    <div class=\"swiper-wrapper\">\n                                                                                <div class=\"swiper-slide\">\n                                <article class=\"spot-item theme-bottom-right-triangle\">\n    <a class=\"d-block\" tabindex=\"0\" href=\"https:\/\/visitvlissingen.nl\/de\/werken-en-studeren\/wind-van-verandering\/\" aria-label=\"Diesen Spot ansehen\">\n                    <figure class=\"image spot-item__image scale-on-hover\">\n                <img decoding=\"async\" class=\"image-position--center\" src=\"https:\/\/visitvlissingen.nl\/wp-content\/uploads\/2026\/03\/Ferry-closeup-1.png\" alt=\"\"  loading=\"lazy\">\n            <\/figure>\n                <div class=\"spot-item__content p-6 flex-grow-1\">\n            <div>\n                                    <div class=\"cats-meta mb-3 color-blue-secondary\">\n                    <span class=\"d-inline-flex me-3\">\n                                <span class=\"cats-meta__item\">Hotspot f\u00fcr Delta-Innovationen<\/span>\n            <\/span>\n            <\/div>\n                                <h3 class=\"mb-3\">Wind der Ver\u00e4nderung<\/h3>\n                                    <div class=\"text--wrapper\">Gerben und Ferry zeigen, wie Bildung, Forschung und Industrie bei Drohnen, Robotern, intelligenter Wartungstechnologie und internationalen Ausbildungswegen zusammenarbeiten.<\/div>\n                \n                <div class=\"link-arrow mt-4 color-blue-secondary\">\n                    <span class=\"me-4\">\n                <i class=\"icon icon-arrow-right\" aria-hidden=\"true\"><\/i>\n            <\/span>\n        \n                    <span>Diesen Spot ansehen<\/span>\n            <\/div>\n            <\/div>\n        <\/div>\n    <\/a>\n<\/article>\n\n                            <\/div>\n                                                                                <div class=\"swiper-slide\">\n                                <article class=\"spot-item theme-bottom-right-triangle\">\n    <a class=\"d-block\" tabindex=\"0\" href=\"https:\/\/visitvlissingen.nl\/de\/werken-en-studeren\/eiwittransitie-in-de-praktijk\/\" aria-label=\"Diesen Spot ansehen\">\n                    <figure class=\"image spot-item__image scale-on-hover\">\n                <img decoding=\"async\" class=\"image-position--center\" src=\"https:\/\/visitvlissingen.nl\/wp-content\/uploads\/2026\/03\/Godelieve.png\" alt=\"\"  loading=\"lazy\">\n            <\/figure>\n                <div class=\"spot-item__content p-6 flex-grow-1\">\n            <div>\n                                    <div class=\"cats-meta mb-3 color-blue-secondary\">\n                    <span class=\"d-inline-flex me-3\">\n                                <span class=\"cats-meta__item\">Hotspot f\u00fcr Delta-Innovationen<\/span>\n            <\/span>\n            <\/div>\n                                <h3 class=\"mb-3\">Proteinumwandlung in der Praxis<\/h3>\n                                    <div class=\"text--wrapper\">Neu in der Stadt? Dann gibt es viel zu entdecken. Diese Tipps helfen Ihnen, die Stadt und Zeeland Schritt f\u00fcr Schritt kennen zu lernen.<\/div>\n                \n                <div class=\"link-arrow mt-4 color-blue-secondary\">\n                    <span class=\"me-4\">\n                <i class=\"icon icon-arrow-right\" aria-hidden=\"true\"><\/i>\n            <\/span>\n        \n                    <span>Diesen Spot ansehen<\/span>\n            <\/div>\n            <\/div>\n        <\/div>\n    <\/a>\n<\/article>\n\n                            <\/div>\n                                                                                <div class=\"swiper-slide\">\n                                <article class=\"spot-item theme-bottom-right-triangle\">\n    <a class=\"d-block\" tabindex=\"0\" href=\"https:\/\/visitvlissingen.nl\/de\/werken-en-studeren\/samenwerken-in-de-delta\/\" aria-label=\"Diesen Spot ansehen\">\n                    <figure class=\"image spot-item__image scale-on-hover\">\n                <img decoding=\"async\" class=\"image-position--center\" src=\"https:\/\/visitvlissingen.nl\/wp-content\/uploads\/2026\/03\/Karin-closeup.png\" alt=\"\"  loading=\"lazy\">\n            <\/figure>\n                <div class=\"spot-item__content p-6 flex-grow-1\">\n            <div>\n                                    <div class=\"cats-meta mb-3 color-blue-secondary\">\n                    <span class=\"d-inline-flex me-3\">\n                                <span class=\"cats-meta__item\">Hotspot f\u00fcr Delta-Innovationen<\/span>\n            <\/span>\n            <\/div>\n                                <h3 class=\"mb-3\">Gemeinsame Arbeit im Delta<\/h3>\n                                    <div class=\"text--wrapper\">Wie sieht die Zusammenarbeit aus, wenn Bildung, Regierung, Forschung und Wirtschaft bei wichtigen Klima- und Energiefragen zusammenkommen?<\/div>\n                \n                <div class=\"link-arrow mt-4 color-blue-secondary\">\n                    <span class=\"me-4\">\n                <i class=\"icon icon-arrow-right\" aria-hidden=\"true\"><\/i>\n            <\/span>\n        \n                    <span>Diesen Spot ansehen<\/span>\n            <\/div>\n            <\/div>\n        <\/div>\n    <\/a>\n<\/article>\n\n                            <\/div>\n                                                                                <div class=\"swiper-slide\">\n                                <article class=\"spot-item theme-bottom-right-triangle\">\n    <a class=\"d-block\" tabindex=\"0\" href=\"https:\/\/visitvlissingen.nl\/de\/werken-en-studeren\/van-afval-naar-waarde\/\" aria-label=\"Diesen Spot ansehen\">\n                    <figure class=\"image spot-item__image scale-on-hover\">\n                <img decoding=\"async\" class=\"image-position--center\" src=\"https:\/\/visitvlissingen.nl\/wp-content\/uploads\/2026\/03\/Caroline-closeup.png\" alt=\"\"  loading=\"lazy\">\n            <\/figure>\n                <div class=\"spot-item__content p-6 flex-grow-1\">\n            <div>\n                                    <div class=\"cats-meta mb-3 color-blue-secondary\">\n                    <span class=\"d-inline-flex me-3\">\n                                <span class=\"cats-meta__item\">Hotspot f\u00fcr Delta-Innovationen<\/span>\n            <\/span>\n            <\/div>\n                                <h3 class=\"mb-3\">Vom Abfall zum Wert<\/h3>\n                                    <div class=\"text--wrapper\">Caroline und Jeroen zeigen, wie Zeeland vom linearen zum zirkul\u00e4ren Weg \u00fcbergeht: Reststr\u00f6me statt Abfall, Ernteplan statt Abriss, Biomeiler als W\u00e4rmequelle und Regelungsraum zum Experimentieren.<\/div>\n                \n                <div class=\"link-arrow mt-4 color-blue-secondary\">\n                    <span class=\"me-4\">\n                <i class=\"icon icon-arrow-right\" aria-hidden=\"true\"><\/i>\n            <\/span>\n        \n                    <span>Diesen Spot ansehen<\/span>\n            <\/div>\n            <\/div>\n        <\/div>\n    <\/a>\n<\/article>\n\n                            <\/div>\n                                                                    <\/div>\n                    <div class=\"swiper-controls d-flex justify-content-end mt-4 color-blue-secondary\">\n    <button tabindex=\"0\" type=\"button\" class=\"me-3 swiper-button swiper-button--prev block--spots__swiper__nav block--spots__swiper__nav-swiper-button--prev\" aria-label=\"Vorheriges Dia\">\n        <div class=\"link-arrow color-blue-secondary\">\n                    <span class=\"\">\n                <i class=\"icon icon-arrow-left\" aria-hidden=\"true\"><\/i>\n            <\/span>\n        \n            <\/div>\n    <\/button>\n    <button tabindex=\"0\" type=\"button\" class=\"swiper-button swiper-button--next block--spots__swiper__nav block--spots__swiper__nav-swiper-button--next\" aria-label=\"N\u00e4chste Folie\">\n        <div class=\"link-arrow color-blue-secondary\">\n                    <span class=\"\">\n                <i class=\"icon icon-arrow-right\" aria-hidden=\"true\"><\/i>\n            <\/span>\n        \n            <\/div>\n    <\/button>\n<\/div>\n                <\/div>\n                <div class=\"d-flex justify-content-end d-lg-none mt-4 mb-3\">\n                    <a\n                    href=\"https:\/\/visitvlissingen.nl\/de\/werken-en-studeren\/podcast\/\"\n                        tabindex=\"0\"\n                class=\"btn btn--green-tertiary wp-block-spots\"\n            >\n        Alle Podcasts hier ansehen\n        \n    <\/a>\n\n                    <\/div>\n            <\/div>\n        <\/section>\n    \n\n<section class=\"block block--image-slider\">\n            <div class=\"container px-5 px-lg-8\">\n                <div class=\"row justify-content-center\">\n                    <div class=\"col-xxl-10\">\n                        <div class=\"block--image-slider__swiper swiper-container swiper-box\">\n                            <div class=\"swiper-wrapper\">\n                                                                                                            <div class=\"swiper-slide\">\n                                            <figure class=\"d-flex align-items-center justify-content-center image block--image-slider__swiper__img\">\n                                                <img decoding=\"async\" class=\"image-position--center\" src=\"https:\/\/visitvlissingen.nl\/wp-content\/uploads\/2026\/03\/TP_GemVlis_Still10.jpg\" loading=\"lazy\" alt=\"\">\n\n                                                                                                                                                    <div class=\"block--image-slider__swiper__img__right\">\n                                                        <svg preserveaspectratio=\"none\" viewbox=\"0 0 55 560\" class=\"h-100\" fill=\"none\" xmlns=\"http:\/\/www.w3.org\/2000\/svg\">\n        <path d=\"M39.1165 141L0 141L0 100.11L12.9063 0L42.2916 0L55 100.11L55 141L39.1165 141Z\" fill=\"#0D3A3E\"\/>\n        <path d=\"M39.1165 420L0 420L0 379.4L12.9063 280L42.2916 280L55 379.4L55 420L39.1165 420Z\" fill=\"#0D3A3E\"\/>\n        <path d=\"M39.1165 141L0 141L0 181.6L12.9063 281L42.2916 281L55 181.6L55 141L39.1165 141Z\" fill=\"#0D3A3E\"\/>\n        <path d=\"M39.1165 419L0 419L0 459.89L12.9063 560L42.2916 560L55 459.89L55 419L39.1165 419Z\" fill=\"#0D3A3E\"\/>\n    <\/svg>\n                                                    <\/div>\n                                                                                            <\/figure>\n                                        <\/div>\n                                                                                                                                                <div class=\"swiper-slide\">\n                                            <figure class=\"d-flex align-items-center justify-content-center image block--image-slider__swiper__img\">\n                                                <img decoding=\"async\" class=\"image-position--center\" src=\"https:\/\/visitvlissingen.nl\/wp-content\/uploads\/2026\/03\/TP_GemVlis_Still7.jpg\" loading=\"lazy\" alt=\"\">\n\n                                                                                                    <div class=\"block--map-images__swiper__img__left\">\n                                                        <svg preserveaspectratio=\"none\" viewbox=\"0 0 56 561\" class=\"h-100\" fill=\"none\" xmlns=\"http:\/\/www.w3.org\/2000\/svg\">\n        <path d=\"M39.8277 280L0 280L0 320.6L13.141 420L43.0605 420L56 320.6L56 280L39.8277 280Z\" fill=\"#0D3A3E\"\/>\n        <path d=\"M39.8277 280L0 280L0 239.4L13.141 140L43.0605 140L56 239.4L56 280L39.8277 280Z\" fill=\"#0D3A3E\"\/>\n        <path d=\"M39.8277 561H0L0 520.11L13.141 420L43.0605 420L56 520.11L56 561L39.8277 561Z\" fill=\"#0D3A3E\"\/>\n        <path d=\"M39.8277 0L0 0L0 40.8905L13.141 141L43.0605 141L56 40.8905L56 0L39.8277 0Z\" fill=\"#0D3A3E\"\/>\n    <\/svg>\n                                                    <\/div>\n                                                                                                                                            <\/figure>\n                                        <\/div>\n                                                                                                <\/div>\n                            <div class=\"swiper-controls d-flex justify-content-end mt-4 color-blue-secondary\">\n    <button tabindex=\"0\" type=\"button\" class=\"me-3 swiper-button swiper-button--prev block--image-slider__nav block--image-slider__nav-swiper-button--prev\" aria-label=\"Vorheriges Dia\">\n        <div class=\"link-arrow\">\n                    <span class=\"\">\n                <i class=\"icon icon-arrow-left\" aria-hidden=\"true\"><\/i>\n            <\/span>\n        \n            <\/div>\n    <\/button>\n    <button tabindex=\"0\" type=\"button\" class=\"swiper-button swiper-button--next block--image-slider__nav block--image-slider__nav-swiper-button--next\" aria-label=\"N\u00e4chste Folie\">\n        <div class=\"link-arrow\">\n                    <span class=\"\">\n                <i class=\"icon icon-arrow-right\" aria-hidden=\"true\"><\/i>\n            <\/span>\n        \n            <\/div>\n    <\/button>\n<\/div>\n                        <\/div>\n                    <\/div>\n                <\/div>\n            <\/div>\n        <\/section>","protected":false},"excerpt":{"rendered":"","protected":false},"author":2,"featured_media":4338,"parent":4139,"menu_order":16,"comment_status":"closed","ping_status":"closed","template":"","meta":{"_acf_changed":false,"_seopress_robots_primary_cat":"","_seopress_titles_title":"Visit Vlissingen | Werken & Studeren | Hotspot voor Delta Innovatie","_seopress_titles_desc":"","_seopress_robots_index":"","footnotes":""},"class_list":["post-4182","page","type-page","status-publish","has-post-thumbnail"],"acf":[],"_links":{"self":[{"href":"https:\/\/visitvlissingen.nl\/de\/wp-json\/wp\/v2\/pages\/4182","targetHints":{"allow":["GET"]}}],"collection":[{"href":"https:\/\/visitvlissingen.nl\/de\/wp-json\/wp\/v2\/pages"}],"about":[{"href":"https:\/\/visitvlissingen.nl\/de\/wp-json\/wp\/v2\/types\/page"}],"author":[{"embeddable":true,"href":"https:\/\/visitvlissingen.nl\/de\/wp-json\/wp\/v2\/users\/2"}],"replies":[{"embeddable":true,"href":"https:\/\/visitvlissingen.nl\/de\/wp-json\/wp\/v2\/comments?post=4182"}],"version-history":[{"count":40,"href":"https:\/\/visitvlissingen.nl\/de\/wp-json\/wp\/v2\/pages\/4182\/revisions"}],"predecessor-version":[{"id":4395,"href":"https:\/\/visitvlissingen.nl\/de\/wp-json\/wp\/v2\/pages\/4182\/revisions\/4395"}],"up":[{"embeddable":true,"href":"https:\/\/visitvlissingen.nl\/de\/wp-json\/wp\/v2\/pages\/4139"}],"wp:featuredmedia":[{"embeddable":true,"href":"https:\/\/visitvlissingen.nl\/de\/wp-json\/wp\/v2\/media\/4338"}],"wp:attachment":[{"href":"https:\/\/visitvlissingen.nl\/de\/wp-json\/wp\/v2\/media?parent=4182"}],"curies":[{"name":"wp","href":"https:\/\/api.w.org\/{rel}","templated":true}]}}