{"id":4221,"date":"2026-03-19T11:32:55","date_gmt":"2026-03-19T10:32:55","guid":{"rendered":"https:\/\/visitvlissingen.nl\/?page_id=4221"},"modified":"2026-03-20T11:07:37","modified_gmt":"2026-03-20T10:07:37","slug":"studeren-in-vlissingen","status":"publish","type":"page","link":"https:\/\/visitvlissingen.nl\/de\/werken-en-studeren\/studeren-in-vlissingen\/","title":{"rendered":"Studieren in Flushing"},"content":{"rendered":"<section class=\"block background-blue-primary block--header block--no-spacing-top\">\n    <div class=\"container ps-5 ps-lg-8 pe-0\">\n        <div class=\"block--header__swiper swiper-container swiper-box disable-auto-height-from-lg\">\n            <div class=\"swiper-wrapper\">\n                                     \n\n                    <div class=\"swiper-slide\">\n                        <div class=\"row me-0 gx-7 h-100\">\n                            <div class=\"col-xxxl-5 col-xxl-5 col-xl-6 d-flex justify-content-between flex-column\">\n                                <div class=\"mt-4\">\n                                                                                                                                                                                                                                                                                                                                                                                                                                                                                                                                                                                                                                                                                                                                                                                    <a\n        href=\"https:\/\/visitvlissingen.nl\/de\/werken-en-studeren\/\"\n         target=\"\"                 class=\"link-arrow block--header__archive mb-4 mb-xl-0\"\n    >\n                    <span class=\"me-4\">\n                <i class=\"icon icon-arrow-left\"><\/i>\n            <\/span>\n        \n                    <span>Zur\u00fcck zu Arbeit &amp; Studium<\/span>\n            <\/a>\n                                                                    <\/div>\n\n                                <div class=\"block--header__text ps-xxxl-9\">\n                                    \n                                                                            <h1 class=\"d-none d-lg-block\" >Studieren in Flushing<\/h1>\n    <h1 class=\"d-block d-lg-none\" >Studieren in Flushing<\/h1>\n                                    \n                                                                            <div class=\"text-wrapper\"><p>Studieren am Meer? In Vlissingen treffen Bildung, Innovation und maritimes Know-how aufeinander. Auf und um den Kenniswerf arbeiten Studenten, Forscher und Unternehmen gemeinsam an L\u00f6sungen f\u00fcr Wasser, Technologie und die Zukunft des Deltas. Vom inspirierenden Studium bis zur Suche nach einem Studentenzimmer: Hier finden Sie alle praktischen Informationen zum Studium in Vlissingen.<\/p>\n<\/div>\n                                    \n                                    \n                                                                                                                                                    \n                                                                    <\/div>\n                                <div><\/div>\n                            <\/div>\n                            <div class=\"mt-7 mt-xl-0 col-xxxl-6 col-xxl-7 col-xl-6 offset-xxxl-1 pe-0\">\n                                                                                                                                                                <figure class=\"image block--header__image block--header__image--medium z-1\">\n                                                <img decoding=\"async\" src=\"https:\/\/visitvlissingen.nl\/wp-content\/uploads\/2026\/03\/SF2021_GEM_VLISS_PORTRET_STUDENTEN-10.jpg\" alt=\"\" \/>\n                                            <\/figure>\n                                                                                                    <\/div>\n                        <\/div>\n                    <\/div>\n                            <\/div>\n        <\/div>\n    <\/div>\n    <div class=\"waves\">\n        <div class=\"waves__wave waves__wave--green-secondary\"><\/div>\n    <\/div>\n<\/section>\n\n\n<section class=\"block block--spots\">\n            <div class=\"container px-5 px-lg-8\">\n                <div class=\"row mb-5\">\n                    <div class=\"col my-auto\">\n                        <h2 class=\"mb-0 align-title d-none d-lg-block\" >Bildungseinrichtungen<\/h2>\n    <h2 class=\"mb-0 align-title d-block d-lg-none\" >Bildungseinrichtungen<\/h2>\n                    <\/div>\n                    <div class=\"col-auto my-auto d-none d-lg-block\">\n                                            <\/div>\n                <\/div>\n                <div class=\"block--spots__swiper swiper-container swiper-box position-relative pb-3 disable-auto-height-from-lg\">\n                    <div class=\"swiper-wrapper\">\n                                                                                <div class=\"swiper-slide\">\n                                <article class=\"spot-item theme-bottom-right-triangle\">\n    <a class=\"d-block\" tabindex=\"0\" href=\"https:\/\/visitvlissingen.nl\/de\/werken-en-studeren\/scalda-vlissingen\/\" aria-label=\"Diesen Spot ansehen\">\n                    <figure class=\"image spot-item__image scale-on-hover\">\n                <img decoding=\"async\" class=\"image-position--center\" src=\"https:\/\/visitvlissingen.nl\/wp-content\/uploads\/2025\/10\/DSC4695-bew.jpg\" alt=\"\"  loading=\"lazy\">\n            <\/figure>\n                <div class=\"spot-item__content p-6 flex-grow-1\">\n            <div>\n                                    <div class=\"cats-meta mb-3 color-blue-secondary\">\n                    <span class=\"d-inline-flex me-3\">\n                                <span class=\"cats-meta__item\">Bildungseinrichtungen<\/span>\n            <\/span>\n            <\/div>\n                                <h3 class=\"mb-3\">Senkwaage Vlissingen<\/h3>\n                                    <div class=\"text--wrapper\">Auf dem Campus in Vlissingen, mitten in der Kenniswerf, finden Sie eine lebendige Lernumgebung, in der die Studenten zu Fachleuten ausgebildet werden. In Vlissingen bietet Scalda haupts\u00e4chlich MBO-Kurse in den Bereichen Technologie und IKT an.<\/div>\n                \n                <div class=\"link-arrow mt-4 color-blue-secondary\">\n                    <span class=\"me-4\">\n                <i class=\"icon icon-arrow-right\" aria-hidden=\"true\"><\/i>\n            <\/span>\n        \n                    <span>Diesen Spot ansehen<\/span>\n            <\/div>\n            <\/div>\n        <\/div>\n    <\/a>\n<\/article>\n\n                            <\/div>\n                                                                                <div class=\"swiper-slide\">\n                                <article class=\"spot-item theme-bottom-right-triangle\">\n    <a class=\"d-block\" tabindex=\"0\" href=\"https:\/\/visitvlissingen.nl\/de\/werken-en-studeren\/hz-university-of-applied-sciences\/\" aria-label=\"Diesen Spot ansehen\">\n                    <figure class=\"image spot-item__image scale-on-hover\">\n                <img decoding=\"async\" class=\"image-position--center\" src=\"https:\/\/visitvlissingen.nl\/wp-content\/uploads\/2026\/02\/DSC4842-bew.png\" alt=\"\"  loading=\"lazy\">\n            <\/figure>\n                <div class=\"spot-item__content p-6 flex-grow-1\">\n            <div>\n                                    <div class=\"cats-meta mb-3 color-blue-secondary\">\n                    <span class=\"d-inline-flex me-3\">\n                                <span class=\"cats-meta__item\">Bildungseinrichtungen<\/span>\n            <\/span>\n            <\/div>\n                                <h3 class=\"mb-3\">HZ Hochschule f\u00fcr angewandte Wissenschaften<\/h3>\n                                    <div class=\"text--wrapper\">Im Zentrum der Kenniswerf befindet sich die HZ Fachhochschule, der Ort, an dem Praxis und Theorie aufeinandertreffen, an dem die Studenten an realen L\u00f6sungen arbeiten und an dem Innovation in jedem Korridor des Geb\u00e4udes sp\u00fcrbar ist.<\/div>\n                \n                <div class=\"link-arrow mt-4 color-blue-secondary\">\n                    <span class=\"me-4\">\n                <i class=\"icon icon-arrow-right\" aria-hidden=\"true\"><\/i>\n            <\/span>\n        \n                    <span>Diesen Spot ansehen<\/span>\n            <\/div>\n            <\/div>\n        <\/div>\n    <\/a>\n<\/article>\n\n                            <\/div>\n                                                                    <\/div>\n                    <div class=\"swiper-controls d-flex justify-content-end mt-4 color-blue-secondary\">\n    <button tabindex=\"0\" type=\"button\" class=\"me-3 swiper-button swiper-button--prev block--spots__swiper__nav block--spots__swiper__nav-swiper-button--prev\" aria-label=\"Vorheriges Dia\">\n        <div class=\"link-arrow color-blue-secondary\">\n                    <span class=\"\">\n                <i class=\"icon icon-arrow-left\" aria-hidden=\"true\"><\/i>\n            <\/span>\n        \n            <\/div>\n    <\/button>\n    <button tabindex=\"0\" type=\"button\" class=\"swiper-button swiper-button--next block--spots__swiper__nav block--spots__swiper__nav-swiper-button--next\" aria-label=\"N\u00e4chste Folie\">\n        <div class=\"link-arrow color-blue-secondary\">\n                    <span class=\"\">\n                <i class=\"icon icon-arrow-right\" aria-hidden=\"true\"><\/i>\n            <\/span>\n        \n            <\/div>\n    <\/button>\n<\/div>\n                <\/div>\n                <div class=\"d-flex justify-content-end d-lg-none mt-4 mb-3\">\n                                    <\/div>\n            <\/div>\n        <\/section>\n    \n\n<section class=\"block block--spots\">\n            <div class=\"container px-5 px-lg-8\">\n                <div class=\"row mb-5\">\n                    <div class=\"col my-auto\">\n                        <h2 class=\"mb-0 align-title d-none d-lg-block\" >Tipps f\u00fcr Neueinsteiger<\/h2>\n    <h2 class=\"mb-0 align-title d-block d-lg-none\" >Tipps f\u00fcr Neueinsteiger<\/h2>\n                    <\/div>\n                    <div class=\"col-auto my-auto d-none d-lg-block\">\n                                            <\/div>\n                <\/div>\n                <div class=\"block--spots__swiper swiper-container swiper-box position-relative pb-3 disable-auto-height-from-lg\">\n                    <div class=\"swiper-wrapper\">\n                                                                                <div class=\"swiper-slide\">\n                                <article class=\"spot-item theme-bottom-right-triangle\">\n    <a class=\"d-block\" tabindex=\"0\" href=\"https:\/\/visitvlissingen.nl\/de\/werken-en-studeren\/zo-ontdek-je-vlissingen\/\" aria-label=\"Diesen Spot ansehen\">\n                    <figure class=\"image spot-item__image scale-on-hover\">\n                <img decoding=\"async\" class=\"image-position--center\" src=\"https:\/\/visitvlissingen.nl\/wp-content\/uploads\/2026\/01\/Z8N9922x-boulevard-fietsers.jpg\" alt=\"\"  loading=\"lazy\">\n            <\/figure>\n                <div class=\"spot-item__content p-6 flex-grow-1\">\n            <div>\n                                    <div class=\"cats-meta mb-3 color-blue-secondary\">\n                    <span class=\"d-inline-flex me-3\">\n                                <span class=\"cats-meta__item\">Tipps<\/span>\n            <\/span>\n            <\/div>\n                                <h3 class=\"mb-3\">Wie Sie Vlissingen entdecken<\/h3>\n                                    <div class=\"text--wrapper\">Neu in der Stadt? Dann gibt es viel zu entdecken. Diese Tipps helfen Ihnen, die Stadt und Zeeland Schritt f\u00fcr Schritt kennen zu lernen.<\/div>\n                \n                <div class=\"link-arrow mt-4 color-blue-secondary\">\n                    <span class=\"me-4\">\n                <i class=\"icon icon-arrow-right\" aria-hidden=\"true\"><\/i>\n            <\/span>\n        \n                    <span>Diesen Spot ansehen<\/span>\n            <\/div>\n            <\/div>\n        <\/div>\n    <\/a>\n<\/article>\n\n                            <\/div>\n                                                                                <div class=\"swiper-slide\">\n                                <article class=\"spot-item theme-bottom-right-triangle\">\n    <a class=\"d-block\" tabindex=\"0\" href=\"https:\/\/visitvlissingen.nl\/de\/werken-en-studeren\/survivaltips-om-nederlands-te-leren\/\" aria-label=\"Diesen Spot ansehen\">\n                    <figure class=\"image spot-item__image scale-on-hover\">\n                <img decoding=\"async\" class=\"image-position--center\" src=\"https:\/\/visitvlissingen.nl\/wp-content\/uploads\/2026\/03\/SF2021_GEM_VLISS_PORTRET_STUDENTEN-65.jpg\" alt=\"\"  loading=\"lazy\">\n            <\/figure>\n                <div class=\"spot-item__content p-6 flex-grow-1\">\n            <div>\n                                    <div class=\"cats-meta mb-3 color-blue-secondary\">\n                    <span class=\"d-inline-flex me-3\">\n                                <span class=\"cats-meta__item\">Tipps<\/span>\n            <\/span>\n            <\/div>\n                                <h3 class=\"mb-3\">\u00dcberlebenstipps f\u00fcr das Erlernen der niederl\u00e4ndischen Sprache<\/h3>\n                                    <div class=\"text--wrapper\">Sie beginnen bald Ihr Studium in Vlissingen und suchen eine Unterkunft? Die Suche nach einer Studentenunterkunft kann ziemlich schwierig sein.<\/div>\n                \n                <div class=\"link-arrow mt-4 color-blue-secondary\">\n                    <span class=\"me-4\">\n                <i class=\"icon icon-arrow-right\" aria-hidden=\"true\"><\/i>\n            <\/span>\n        \n                    <span>Diesen Spot ansehen<\/span>\n            <\/div>\n            <\/div>\n        <\/div>\n    <\/a>\n<\/article>\n\n                            <\/div>\n                                                                                <div class=\"swiper-slide\">\n                                <article class=\"spot-item theme-bottom-right-triangle\">\n    <a class=\"d-block\" tabindex=\"0\" href=\"https:\/\/visitvlissingen.nl\/de\/werken-en-studeren\/tips-om-een-studentenwoning-te-vinden\/\" aria-label=\"Diesen Spot ansehen\">\n                    <figure class=\"image spot-item__image scale-on-hover\">\n                <img decoding=\"async\" class=\"image-position--center\" src=\"https:\/\/visitvlissingen.nl\/wp-content\/uploads\/2026\/03\/SF2021_GEM_VLISS_PORTRET_STUDENTEN-15.jpg\" alt=\"\"  loading=\"lazy\">\n            <\/figure>\n                <div class=\"spot-item__content p-6 flex-grow-1\">\n            <div>\n                                    <div class=\"cats-meta mb-3 color-blue-secondary\">\n                    <span class=\"d-inline-flex me-3\">\n                                <span class=\"cats-meta__item\">Tipps<\/span>\n            <\/span>\n            <\/div>\n                                <h3 class=\"mb-3\">Tipps f\u00fcr die Suche nach einer Studentenunterkunft<\/h3>\n                                    <div class=\"text--wrapper\">Sie beginnen bald Ihr Studium in Vlissingen und suchen eine Unterkunft? Die Suche nach einer Studentenunterkunft kann ziemlich schwierig sein.<\/div>\n                \n                <div class=\"link-arrow mt-4 color-blue-secondary\">\n                    <span class=\"me-4\">\n                <i class=\"icon icon-arrow-right\" aria-hidden=\"true\"><\/i>\n            <\/span>\n        \n                    <span>Diesen Spot ansehen<\/span>\n            <\/div>\n            <\/div>\n        <\/div>\n    <\/a>\n<\/article>\n\n                            <\/div>\n                                                                    <\/div>\n                    <div class=\"swiper-controls d-flex justify-content-end mt-4 color-blue-secondary\">\n    <button tabindex=\"0\" type=\"button\" class=\"me-3 swiper-button swiper-button--prev block--spots__swiper__nav block--spots__swiper__nav-swiper-button--prev\" aria-label=\"Vorheriges Dia\">\n        <div class=\"link-arrow color-blue-secondary\">\n                    <span class=\"\">\n                <i class=\"icon icon-arrow-left\" aria-hidden=\"true\"><\/i>\n            <\/span>\n        \n            <\/div>\n    <\/button>\n    <button tabindex=\"0\" type=\"button\" class=\"swiper-button swiper-button--next block--spots__swiper__nav block--spots__swiper__nav-swiper-button--next\" aria-label=\"N\u00e4chste Folie\">\n        <div class=\"link-arrow color-blue-secondary\">\n                    <span class=\"\">\n                <i class=\"icon icon-arrow-right\" aria-hidden=\"true\"><\/i>\n            <\/span>\n        \n            <\/div>\n    <\/button>\n<\/div>\n                <\/div>\n                <div class=\"d-flex justify-content-end d-lg-none mt-4 mb-3\">\n                                    <\/div>\n            <\/div>\n        <\/section>","protected":false},"excerpt":{"rendered":"","protected":false},"author":2,"featured_media":4230,"parent":4139,"menu_order":18,"comment_status":"closed","ping_status":"closed","template":"","meta":{"_acf_changed":false,"_seopress_robots_primary_cat":"","_seopress_titles_title":"Visit Vlissingen | Studeren aan zee | Ontdek Vlissingen","_seopress_titles_desc":"Studeren aan zee in Vlissingen? Ontdek onderwijs, innovatie en maritieme expertise op de Kenniswerf en vind praktische informatie voor studenten.","_seopress_robots_index":"","footnotes":""},"class_list":["post-4221","page","type-page","status-publish","has-post-thumbnail"],"acf":[],"_links":{"self":[{"href":"https:\/\/visitvlissingen.nl\/de\/wp-json\/wp\/v2\/pages\/4221","targetHints":{"allow":["GET"]}}],"collection":[{"href":"https:\/\/visitvlissingen.nl\/de\/wp-json\/wp\/v2\/pages"}],"about":[{"href":"https:\/\/visitvlissingen.nl\/de\/wp-json\/wp\/v2\/types\/page"}],"author":[{"embeddable":true,"href":"https:\/\/visitvlissingen.nl\/de\/wp-json\/wp\/v2\/users\/2"}],"replies":[{"embeddable":true,"href":"https:\/\/visitvlissingen.nl\/de\/wp-json\/wp\/v2\/comments?post=4221"}],"version-history":[{"count":5,"href":"https:\/\/visitvlissingen.nl\/de\/wp-json\/wp\/v2\/pages\/4221\/revisions"}],"predecessor-version":[{"id":4347,"href":"https:\/\/visitvlissingen.nl\/de\/wp-json\/wp\/v2\/pages\/4221\/revisions\/4347"}],"up":[{"embeddable":true,"href":"https:\/\/visitvlissingen.nl\/de\/wp-json\/wp\/v2\/pages\/4139"}],"wp:featuredmedia":[{"embeddable":true,"href":"https:\/\/visitvlissingen.nl\/de\/wp-json\/wp\/v2\/media\/4230"}],"wp:attachment":[{"href":"https:\/\/visitvlissingen.nl\/de\/wp-json\/wp\/v2\/media?parent=4221"}],"curies":[{"name":"wp","href":"https:\/\/api.w.org\/{rel}","templated":true}]}}