{"id":1585,"date":"2025-02-19T10:39:23","date_gmt":"2025-02-19T09:39:23","guid":{"rendered":"https:\/\/visitvlissingen.nl\/?page_id=1585"},"modified":"2025-12-02T11:53:45","modified_gmt":"2025-12-02T10:53:45","slug":"natuur","status":"publish","type":"page","link":"https:\/\/visitvlissingen.nl\/fr\/zien-doen\/natuur-bewonderen\/natuur\/","title":{"rendered":"Nature"},"content":{"rendered":"<section class=\"block background-green-tertiary block--header block--no-spacing-top\">\n    <div class=\"container ps-5 ps-lg-8 pe-0\">\n        <div class=\"block--header__swiper swiper-container swiper-box disable-auto-height-from-lg\">\n            <div class=\"swiper-wrapper\">\n                                     \n\n                    <div class=\"swiper-slide\">\n                        <div class=\"row me-0 gx-7 h-100\">\n                            <div class=\"col-xxxl-5 col-xxl-5 col-xl-6 d-flex justify-content-between flex-column\">\n                                <div class=\"mt-4\">\n                                                                                                                                                                                                                                                                                                                                                                                                                                                                                                                                                                                                                                                                                                                                                                                    <a\n        href=\"https:\/\/visitvlissingen.nl\/fr\/zien-doen\/natuur-bewonderen\/\"\n         target=\"\"                 class=\"link-arrow block--header__archive mb-4 mb-xl-0\"\n    >\n                    <span class=\"me-4\">\n                <i class=\"icon icon-arrow-left\"><\/i>\n            <\/span>\n        \n                    <span>Retour \u00e0 Admirer la nature<\/span>\n            <\/a>\n                                                                    <\/div>\n\n                                <div class=\"block--header__text ps-xxxl-9\">\n                                    \n                                                                            <h1 class=\"d-none d-lg-block\" >Nature<\/h1>\n    <h1 class=\"d-block d-lg-none\" >Nature<\/h1>\n                                    \n                                                                            <div class=\"text-wrapper\"><p>Que vous preniez l'air sur la plage, que vous vous promeniez dans les dunes ou que vous observiez les oiseaux dans une r\u00e9serve naturelle, \u00e0 Flessingue et dans les environs, vous vous retrouvez en un rien de temps au c\u0153ur de la nature. La diversit\u00e9 de la mer, des for\u00eats et des dunes rend chaque voyage de d\u00e9couverte unique. C'est l'endroit id\u00e9al pour les randonneurs, les cyclistes et tous ceux qui recherchent le calme et la tranquillit\u00e9 pour \u00e9chapper \u00e0 l'agitation. Ici, la nature est pure, proche et impressionnante.<\/p>\n<\/div>\n                                    \n                                    \n                                                                                                                                                    \n                                                                    <\/div>\n                                <div><\/div>\n                            <\/div>\n                            <div class=\"mt-7 mt-xl-0 col-xxxl-6 col-xxl-7 col-xl-6 offset-xxxl-1 pe-0\">\n                                                                                                                                                                <figure class=\"image block--header__image block--header__image--medium z-1\">\n                                                <img decoding=\"async\" src=\"https:\/\/visitvlissingen.nl\/wp-content\/uploads\/2025\/03\/GemVlisCityMarketingJuni25-Rithemsebos01.jpg\" alt=\"\" \/>\n                                            <\/figure>\n                                                                                                    <\/div>\n                        <\/div>\n                    <\/div>\n                            <\/div>\n        <\/div>\n    <\/div>\n    <div class=\"waves\">\n        <div class=\"waves__wave waves__wave--green-primary\"><\/div>\n    <\/div>\n<\/section>\n\n\n<section class=\"block block--spots-archive block--no-spacing-top\">\n    <div class=\"archive-block archive-spots\">\n                                                <div class=\"block--spots-archive__card\" aria-hidden=\"true\" tabindex=\"-1\">\n                    <div class=\"container px-5 px-lg-8\">\n                        <div class=\"block--spots-archive__card__content\">\n                            <div class=\"row\">\n                                <div class=\"col-xxxl-4 col-xxl-4 col-xl-5 order-last order-xl-first\">\n                                    <div class=\"marker-content-container\"><\/div>\n                                <\/div>\n                                <div class=\"col-xxxl-7 col-xxl-8 col-xl-7 offset-xxxl-1\">\n                                    <div class=\"mapbox-wrapper\" data-map-color=\"default\" data-map-zoom=\"13\">\n                                                                                    \n                                            <div class=\"mapbox-marker\"\n                                                data-lat=\"51.4410208\"\n                                                data-lng=\"3.5794485\"\n                                                data-url=\"https:\/\/visitvlissingen.nl\/fr\/spots\/groene-boulevard\/\"\n                                                data-popup=\"&lt;div class=&quot;popup-content popup-content--first&quot;&gt;&lt;article class=&quot;spot-item theme-bottom-right-triangle&quot;&gt;    &lt;a class=&quot;d-block&quot; tabindex=&quot;0&quot; href=&quot;https:\/\/visitvlissingen.nl\/fr\/spots\/groene-boulevard\/&quot; aria-label=&quot;Bekijk deze spot&quot;&gt;                    &lt;figure class=&quot;image spot-item__image scale-on-hover&quot;&gt;                &lt;img class=&quot;image-position--center&quot; src=&quot;https:\/\/visitvlissingen.nl\/wp-content\/uploads\/2025\/04\/DSC6834x-kustlijn-oranje-molen.jpg&quot; alt=&quot;&quot;  loading=&quot;lazy&quot;&gt;            &lt;\/figure&gt;                &lt;div class=&quot;spot-item__content p-6 flex-grow-1&quot;&gt;            &lt;div&gt;                                    &lt;div class=&quot;cats-meta mb-3 color-blue-secondary&quot;&gt;                    &lt;span class=&quot;d-inline-flex me-3&quot;&gt;                                &lt;span class=&quot;cats-meta__item&quot;&gt;Natuur&lt;\/span&gt;            &lt;\/span&gt;            &lt;\/div&gt;                                &lt;h3 class=&quot;mb-3&quot;&gt;Groene Boulevard&lt;\/h3&gt;                                    &lt;div class=&quot;text--wrapper&quot;&gt;De Groene Boulevard in Vlissingen is een bijzondere wandel- en fietsroute langs de Westerschelde, waar natuur en stad harmonieus samenkomen. &lt;\/div&gt;                                &lt;div class=&quot;link-arrow mt-4 color-blue-secondary&quot;&gt;                    &lt;span class=&quot;me-4&quot;&gt;                &lt;i class=&quot;icon icon-arrow-right&quot; aria-hidden=&quot;true&quot;&gt;&lt;\/i&gt;            &lt;\/span&gt;                            &lt;span&gt;Bekijk deze spot&lt;\/span&gt;            &lt;\/div&gt;            &lt;\/div&gt;        &lt;\/div&gt;    &lt;\/a&gt;&lt;\/article&gt;&lt;\/div&gt;\">\n                                            <\/div>\n                                                                                    \n                                            <div class=\"mapbox-marker\"\n                                                data-lat=\"51.4499927\"\n                                                data-lng=\"3.5546313\"\n                                                data-url=\"https:\/\/visitvlissingen.nl\/fr\/spots\/windorgel\/\"\n                                                data-popup=\"&lt;div class=&quot;popup-content &quot;&gt;&lt;article class=&quot;spot-item theme-bottom-right-triangle&quot;&gt;    &lt;a class=&quot;d-block&quot; tabindex=&quot;0&quot; href=&quot;https:\/\/visitvlissingen.nl\/fr\/spots\/windorgel\/&quot; aria-label=&quot;Bekijk deze spot&quot;&gt;                    &lt;figure class=&quot;image spot-item__image scale-on-hover&quot;&gt;                &lt;img class=&quot;image-position--center&quot; src=&quot;https:\/\/visitvlissingen.nl\/wp-content\/uploads\/2025\/04\/GemVlisCityMarketingJuni25-Windorgel01.jpg&quot; alt=&quot;&quot;  loading=&quot;lazy&quot;&gt;            &lt;\/figure&gt;                &lt;div class=&quot;spot-item__content p-6 flex-grow-1&quot;&gt;            &lt;div&gt;                                    &lt;div class=&quot;cats-meta mb-3 color-blue-secondary&quot;&gt;                    &lt;span class=&quot;d-inline-flex me-3&quot;&gt;                                &lt;span class=&quot;cats-meta__item&quot;&gt;Natuur&lt;\/span&gt;            &lt;\/span&gt;            &lt;\/div&gt;                                &lt;h3 class=&quot;mb-3&quot;&gt;Windorgel&lt;\/h3&gt;                                    &lt;div class=&quot;text--wrapper&quot;&gt;Het Windorgel, gelegen aan de boulevard van Vlissingen, is een kunstwerk dat de natuurlijke kracht van de wind omzet in muziek. Dit bijzondere instrument bestaat uit een reeks verticale pijpen.&lt;\/div&gt;                                &lt;div class=&quot;link-arrow mt-4 color-blue-secondary&quot;&gt;                    &lt;span class=&quot;me-4&quot;&gt;                &lt;i class=&quot;icon icon-arrow-right&quot; aria-hidden=&quot;true&quot;&gt;&lt;\/i&gt;            &lt;\/span&gt;                            &lt;span&gt;Bekijk deze spot&lt;\/span&gt;            &lt;\/div&gt;            &lt;\/div&gt;        &lt;\/div&gt;    &lt;\/a&gt;&lt;\/article&gt;&lt;\/div&gt;\">\n                                            <\/div>\n                                                                                    \n                                            <div class=\"mapbox-marker\"\n                                                data-lat=\"51.4526444\"\n                                                data-lng=\"3.6264056\"\n                                                data-url=\"https:\/\/visitvlissingen.nl\/fr\/spots\/ritthemse-bos\/\"\n                                                data-popup=\"&lt;div class=&quot;popup-content &quot;&gt;&lt;article class=&quot;spot-item theme-bottom-right-triangle&quot;&gt;    &lt;a class=&quot;d-block&quot; tabindex=&quot;0&quot; href=&quot;https:\/\/visitvlissingen.nl\/fr\/spots\/ritthemse-bos\/&quot; aria-label=&quot;Bekijk deze spot&quot;&gt;                    &lt;figure class=&quot;image spot-item__image scale-on-hover&quot;&gt;                &lt;img class=&quot;image-position--center&quot; src=&quot;https:\/\/visitvlissingen.nl\/wp-content\/uploads\/2025\/03\/GemVlisCityMarketingJuni25-Rithemsebos01.jpg&quot; alt=&quot;&quot;  loading=&quot;lazy&quot;&gt;            &lt;\/figure&gt;                &lt;div class=&quot;spot-item__content p-6 flex-grow-1&quot;&gt;            &lt;div&gt;                                    &lt;div class=&quot;cats-meta mb-3 color-blue-secondary&quot;&gt;                    &lt;span class=&quot;d-inline-flex me-3&quot;&gt;                                &lt;span class=&quot;cats-meta__item&quot;&gt;Natuur&lt;\/span&gt;            &lt;\/span&gt;            &lt;\/div&gt;                                &lt;h3 class=&quot;mb-3&quot;&gt;Ritthemse Bos&lt;\/h3&gt;                                    &lt;div class=&quot;text--wrapper&quot;&gt;Het Ritthemse Bos, officieel bekend als natuurgebied Rammekenshoek, is een natuurgebied van ongeveer 70 hectare, gelegen nabij het dorp Ritthem. &lt;\/div&gt;                                &lt;div class=&quot;link-arrow mt-4 color-blue-secondary&quot;&gt;                    &lt;span class=&quot;me-4&quot;&gt;                &lt;i class=&quot;icon icon-arrow-right&quot; aria-hidden=&quot;true&quot;&gt;&lt;\/i&gt;            &lt;\/span&gt;                            &lt;span&gt;Bekijk deze spot&lt;\/span&gt;            &lt;\/div&gt;            &lt;\/div&gt;        &lt;\/div&gt;    &lt;\/a&gt;&lt;\/article&gt;&lt;\/div&gt;\">\n                                            <\/div>\n                                                                                    \n                                            <div class=\"mapbox-marker\"\n                                                data-lat=\"51.4499927\"\n                                                data-lng=\"3.5546313\"\n                                                data-url=\"https:\/\/visitvlissingen.nl\/fr\/spots\/nollestrand\/\"\n                                                data-popup=\"&lt;div class=&quot;popup-content &quot;&gt;&lt;article class=&quot;spot-item theme-bottom-right-triangle&quot;&gt;    &lt;a class=&quot;d-block&quot; tabindex=&quot;0&quot; href=&quot;https:\/\/visitvlissingen.nl\/fr\/spots\/nollestrand\/&quot; aria-label=&quot;Bekijk deze spot&quot;&gt;                    &lt;figure class=&quot;image spot-item__image scale-on-hover&quot;&gt;                &lt;img class=&quot;image-position--center&quot; src=&quot;https:\/\/visitvlissingen.nl\/wp-content\/uploads\/2025\/04\/DSC7132-x-nollestrand-bewwit.jpg&quot; alt=&quot;&quot;  loading=&quot;lazy&quot;&gt;            &lt;\/figure&gt;                &lt;div class=&quot;spot-item__content p-6 flex-grow-1&quot;&gt;            &lt;div&gt;                                    &lt;div class=&quot;cats-meta mb-3 color-blue-secondary&quot;&gt;                    &lt;span class=&quot;d-inline-flex me-3&quot;&gt;                                &lt;span class=&quot;cats-meta__item&quot;&gt;Natuur&lt;\/span&gt;            &lt;\/span&gt;            &lt;\/div&gt;                                &lt;h3 class=&quot;mb-3&quot;&gt;Nollestrand&lt;\/h3&gt;                                    &lt;div class=&quot;text--wrapper&quot;&gt;Het Nollestrand in Vlissingen is een geliefde plek voor zowel locals als toeristen om te genieten van zon, zee en strand. &lt;\/div&gt;                                &lt;div class=&quot;link-arrow mt-4 color-blue-secondary&quot;&gt;                    &lt;span class=&quot;me-4&quot;&gt;                &lt;i class=&quot;icon icon-arrow-right&quot; aria-hidden=&quot;true&quot;&gt;&lt;\/i&gt;            &lt;\/span&gt;                            &lt;span&gt;Bekijk deze spot&lt;\/span&gt;            &lt;\/div&gt;            &lt;\/div&gt;        &lt;\/div&gt;    &lt;\/a&gt;&lt;\/article&gt;&lt;\/div&gt;\">\n                                            <\/div>\n                                                                                    \n                                            <div class=\"mapbox-marker\"\n                                                data-lat=\"51.4492126\"\n                                                data-lng=\"3.560349\"\n                                                data-url=\"https:\/\/visitvlissingen.nl\/fr\/spots\/badstrand\/\"\n                                                data-popup=\"&lt;div class=&quot;popup-content &quot;&gt;&lt;article class=&quot;spot-item theme-bottom-right-triangle&quot;&gt;    &lt;a class=&quot;d-block&quot; tabindex=&quot;0&quot; href=&quot;https:\/\/visitvlissingen.nl\/fr\/spots\/badstrand\/&quot; aria-label=&quot;Bekijk deze spot&quot;&gt;                    &lt;figure class=&quot;image spot-item__image scale-on-hover&quot;&gt;                &lt;img class=&quot;image-position--center&quot; src=&quot;https:\/\/visitvlissingen.nl\/wp-content\/uploads\/2025\/04\/027_D4X5659-bew-strand-boulevard.jpg&quot; alt=&quot;&quot;  loading=&quot;lazy&quot;&gt;            &lt;\/figure&gt;                &lt;div class=&quot;spot-item__content p-6 flex-grow-1&quot;&gt;            &lt;div&gt;                                    &lt;div class=&quot;cats-meta mb-3 color-blue-secondary&quot;&gt;                    &lt;span class=&quot;d-inline-flex me-3&quot;&gt;                                &lt;span class=&quot;cats-meta__item&quot;&gt;Natuur&lt;\/span&gt;            &lt;\/span&gt;            &lt;\/div&gt;                                &lt;h3 class=&quot;mb-3&quot;&gt;Badstrand&lt;\/h3&gt;                                    &lt;div class=&quot;text--wrapper&quot;&gt;Het Badstrand in Vlissingen is een populaire bestemming voor zowel locals als toeristen. Gelegen langs de boulevard, biedt dit strand een prachtig uitzicht op de Westerschelde.&lt;\/div&gt;                                &lt;div class=&quot;link-arrow mt-4 color-blue-secondary&quot;&gt;                    &lt;span class=&quot;me-4&quot;&gt;                &lt;i class=&quot;icon icon-arrow-right&quot; aria-hidden=&quot;true&quot;&gt;&lt;\/i&gt;            &lt;\/span&gt;                            &lt;span&gt;Bekijk deze spot&lt;\/span&gt;            &lt;\/div&gt;            &lt;\/div&gt;        &lt;\/div&gt;    &lt;\/a&gt;&lt;\/article&gt;&lt;\/div&gt;\">\n                                            <\/div>\n                                                                                    \n                                            <div class=\"mapbox-marker\"\n                                                data-lat=\"51.4527603\"\n                                                data-lng=\"3.5564488\"\n                                                data-url=\"https:\/\/visitvlissingen.nl\/fr\/spots\/nollebos\/\"\n                                                data-popup=\"&lt;div class=&quot;popup-content &quot;&gt;&lt;article class=&quot;spot-item theme-bottom-right-triangle&quot;&gt;    &lt;a class=&quot;d-block&quot; tabindex=&quot;0&quot; href=&quot;https:\/\/visitvlissingen.nl\/fr\/spots\/nollebos\/&quot; aria-label=&quot;Bekijk deze spot&quot;&gt;                    &lt;figure class=&quot;image spot-item__image scale-on-hover&quot;&gt;                &lt;img class=&quot;image-position--center&quot; src=&quot;https:\/\/visitvlissingen.nl\/wp-content\/uploads\/2025\/02\/GemVlisCityMarketingJuni25-Nollebos01.jpg&quot; alt=&quot;&quot;  loading=&quot;lazy&quot;&gt;            &lt;\/figure&gt;                &lt;div class=&quot;spot-item__content p-6 flex-grow-1&quot;&gt;            &lt;div&gt;                                    &lt;div class=&quot;cats-meta mb-3 color-blue-secondary&quot;&gt;                    &lt;span class=&quot;d-inline-flex me-3&quot;&gt;                                &lt;span class=&quot;cats-meta__item&quot;&gt;Natuur&lt;\/span&gt;            &lt;\/span&gt;            &lt;\/div&gt;                                &lt;h3 class=&quot;mb-3&quot;&gt;Nollebos&lt;\/h3&gt;                                    &lt;div class=&quot;text--wrapper&quot;&gt;Het Nollebos is een geliefd recreatie- en natuurgebied aan de rand van Vlissingen, gelegen vlak bij de duinen en het Nollestrand. &lt;\/div&gt;                                &lt;div class=&quot;link-arrow mt-4 color-blue-secondary&quot;&gt;                    &lt;span class=&quot;me-4&quot;&gt;                &lt;i class=&quot;icon icon-arrow-right&quot; aria-hidden=&quot;true&quot;&gt;&lt;\/i&gt;            &lt;\/span&gt;                            &lt;span&gt;Bekijk deze spot&lt;\/span&gt;            &lt;\/div&gt;            &lt;\/div&gt;        &lt;\/div&gt;    &lt;\/a&gt;&lt;\/article&gt;&lt;\/div&gt;\">\n                                            <\/div>\n                                                                                                                    <\/div>\n                                <\/div>\n                            <\/div>\n                        <\/div>\n                    <\/div>\n                <\/div>\n                    \n        <input type=\"hidden\" value=\"color-blue-secondary\" name=\"archive_color_scheme\">\n        <input type=\"hidden\" value=\"1545\" name=\"archive_current_page\">\n        <input type=\"hidden\" value=\"spot\" name=\"archive_post_type\">\n                    <div class=\"block\"><\/div>\n        \n                    <input type=\"hidden\" value=\"114\" name=\"archive_cat_id\">\n        \n        \n        <div class=\"archive__results\">\n            <div class=\"container px-5 px-lg-8\">\n                                                                    <div class=\"row g-7 resultItems\"><\/div>\n            <\/div>\n        <\/div>\n\n        <!-- Laad meer -->\n                <div class=\"block text-center loadMoreWrapper block block--double-spacing pb-0\" style=\"display: none;\">\n            <div class=\"container px-5 px-lg-8\">\n                <button aria-label=\"Charger plus de spots\" tabindex=\"0\" class=\"btn btn--green-tertiary loadMore\">\n                    Charger plus de spots\n                <\/button>\n            <\/div>\n        <\/div>\n    <\/div>\n\n<\/section>","protected":false},"excerpt":{"rendered":"","protected":false},"author":7,"featured_media":2758,"parent":1584,"menu_order":23,"comment_status":"closed","ping_status":"closed","template":"","meta":{"_acf_changed":false,"_seopress_robots_primary_cat":"","_seopress_titles_title":"Visit Vlissingen | Natuur | Ontdek Vlissingse zee en duinen","_seopress_titles_desc":"Beleef Vlissingens natuur aan zee met duinen, frisse zeelucht en plekken om te wandelen, ontspannen en buiten te genieten. Bekijk de natuur.","_seopress_robots_index":"","footnotes":""},"class_list":["post-1585","page","type-page","status-publish","has-post-thumbnail"],"acf":[],"_links":{"self":[{"href":"https:\/\/visitvlissingen.nl\/fr\/wp-json\/wp\/v2\/pages\/1585","targetHints":{"allow":["GET"]}}],"collection":[{"href":"https:\/\/visitvlissingen.nl\/fr\/wp-json\/wp\/v2\/pages"}],"about":[{"href":"https:\/\/visitvlissingen.nl\/fr\/wp-json\/wp\/v2\/types\/page"}],"author":[{"embeddable":true,"href":"https:\/\/visitvlissingen.nl\/fr\/wp-json\/wp\/v2\/users\/7"}],"replies":[{"embeddable":true,"href":"https:\/\/visitvlissingen.nl\/fr\/wp-json\/wp\/v2\/comments?post=1585"}],"version-history":[{"count":10,"href":"https:\/\/visitvlissingen.nl\/fr\/wp-json\/wp\/v2\/pages\/1585\/revisions"}],"predecessor-version":[{"id":3595,"href":"https:\/\/visitvlissingen.nl\/fr\/wp-json\/wp\/v2\/pages\/1585\/revisions\/3595"}],"up":[{"embeddable":true,"href":"https:\/\/visitvlissingen.nl\/fr\/wp-json\/wp\/v2\/pages\/1584"}],"wp:featuredmedia":[{"embeddable":true,"href":"https:\/\/visitvlissingen.nl\/fr\/wp-json\/wp\/v2\/media\/2758"}],"wp:attachment":[{"href":"https:\/\/visitvlissingen.nl\/fr\/wp-json\/wp\/v2\/media?parent=1585"}],"curies":[{"name":"wp","href":"https:\/\/api.w.org\/{rel}","templated":true}]}}