{"id":1612,"date":"2025-02-19T10:45:43","date_gmt":"2025-02-19T09:45:43","guid":{"rendered":"https:\/\/visitvlissingen.nl\/?page_id=1612"},"modified":"2026-04-02T19:36:01","modified_gmt":"2026-04-02T17:36:01","slug":"uitagenda","status":"publish","type":"page","link":"https:\/\/visitvlissingen.nl\/fr\/uitagenda\/","title":{"rendered":"Agenda"},"content":{"rendered":"<section class=\"block background-purple block--header block--no-spacing-top\">\n    <div class=\"container ps-5 ps-lg-8 pe-0\">\n        <div class=\"block--header__swiper swiper-container swiper-box disable-auto-height-from-lg\">\n            <div class=\"swiper-wrapper\">\n                                     \n\n                    <div class=\"swiper-slide\">\n                        <div class=\"row me-0 gx-7 h-100\">\n                            <div class=\"col-xxxl-5 col-xxl-5 col-xl-6 d-flex justify-content-between flex-column\">\n                                <div class=\"mt-4\">\n                                                                                                                                                                                                                                                                                                                                                                                                                                                                                                                                                                                                                                                                                                                                                                            <\/div>\n\n                                <div class=\"block--header__text ps-xxxl-9\">\n                                    \n                                                                            <h1 class=\"d-none d-lg-block\" >Agenda<\/h1>\n    <h1 class=\"d-block d-lg-none\" >Agenda<\/h1>\n                                    \n                                                                            <div class=\"text-wrapper\"><p>Flessingue est la ville \u00e9v\u00e9nementielle de la Z\u00e9lande, rassemblant tout au long de l'ann\u00e9e un large \u00e9ventail d'activit\u00e9s artistiques, culturelles, sportives, musicales, th\u00e9\u00e2trales et de danse. Qu'il s'agisse d'un festival en bord de mer, d'un festival du film ou du festival festif de la Lib\u00e9ration, il se passe toujours quelque chose. Profitez de la polyvalence et de l'\u00e9nergie de la c\u00f4te de Flessingue !<\/p>\n<\/div>\n                                    \n                                    \n                                                                            <a\n                    href=\"https:\/\/visitvlissingen.nl\/fr\/activiteit-aanmelden\/\"\n                        tabindex=\"0\"\n                class=\"btn btn--perzik-purple mt-5\"\n            >\n        Activit\u00e9 de connexion\n        \n    <\/a>\n\n                                                                            \n                                                                    <\/div>\n                                <div><\/div>\n                            <\/div>\n                            <div class=\"mt-7 mt-xl-0 col-xxxl-6 col-xxl-7 col-xl-6 offset-xxxl-1 pe-0\">\n                                                                                                                    <div class=\"video-pause h-100\">\n                                                <figure class=\"image block--header__image block--header__image--medium z-1\">\n                                                    <video class=\"center\" poster=\"https:\/\/visitvlissingen.nl\/wp-content\/uploads\/2025\/04\/uitagenda_2.webp\" frameborder=\"0\" width=\"100\" muted=\"true\" autoplay=\"\" playsinline=\"\" loop=\"\" preload=\"none\" loading=\"lazy\">\n                                                        <source src=\"https:\/\/visitvlissingen.nl\/wp-content\/uploads\/2025\/05\/HEADER-2.mp4\" type=\"video\/mp4\">\n                                                    <\/video>\n                                                    <button tabindex=\"0\" class=\"video-overlay\" aria-label=\"Pause vid\u00e9o\">\n                                                        <span>Pause vid\u00e9o<\/span>\n                                                    <\/button>\n                                                <\/figure>\n                                            <\/div>\n                                                                                                            <\/div>\n                        <\/div>\n                    <\/div>\n                            <\/div>\n        <\/div>\n    <\/div>\n    <div class=\"waves\">\n        <div class=\"waves__wave waves__wave--green-primary\"><\/div>\n    <\/div>\n<\/section>\n\n\n<section class=\"block block--events-archive block--no-spacing-top\">\n        \n        <div class=\"archive-block archive-events\">\n            <input type=\"hidden\" value=\"color-blue-secondary\" name=\"archive_color_scheme\">\n               \n                <input type=\"hidden\" value=\"both\" name=\"type_events\">\n            \n            <!-- Filters -->\n            <div class=\"archive__filter block d-none\">\n                <div class=\"container px-5 px-lg-8\">\n                    <div class=\"row gx-lg-8\">\n                        <div class=\"col-xl-4 mb-5 mb-xl-0\">\n                            <div class=\"row gx-md-8\">\n                                <div class=\"col-12\">\n                                    <h2 class=\"mb-4\">Que faire ?<\/h2>\n                                <\/div>\n                                <div class=\"col-12\">\n                                    <div \n                                    x-data=\"{ open: false }\" \n                                    @click.outside=\"open = false\" \n                                    class=\"select-filter\">\n                                        <div \n                                            class=\"select-filter__button pe-1\" \n                                            role=\"button\" \n                                            aria-haspopup=\"true\" \n                                            aria-expanded=\"false\" \n                                            aria-label=\"Choisir un type d&#039;activit\u00e9\"\n                                            tabindex=\"0\"\n                                            @click=\"open = !open\" \n                                            @keydown.enter=\"open = !open\" \n                                            @keydown.space.prevent=\"open = !open\"\n                                            :aria-expanded=\"open.toString()\">\n                                            <span>Type d'activit\u00e9<\/span>\n                                            <i class=\"icon-menu-angle icon-menu-angle--down color-blue-secondary\" aria-hidden=\"true\"><\/i>\n                                        <\/div>\n                                        <div \n                                            class=\"select-filter__options\" \n                                            x-show=\"open\" \n                                            @keydown.escape=\"open = false\"\n                                            :aria-hidden=\"(!open).toString()\">\n                                            <ul class=\"archive__filter__cats\"><\/ul> \n                                        <\/div>\n                                    <\/div>\n                                <\/div>\n                            <\/div>\n                        <\/div>\n                        <div class=\"col-xl-8\" id=\"selectDate\">\n                            <div class=\"row gx-md-8\">\n                                <div class=\"col-12\">\n                                    <h2 class=\"mb-4\">A quelle \u00e9poque ?<\/h2>\n                                <\/div>\n                                <div class=\"col-12\">\n                                    <div class=\"row gx-8\">\n                                        <div class=\"col-auto\">\n                                            <div \n                                                x-data=\"{ open: false }\" \n                                                @click.outside=\"open = false\" \n                                                class=\"select-filter\">\n                                                <div \n                                                    class=\"select-filter__button pe-1\" \n                                                    role=\"button\" \n                                                    aria-haspopup=\"true\" \n                                                    aria-expanded=\"false\" \n                                                    aria-label=\"Choisir un type d&#039;activit\u00e9\"\n                                                    tabindex=\"0\"\n                                                    @click=\"open = !open\" \n                                                    @keydown.enter=\"open = !open\" \n                                                    @keydown.space.prevent=\"open = !open\"\n                                                    :aria-expanded=\"open.toString()\">\n                                                    <span>P\u00e9riode<\/span>\n                                                    <i class=\"icon-menu-angle icon-menu-angle--down color-blue-secondary\" aria-hidden=\"true\"><\/i>\n                                                <\/div>\n                                                <div \n                                                    class=\"select-filter__options\" \n                                                    x-show=\"open\" \n                                                    @keydown.escape=\"open = false\"\n                                                    :aria-hidden=\"(!open).toString()\">\n                                                    <ul class=\"select-filter__options__dates\">\n                                                        <li>\n                                                            <label class=\"select-filter__options__dates__item custom-label my-3\" for=\"date-today\">\n                                                                <input tabindex=\"0\" autocomplete=\"off\" type=\"checkbox\" value=\"today\" id=\"date-today\" \/>\n                                                                <span>Aujourd'hui<\/span>\n                                                            <\/label>\n                                                        <\/li>\n                                                        <li>\n                                                            <label class=\"select-filter__options__dates__item custom-label my-3\" for=\"date-tomorrow\">\n                                                                <input tabindex=\"0\" autocomplete=\"off\" type=\"checkbox\" value=\"tomorrow\" id=\"date-tomorrow\" \/>\n                                                                <span>Demain<\/span>\n                                                            <\/label>\n                                                        <\/li>\n                                                        <li>\n                                                            <label class=\"select-filter__options__dates__item custom-label my-3\" for=\"date-thisweekend\">\n                                                                <input tabindex=\"0\" autocomplete=\"off\" type=\"checkbox\" value=\"thisweekend\" id=\"date-thisweekend\" \/>\n                                                                <span>Week-end \u00e0 venir<\/span>\n                                                            <\/label>\n                                                        <\/li>\n                                                        <li>\n                                                            <label class=\"select-filter__options__dates__item custom-label my-3\" for=\"date-next7days\">\n                                                                <input tabindex=\"0\" autocomplete=\"off\" type=\"checkbox\" value=\"next7days\" id=\"date-next7days\" \/>\n                                                                <span>7 prochains jours<\/span>\n                                                            <\/label>\n                                                        <\/li>\n                                                        <li>\n                                                            <label class=\"select-filter__options__dates__item custom-label my-3\" for=\"date-next14days\">\n                                                                <input tabindex=\"0\" autocomplete=\"off\" type=\"checkbox\" value=\"next14days\" id=\"date-next14days\" \/>\n                                                                <span>14 prochains jours<\/span>\n                                                            <\/label>\n                                                        <\/li>\n                                                        <li>\n                                                            <label class=\"select-filter__options__dates__item custom-label my-3\" for=\"date-next30days\">\n                                                                <input tabindex=\"0\" autocomplete=\"off\" type=\"checkbox\" value=\"next30days\" id=\"date-next30days\" \/>\n                                                                <span>30 prochains jours<\/span>\n                                                            <\/label>\n                                                        <\/li>\n                                                    <\/ul>\n                                                <\/div>\n                                            <\/div>\n                                        <\/div>\n                                        <div class=\"col-auto my-auto d-block d-sm-none\">\n                                            <span>\n                                                <b> ou <\/b>\n                                            <\/span>\n                                        <\/div>\n                                        <div class=\"col-sm-auto my-auto\">\n                                            <input class=\"d-none\" autocomplete=\"off\" type=\"checkbox\" value=\"customdate\" id=\"date-range\" \/>\n                                            <div class=\"archive__filter__range mt-4 mt-sm-0\">\n                                                <span class=\"d-none d-sm-block\">\n                                                    <b> ou <\/b>\n                                                <\/span>\n                                                <span> De <\/span>\n                                                <label for=\"event-date-start\">\n                                                    <input type=\"text\" autocomplete=\"off\" id=\"event-date-start\"  placeholder=\"JJ\/MM\/AAAA\">\n                                                <\/label>\n                                                <span> Pour <\/span>\n                                                <label for=\"event-date-end\">\n                                                    <input type=\"text\" autocomplete=\"off\" id=\"event-date-end\"  placeholder=\"JJ\/MM\/AAAA\">\n                                                <\/label>\n                                            <\/div>\n                                        <\/div>\n                                    <\/div>\n                                <\/div>\n                            <\/div>\n                        <\/div>\n                    <\/div>\n                <\/div>\n            <\/div>\n            \n                    \n            <!-- Events -->\n            <div class=\"archive__results\">\n                <div class=\"container px-5 px-lg-8\">\n                                        <div class=\"row g-7 resultItems\"><\/div>\n                <\/div>\n            <\/div>\n\n            <!-- Laad meer -->\n            <div class=\"block text-center loadMoreWrapper block block--double-spacing pb-0\" style=\"display: none;\">\n                <div class=\"container px-5 px-lg-8\">\n                    <button aria-label=\"Chargez plus d&#039;\u00e9v\u00e9nements\" tabindex=\"0\" class=\"btn btn--perzik-purple loadMore\">\n                        Plus d'activit\u00e9s\n                    <\/button>\n                <\/div>\n            <\/div>\n        <\/div>\n\n        \n            <\/section>","protected":false},"excerpt":{"rendered":"","protected":false},"author":7,"featured_media":0,"parent":0,"menu_order":37,"comment_status":"closed","ping_status":"closed","template":"","meta":{"_acf_changed":false,"_seopress_robots_primary_cat":"","_seopress_titles_title":"Visit Vlissingen | Uitagenda | Ontdek Vlissingse evenementen","_seopress_titles_desc":"Beleef Vlissingen met een goedgevulde uitagenda. Muziek, theater, markten en meer, er is altijd iets te doen in de stad aan zee. Bekijk de uitagenda.","_seopress_robots_index":"","footnotes":""},"class_list":["post-1612","page","type-page","status-publish"],"acf":[],"_links":{"self":[{"href":"https:\/\/visitvlissingen.nl\/fr\/wp-json\/wp\/v2\/pages\/1612","targetHints":{"allow":["GET"]}}],"collection":[{"href":"https:\/\/visitvlissingen.nl\/fr\/wp-json\/wp\/v2\/pages"}],"about":[{"href":"https:\/\/visitvlissingen.nl\/fr\/wp-json\/wp\/v2\/types\/page"}],"author":[{"embeddable":true,"href":"https:\/\/visitvlissingen.nl\/fr\/wp-json\/wp\/v2\/users\/7"}],"replies":[{"embeddable":true,"href":"https:\/\/visitvlissingen.nl\/fr\/wp-json\/wp\/v2\/comments?post=1612"}],"version-history":[{"count":21,"href":"https:\/\/visitvlissingen.nl\/fr\/wp-json\/wp\/v2\/pages\/1612\/revisions"}],"predecessor-version":[{"id":4611,"href":"https:\/\/visitvlissingen.nl\/fr\/wp-json\/wp\/v2\/pages\/1612\/revisions\/4611"}],"wp:attachment":[{"href":"https:\/\/visitvlissingen.nl\/fr\/wp-json\/wp\/v2\/media?parent=1612"}],"curies":[{"name":"wp","href":"https:\/\/api.w.org\/{rel}","templated":true}]}}