{"id":1959,"date":"2025-04-04T10:15:37","date_gmt":"2025-04-04T08:15:37","guid":{"rendered":"https:\/\/visitvlissingen.nl\/?page_id=1959"},"modified":"2025-12-01T09:07:43","modified_gmt":"2025-12-01T08:07:43","slug":"musea","status":"publish","type":"page","link":"https:\/\/visitvlissingen.nl\/fr\/zien-doen\/cultuur-snuiven\/musea\/","title":{"rendered":"Mus\u00e9es"},"content":{"rendered":"<section class=\"block background-green-tertiary block--header block--no-spacing-top\">\n    <div class=\"container ps-5 ps-lg-8 pe-0\">\n        <div class=\"block--header__swiper swiper-container swiper-box disable-auto-height-from-lg\">\n            <div class=\"swiper-wrapper\">\n                                     \n\n                    <div class=\"swiper-slide\">\n                        <div class=\"row me-0 gx-7 h-100\">\n                            <div class=\"col-xxxl-5 col-xxl-5 col-xl-6 d-flex justify-content-between flex-column\">\n                                <div class=\"mt-4\">\n                                                                                                                                                                                                                                                                                                                                                                                                                                                                                                                                                                                                                                                                                                                                                                                    <a\n        href=\"https:\/\/visitvlissingen.nl\/fr\/zien-doen\/cultuur-snuiven\/\"\n         target=\"\"                 class=\"link-arrow block--header__archive mb-4 mb-xl-0\"\n    >\n                    <span class=\"me-4\">\n                <i class=\"icon icon-arrow-left\"><\/i>\n            <\/span>\n        \n                    <span>Retour \u00e0 Culture Sniffing<\/span>\n            <\/a>\n                                                                    <\/div>\n\n                                <div class=\"block--header__text ps-xxxl-9\">\n                                    \n                                                                            <h1 class=\"d-none d-lg-block\" >Mus\u00e9es<\/h1>\n    <h1 class=\"d-block d-lg-none\" >Mus\u00e9es<\/h1>\n                                    \n                                                                            <div class=\"text-wrapper\"><p>Flessingue a une histoire riche que vous pouvez d\u00e9couvrir dans ses mus\u00e9es. Entrez dans le monde des h\u00e9ros de la mer, des aventures maritimes et des histoires locales. Des expositions interactives aux collections impressionnantes, il y a toujours quelque chose de nouveau \u00e0 d\u00e9couvrir. Pour les jeunes et les moins jeunes, les mus\u00e9es sont un compl\u00e9ment fascinant \u00e0 une journ\u00e9e de visite dans la ville.<\/p>\n<\/div>\n                                    \n                                    \n                                                                                                                                                    \n                                                                    <\/div>\n                                <div><\/div>\n                            <\/div>\n                            <div class=\"mt-7 mt-xl-0 col-xxxl-6 col-xxl-7 col-xl-6 offset-xxxl-1 pe-0\">\n                                                                                                                                                                <figure class=\"image block--header__image block--header__image--medium z-1\">\n                                                <img decoding=\"async\" src=\"https:\/\/visitvlissingen.nl\/wp-content\/uploads\/2025\/03\/DSC7547-vlissingen-dokjevanperry-klein.jpg\" alt=\"\" \/>\n                                            <\/figure>\n                                                                                                    <\/div>\n                        <\/div>\n                    <\/div>\n                            <\/div>\n        <\/div>\n    <\/div>\n    <div class=\"waves\">\n        <div class=\"waves__wave waves__wave--green-primary\"><\/div>\n    <\/div>\n<\/section>\n\n\n<section class=\"block block--spots-archive block--no-spacing-top\">\n    <div class=\"archive-block archive-spots\">\n                                                <div class=\"block--spots-archive__card\" aria-hidden=\"true\" tabindex=\"-1\">\n                    <div class=\"container px-5 px-lg-8\">\n                        <div class=\"block--spots-archive__card__content\">\n                            <div class=\"row\">\n                                <div class=\"col-xxxl-4 col-xxl-4 col-xl-5 order-last order-xl-first\">\n                                    <div class=\"marker-content-container\"><\/div>\n                                <\/div>\n                                <div class=\"col-xxxl-7 col-xxl-8 col-xl-7 offset-xxxl-1\">\n                                    <div class=\"mapbox-wrapper\" data-map-color=\"default\" data-map-zoom=\"13\">\n                                                                                    \n                                            <div class=\"mapbox-marker\"\n                                                data-lat=\"51.4462626\"\n                                                data-lng=\"3.5778711\"\n                                                data-url=\"https:\/\/visitvlissingen.nl\/fr\/spots\/museum-scheldewerf\/\"\n                                                data-popup=\"&lt;div class=&quot;popup-content popup-content--first&quot;&gt;&lt;article class=&quot;spot-item theme-bottom-right-triangle&quot;&gt;    &lt;a class=&quot;d-block&quot; tabindex=&quot;0&quot; href=&quot;https:\/\/visitvlissingen.nl\/fr\/spots\/museum-scheldewerf\/&quot; aria-label=&quot;Bekijk deze spot&quot;&gt;                    &lt;figure class=&quot;image spot-item__image scale-on-hover&quot;&gt;                &lt;img class=&quot;image-position--center&quot; src=&quot;https:\/\/visitvlissingen.nl\/wp-content\/uploads\/2025\/04\/DSC5112-x-Stoomhijskraan-Museum-Scheldewerf-bewwit.jpg&quot; alt=&quot;&quot;  loading=&quot;lazy&quot;&gt;            &lt;\/figure&gt;                &lt;div class=&quot;spot-item__content p-6 flex-grow-1&quot;&gt;            &lt;div&gt;                                    &lt;div class=&quot;cats-meta mb-3 color-blue-secondary&quot;&gt;                    &lt;span class=&quot;d-inline-flex me-3&quot;&gt;                                &lt;span class=&quot;cats-meta__item&quot;&gt;Musea&lt;\/span&gt;            &lt;\/span&gt;            &lt;\/div&gt;                                &lt;h3 class=&quot;mb-3&quot;&gt;Museum Scheldewerf&lt;\/h3&gt;                                    &lt;div class=&quot;text--wrapper&quot;&gt;Museum Scheldewerf vertelt het verhaal van de beroemde scheepswerf Koninklijke Maatschappij De Schelde, die sinds 1875 een belangrijke rol speelde in de Nederlandse scheepsbouwindustrie. &lt;\/div&gt;                                &lt;div class=&quot;link-arrow mt-4 color-blue-secondary&quot;&gt;                    &lt;span class=&quot;me-4&quot;&gt;                &lt;i class=&quot;icon icon-arrow-right&quot; aria-hidden=&quot;true&quot;&gt;&lt;\/i&gt;            &lt;\/span&gt;                            &lt;span&gt;Bekijk deze spot&lt;\/span&gt;            &lt;\/div&gt;            &lt;\/div&gt;        &lt;\/div&gt;    &lt;\/a&gt;&lt;\/article&gt;&lt;\/div&gt;\">\n                                            <\/div>\n                                                                                    \n                                            <div class=\"mapbox-marker\"\n                                                data-lat=\"51.4442271\"\n                                                data-lng=\"3.5785215\"\n                                                data-url=\"https:\/\/visitvlissingen.nl\/fr\/spots\/mercuur\/\"\n                                                data-popup=\"&lt;div class=&quot;popup-content &quot;&gt;&lt;article class=&quot;spot-item theme-bottom-right-triangle&quot;&gt;    &lt;a class=&quot;d-block&quot; tabindex=&quot;0&quot; href=&quot;https:\/\/visitvlissingen.nl\/fr\/spots\/mercuur\/&quot; aria-label=&quot;Bekijk deze spot&quot;&gt;                    &lt;figure class=&quot;image spot-item__image scale-on-hover&quot;&gt;                &lt;img class=&quot;image-position--center&quot; src=&quot;https:\/\/visitvlissingen.nl\/wp-content\/uploads\/2025\/03\/DSC7510-vlissingen-dokjevperry.jpg&quot; alt=&quot;&quot;  loading=&quot;lazy&quot;&gt;            &lt;\/figure&gt;                &lt;div class=&quot;spot-item__content p-6 flex-grow-1&quot;&gt;            &lt;div&gt;                                    &lt;div class=&quot;cats-meta mb-3 color-blue-secondary&quot;&gt;                    &lt;span class=&quot;d-inline-flex me-3&quot;&gt;                                &lt;span class=&quot;cats-meta__item&quot;&gt;Musea&lt;\/span&gt;            &lt;\/span&gt;            &lt;\/div&gt;                                &lt;h3 class=&quot;mb-3&quot;&gt;Mercuur&lt;\/h3&gt;                                    &lt;div class=&quot;text--wrapper&quot;&gt;Stap aan boord van de Mercuur, een voormalig Nederlands marineschip dat nu dienst doet als museumschip in Vlissingen.&lt;\/div&gt;                                &lt;div class=&quot;link-arrow mt-4 color-blue-secondary&quot;&gt;                    &lt;span class=&quot;me-4&quot;&gt;                &lt;i class=&quot;icon icon-arrow-right&quot; aria-hidden=&quot;true&quot;&gt;&lt;\/i&gt;            &lt;\/span&gt;                            &lt;span&gt;Bekijk deze spot&lt;\/span&gt;            &lt;\/div&gt;            &lt;\/div&gt;        &lt;\/div&gt;    &lt;\/a&gt;&lt;\/article&gt;&lt;\/div&gt;\">\n                                            <\/div>\n                                                                                    \n                                            <div class=\"mapbox-marker\"\n                                                data-lat=\"51.4414106\"\n                                                data-lng=\"3.5754474\"\n                                                data-url=\"https:\/\/visitvlissingen.nl\/fr\/spots\/muzeeum\/\"\n                                                data-popup=\"&lt;div class=&quot;popup-content &quot;&gt;&lt;article class=&quot;spot-item theme-bottom-right-triangle&quot;&gt;    &lt;a class=&quot;d-block&quot; tabindex=&quot;0&quot; href=&quot;https:\/\/visitvlissingen.nl\/fr\/spots\/muzeeum\/&quot; aria-label=&quot;Bekijk deze spot&quot;&gt;                    &lt;figure class=&quot;image spot-item__image scale-on-hover&quot;&gt;                &lt;img class=&quot;image-position--center&quot; src=&quot;https:\/\/visitvlissingen.nl\/wp-content\/uploads\/2025\/02\/GemVlisCityMarketingJuni25-SkylineMuzeeum01.jpg&quot; alt=&quot;&quot;  loading=&quot;lazy&quot;&gt;            &lt;\/figure&gt;                &lt;div class=&quot;spot-item__content p-6 flex-grow-1&quot;&gt;            &lt;div&gt;                                    &lt;div class=&quot;cats-meta mb-3 color-blue-secondary&quot;&gt;                    &lt;span class=&quot;d-inline-flex me-3&quot;&gt;                                &lt;span class=&quot;cats-meta__item&quot;&gt;Musea&lt;\/span&gt;            &lt;\/span&gt;            &lt;\/div&gt;                                &lt;h3 class=&quot;mb-3&quot;&gt;Maritiem Muzeeum Zeeland&lt;\/h3&gt;                                    &lt;div class=&quot;text--wrapper&quot;&gt;Het muZEEum in Vlissingen is een veelzijdig en interactief museum dat de rijke maritieme geschiedenis van Zeeland tot leven brengt. &lt;\/div&gt;                                &lt;div class=&quot;link-arrow mt-4 color-blue-secondary&quot;&gt;                    &lt;span class=&quot;me-4&quot;&gt;                &lt;i class=&quot;icon icon-arrow-right&quot; aria-hidden=&quot;true&quot;&gt;&lt;\/i&gt;            &lt;\/span&gt;                            &lt;span&gt;Bekijk deze spot&lt;\/span&gt;            &lt;\/div&gt;            &lt;\/div&gt;        &lt;\/div&gt;    &lt;\/a&gt;&lt;\/article&gt;&lt;\/div&gt;\">\n                                            <\/div>\n                                                                                                                    <\/div>\n                                <\/div>\n                            <\/div>\n                        <\/div>\n                    <\/div>\n                <\/div>\n                    \n        <input type=\"hidden\" value=\"color-blue-secondary\" name=\"archive_color_scheme\">\n        <input type=\"hidden\" value=\"1900\" name=\"archive_current_page\">\n        <input type=\"hidden\" value=\"spot\" name=\"archive_post_type\">\n                    <div class=\"block\"><\/div>\n        \n                    <input type=\"hidden\" value=\"123\" name=\"archive_cat_id\">\n        \n        \n        <div class=\"archive__results\">\n            <div class=\"container px-5 px-lg-8\">\n                                                                    <div class=\"row g-7 resultItems\"><\/div>\n            <\/div>\n        <\/div>\n\n        <!-- Laad meer -->\n                <div class=\"block text-center loadMoreWrapper block block--double-spacing pb-0\" style=\"display: none;\">\n            <div class=\"container px-5 px-lg-8\">\n                <button aria-label=\"Charger plus de spots\" tabindex=\"0\" class=\"btn btn--green-tertiary loadMore\">\n                    Charger plus de spots\n                <\/button>\n            <\/div>\n        <\/div>\n    <\/div>\n\n<\/section>","protected":false},"excerpt":{"rendered":"","protected":false},"author":2,"featured_media":2140,"parent":347,"menu_order":19,"comment_status":"closed","ping_status":"closed","template":"","meta":{"_acf_changed":false,"_seopress_robots_primary_cat":"","_seopress_titles_title":"Visit Vlissingen | Musea | Ontdek geschiedenis en kunst","_seopress_titles_desc":"Ontdek Vlissingen via haar musea, van maritieme geschiedenis tot moderne kunst. Beleef cultuur, verhalen en erfgoed in de stad aan zee.","_seopress_robots_index":"","footnotes":""},"class_list":["post-1959","page","type-page","status-publish","has-post-thumbnail"],"acf":[],"_links":{"self":[{"href":"https:\/\/visitvlissingen.nl\/fr\/wp-json\/wp\/v2\/pages\/1959","targetHints":{"allow":["GET"]}}],"collection":[{"href":"https:\/\/visitvlissingen.nl\/fr\/wp-json\/wp\/v2\/pages"}],"about":[{"href":"https:\/\/visitvlissingen.nl\/fr\/wp-json\/wp\/v2\/types\/page"}],"author":[{"embeddable":true,"href":"https:\/\/visitvlissingen.nl\/fr\/wp-json\/wp\/v2\/users\/2"}],"replies":[{"embeddable":true,"href":"https:\/\/visitvlissingen.nl\/fr\/wp-json\/wp\/v2\/comments?post=1959"}],"version-history":[{"count":7,"href":"https:\/\/visitvlissingen.nl\/fr\/wp-json\/wp\/v2\/pages\/1959\/revisions"}],"predecessor-version":[{"id":3589,"href":"https:\/\/visitvlissingen.nl\/fr\/wp-json\/wp\/v2\/pages\/1959\/revisions\/3589"}],"up":[{"embeddable":true,"href":"https:\/\/visitvlissingen.nl\/fr\/wp-json\/wp\/v2\/pages\/347"}],"wp:featuredmedia":[{"embeddable":true,"href":"https:\/\/visitvlissingen.nl\/fr\/wp-json\/wp\/v2\/media\/2140"}],"wp:attachment":[{"href":"https:\/\/visitvlissingen.nl\/fr\/wp-json\/wp\/v2\/media?parent=1959"}],"curies":[{"name":"wp","href":"https:\/\/api.w.org\/{rel}","templated":true}]}}