{"id":1963,"date":"2025-04-04T10:17:47","date_gmt":"2025-04-04T08:17:47","guid":{"rendered":"https:\/\/visitvlissingen.nl\/?page_id=1963"},"modified":"2026-01-22T11:13:58","modified_gmt":"2026-01-22T10:13:58","slug":"koffie-lunchrooms","status":"publish","type":"page","link":"https:\/\/visitvlissingen.nl\/fr\/zien-doen\/eten-drinken\/koffie-lunchrooms\/","title":{"rendered":"Caf\u00e9s et salles de d\u00e9jeuner"},"content":{"rendered":"<section class=\"block background-green-tertiary block--header block--no-spacing-top\">\n    <div class=\"container ps-5 ps-lg-8 pe-0\">\n        <div class=\"block--header__swiper swiper-container swiper-box disable-auto-height-from-lg\">\n            <div class=\"swiper-wrapper\">\n                                     \n\n                    <div class=\"swiper-slide\">\n                        <div class=\"row me-0 gx-7 h-100\">\n                            <div class=\"col-xxxl-5 col-xxl-5 col-xl-6 d-flex justify-content-between flex-column\">\n                                <div class=\"mt-4\">\n                                                                                                                                                                                                                                                                                                                                                                                                                                                                                                                                                                                                                                                                                                                                                                                    <a\n        href=\"https:\/\/visitvlissingen.nl\/fr\/zien-doen\/eten-drinken\/\"\n         target=\"\"                 class=\"link-arrow block--header__archive mb-4 mb-xl-0\"\n    >\n                    <span class=\"me-4\">\n                <i class=\"icon icon-arrow-left\"><\/i>\n            <\/span>\n        \n                    <span>Retour \u00e0 Alimentation et boissons<\/span>\n            <\/a>\n                                                                    <\/div>\n\n                                <div class=\"block--header__text ps-xxxl-9\">\n                                    \n                                                                            <h1 class=\"d-none d-lg-block\" >Caf\u00e9s et salles de d\u00e9jeuner<\/h1>\n    <h1 class=\"d-block d-lg-none\" >Caf\u00e9s et salles de d\u00e9jeuner<\/h1>\n                                    \n                                                                            <div class=\"text-wrapper\"><p>Pour une pause agr\u00e9able ou un d\u00e9but de journ\u00e9e savoureux, Flessingue est l'endroit o\u00f9 il faut \u00eatre. D\u00e9couvrez des caf\u00e9s et des restaurants atmosph\u00e9riques o\u00f9 le fait maison, le frais et le local occupent une place centrale. Du caf\u00e9 lent au d\u00e9jeuner complet : ici, vous prenez le temps de savourer. Id\u00e9al pour un moment \u00e0 soi ou pour se retrouver entre amis.<\/p>\n<\/div>\n                                    \n                                    \n                                                                                                                                                    \n                                                                    <\/div>\n                                <div><\/div>\n                            <\/div>\n                            <div class=\"mt-7 mt-xl-0 col-xxxl-6 col-xxl-7 col-xl-6 offset-xxxl-1 pe-0\">\n                                                                                                                                                                <figure class=\"image block--header__image block--header__image--medium z-1\">\n                                                <img decoding=\"async\" src=\"https:\/\/visitvlissingen.nl\/wp-content\/uploads\/2026\/01\/DSC3455x-marktje.jpg\" alt=\"\" \/>\n                                            <\/figure>\n                                                                                                    <\/div>\n                        <\/div>\n                    <\/div>\n                            <\/div>\n        <\/div>\n    <\/div>\n    <div class=\"waves\">\n        <div class=\"waves__wave waves__wave--green-primary\"><\/div>\n    <\/div>\n<\/section>\n\n\n<section class=\"block block--spots-archive block--no-spacing-top\">\n    <div class=\"archive-block archive-spots\">\n                                                <div class=\"block--spots-archive__card\" aria-hidden=\"true\" tabindex=\"-1\">\n                    <div class=\"container px-5 px-lg-8\">\n                        <div class=\"block--spots-archive__card__content\">\n                            <div class=\"row\">\n                                <div class=\"col-xxxl-4 col-xxl-4 col-xl-5 order-last order-xl-first\">\n                                    <div class=\"marker-content-container\"><\/div>\n                                <\/div>\n                                <div class=\"col-xxxl-7 col-xxl-8 col-xl-7 offset-xxxl-1\">\n                                    <div class=\"mapbox-wrapper\" data-map-color=\"default\" data-map-zoom=\"13\">\n                                                                                    \n                                            <div class=\"mapbox-marker\"\n                                                data-lat=\"51.4440039\"\n                                                data-lng=\"3.574273\"\n                                                data-url=\"https:\/\/visitvlissingen.nl\/fr\/spots\/bakkerij-bart\/\"\n                                                data-popup=\"&lt;div class=&quot;popup-content popup-content--first&quot;&gt;&lt;article class=&quot;spot-item theme-bottom-right-triangle&quot;&gt;    &lt;a class=&quot;d-block&quot; tabindex=&quot;0&quot; href=&quot;https:\/\/visitvlissingen.nl\/fr\/spots\/bakkerij-bart\/&quot; aria-label=&quot;Bekijk deze spot&quot;&gt;                    &lt;figure class=&quot;image spot-item__image scale-on-hover&quot;&gt;                &lt;img class=&quot;image-position--center&quot; src=&quot;https:\/\/visitvlissingen.nl\/wp-content\/uploads\/2026\/03\/VRAGENRACE-4515.jpg&quot; alt=&quot;&quot;  loading=&quot;lazy&quot;&gt;            &lt;\/figure&gt;                &lt;div class=&quot;spot-item__content p-6 flex-grow-1&quot;&gt;            &lt;div&gt;                                    &lt;div class=&quot;cats-meta mb-3 color-blue-secondary&quot;&gt;                    &lt;span class=&quot;d-inline-flex me-3&quot;&gt;                                    &lt;span&gt;&lt;i class=&quot;icon icon-angle-right me-3&quot; aria-hidden=&quot;true&quot;&gt;&lt;\/i&gt;&lt;\/span&gt;                                &lt;span class=&quot;cats-meta__item&quot;&gt;Take-away&lt;\/span&gt;            &lt;\/span&gt;                    &lt;span class=&quot;d-inline-flex me-3&quot;&gt;                                    &lt;span&gt;&lt;i class=&quot;icon icon-angle-right me-3&quot; aria-hidden=&quot;true&quot;&gt;&lt;\/i&gt;&lt;\/span&gt;                                &lt;span class=&quot;cats-meta__item&quot;&gt;Koffie &amp; lunchrooms&lt;\/span&gt;            &lt;\/span&gt;            &lt;\/div&gt;                                &lt;h3 class=&quot;mb-3&quot;&gt;Bakker Bart&lt;\/h3&gt;                                    &lt;div class=&quot;text--wrapper&quot;&gt;Bakkerij Bart in Vlissingen biedt dagelijks vers brood, gebak, belegde broodjes en zoete lekkernijen. Kwaliteit, smaak en ambacht staan centraal.&lt;\/div&gt;                                &lt;div class=&quot;link-arrow mt-4 color-blue-secondary&quot;&gt;                    &lt;span class=&quot;me-4&quot;&gt;                &lt;i class=&quot;icon icon-arrow-right&quot; aria-hidden=&quot;true&quot;&gt;&lt;\/i&gt;            &lt;\/span&gt;                            &lt;span&gt;Bekijk deze spot&lt;\/span&gt;            &lt;\/div&gt;            &lt;\/div&gt;        &lt;\/div&gt;    &lt;\/a&gt;&lt;\/article&gt;&lt;\/div&gt;\">\n                                            <\/div>\n                                                                                    \n                                            <div class=\"mapbox-marker\"\n                                                data-lat=\"51.4430491\"\n                                                data-lng=\"3.5743158\"\n                                                data-url=\"https:\/\/visitvlissingen.nl\/fr\/spots\/sint-jacobscafe\/\"\n                                                data-popup=\"&lt;div class=&quot;popup-content &quot;&gt;&lt;article class=&quot;spot-item theme-bottom-right-triangle&quot;&gt;    &lt;a class=&quot;d-block&quot; tabindex=&quot;0&quot; href=&quot;https:\/\/visitvlissingen.nl\/fr\/spots\/sint-jacobscafe\/&quot; aria-label=&quot;Bekijk deze spot&quot;&gt;                    &lt;figure class=&quot;image spot-item__image scale-on-hover&quot;&gt;                &lt;img class=&quot;image-position--center&quot; src=&quot;https:\/\/visitvlissingen.nl\/wp-content\/uploads\/2026\/03\/VRAGENRACE-4531.jpg&quot; alt=&quot;&quot;  loading=&quot;lazy&quot;&gt;            &lt;\/figure&gt;                &lt;div class=&quot;spot-item__content p-6 flex-grow-1&quot;&gt;            &lt;div&gt;                                    &lt;div class=&quot;cats-meta mb-3 color-blue-secondary&quot;&gt;                    &lt;span class=&quot;d-inline-flex me-3&quot;&gt;                                    &lt;span&gt;&lt;i class=&quot;icon icon-angle-right me-3&quot; aria-hidden=&quot;true&quot;&gt;&lt;\/i&gt;&lt;\/span&gt;                                &lt;span class=&quot;cats-meta__item&quot;&gt;Caf\u00e9s&lt;\/span&gt;            &lt;\/span&gt;                    &lt;span class=&quot;d-inline-flex me-3&quot;&gt;                                    &lt;span&gt;&lt;i class=&quot;icon icon-angle-right me-3&quot; aria-hidden=&quot;true&quot;&gt;&lt;\/i&gt;&lt;\/span&gt;                                &lt;span class=&quot;cats-meta__item&quot;&gt;Koffie &amp; lunchrooms&lt;\/span&gt;            &lt;\/span&gt;                    &lt;span class=&quot;d-inline-flex me-3&quot;&gt;                                    &lt;span&gt;&lt;i class=&quot;icon icon-angle-right me-3&quot; aria-hidden=&quot;true&quot;&gt;&lt;\/i&gt;&lt;\/span&gt;                                &lt;span class=&quot;cats-meta__item&quot;&gt;Restaurants&lt;\/span&gt;            &lt;\/span&gt;            &lt;\/div&gt;                                &lt;h3 class=&quot;mb-3&quot;&gt;Sint Jacobscaf\u00e9&lt;\/h3&gt;                                    &lt;div class=&quot;text--wrapper&quot;&gt;Het Sint Jacobscaf\u00e9 in Vlissingen biedt lunch, diner en drankjes in een warme, sfeervolle omgeving op de Oude Markt. Geniet binnen of op het terras.&lt;\/div&gt;                                &lt;div class=&quot;link-arrow mt-4 color-blue-secondary&quot;&gt;                    &lt;span class=&quot;me-4&quot;&gt;                &lt;i class=&quot;icon icon-arrow-right&quot; aria-hidden=&quot;true&quot;&gt;&lt;\/i&gt;            &lt;\/span&gt;                            &lt;span&gt;Bekijk deze spot&lt;\/span&gt;            &lt;\/div&gt;            &lt;\/div&gt;        &lt;\/div&gt;    &lt;\/a&gt;&lt;\/article&gt;&lt;\/div&gt;\">\n                                            <\/div>\n                                                                                                                                \n                                            <div class=\"mapbox-marker\"\n                                                data-lat=\"51.4423619\"\n                                                data-lng=\"3.5735983\"\n                                                data-url=\"https:\/\/visitvlissingen.nl\/fr\/spots\/koffiebar-marcus\/\"\n                                                data-popup=\"&lt;div class=&quot;popup-content &quot;&gt;&lt;article class=&quot;spot-item theme-bottom-right-triangle&quot;&gt;    &lt;a class=&quot;d-block&quot; tabindex=&quot;0&quot; href=&quot;https:\/\/visitvlissingen.nl\/fr\/spots\/koffiebar-marcus\/&quot; aria-label=&quot;Bekijk deze spot&quot;&gt;                    &lt;figure class=&quot;image spot-item__image scale-on-hover&quot;&gt;                &lt;img class=&quot;image-position--center&quot; src=&quot;https:\/\/visitvlissingen.nl\/wp-content\/uploads\/2025\/02\/Pilot-Fotos-0569.jpg&quot; alt=&quot;&quot;  loading=&quot;lazy&quot;&gt;            &lt;\/figure&gt;                &lt;div class=&quot;spot-item__content p-6 flex-grow-1&quot;&gt;            &lt;div&gt;                                    &lt;div class=&quot;cats-meta mb-3 color-blue-secondary&quot;&gt;                    &lt;span class=&quot;d-inline-flex me-3&quot;&gt;                                    &lt;span&gt;&lt;i class=&quot;icon icon-angle-right me-3&quot; aria-hidden=&quot;true&quot;&gt;&lt;\/i&gt;&lt;\/span&gt;                                &lt;span class=&quot;cats-meta__item&quot;&gt;Caf\u00e9s&lt;\/span&gt;            &lt;\/span&gt;                    &lt;span class=&quot;d-inline-flex me-3&quot;&gt;                                    &lt;span&gt;&lt;i class=&quot;icon icon-angle-right me-3&quot; aria-hidden=&quot;true&quot;&gt;&lt;\/i&gt;&lt;\/span&gt;                                &lt;span class=&quot;cats-meta__item&quot;&gt;Koffie &amp; lunchrooms&lt;\/span&gt;            &lt;\/span&gt;            &lt;\/div&gt;                                &lt;h3 class=&quot;mb-3&quot;&gt;Koffiebar Marcus&lt;\/h3&gt;                                    &lt;div class=&quot;text--wrapper&quot;&gt;Koffiebar Marcus in Vlissingen staat voor goede koffie, verse producten en een warme sfeer. Kom langs voor een ontspannen koffiemoment in de stad.&lt;\/div&gt;                                &lt;div class=&quot;link-arrow mt-4 color-blue-secondary&quot;&gt;                    &lt;span class=&quot;me-4&quot;&gt;                &lt;i class=&quot;icon icon-arrow-right&quot; aria-hidden=&quot;true&quot;&gt;&lt;\/i&gt;            &lt;\/span&gt;                            &lt;span&gt;Bekijk deze spot&lt;\/span&gt;            &lt;\/div&gt;            &lt;\/div&gt;        &lt;\/div&gt;    &lt;\/a&gt;&lt;\/article&gt;&lt;\/div&gt;\">\n                                            <\/div>\n                                                                                    \n                                            <div class=\"mapbox-marker\"\n                                                data-lat=\"51.4469365\"\n                                                data-lng=\"3.5744581\"\n                                                data-url=\"https:\/\/visitvlissingen.nl\/fr\/spots\/lunchroom-keyf-i-alem\/\"\n                                                data-popup=\"&lt;div class=&quot;popup-content &quot;&gt;&lt;article class=&quot;spot-item theme-bottom-right-triangle&quot;&gt;    &lt;a class=&quot;d-block&quot; tabindex=&quot;0&quot; href=&quot;https:\/\/visitvlissingen.nl\/fr\/spots\/lunchroom-keyf-i-alem\/&quot; aria-label=&quot;Bekijk deze spot&quot;&gt;                    &lt;figure class=&quot;image spot-item__image scale-on-hover&quot;&gt;                &lt;img class=&quot;image-position--center&quot; src=&quot;https:\/\/visitvlissingen.nl\/wp-content\/uploads\/2025\/07\/Scheldestraat-Overige-GianniTahitu_30052025-edit-14.jpg&quot; alt=&quot;&quot;  loading=&quot;lazy&quot;&gt;            &lt;\/figure&gt;                &lt;div class=&quot;spot-item__content p-6 flex-grow-1&quot;&gt;            &lt;div&gt;                                    &lt;div class=&quot;cats-meta mb-3 color-blue-secondary&quot;&gt;                    &lt;span class=&quot;d-inline-flex me-3&quot;&gt;                                &lt;span class=&quot;cats-meta__item&quot;&gt;Koffie &amp; lunchrooms&lt;\/span&gt;            &lt;\/span&gt;            &lt;\/div&gt;                                &lt;h3 class=&quot;mb-3&quot;&gt;Lunchroom Keyf-i-Alem&lt;\/h3&gt;                                    &lt;div class=&quot;text--wrapper&quot;&gt;In deze knusse lunchroom vol geurige broodjes, huisgemaakte baklava en Turkse thee gaat het niet alleen om eten, maar vooral om mensen&lt;\/div&gt;                                &lt;div class=&quot;link-arrow mt-4 color-blue-secondary&quot;&gt;                    &lt;span class=&quot;me-4&quot;&gt;                &lt;i class=&quot;icon icon-arrow-right&quot; aria-hidden=&quot;true&quot;&gt;&lt;\/i&gt;            &lt;\/span&gt;                            &lt;span&gt;Bekijk deze spot&lt;\/span&gt;            &lt;\/div&gt;            &lt;\/div&gt;        &lt;\/div&gt;    &lt;\/a&gt;&lt;\/article&gt;&lt;\/div&gt;\">\n                                            <\/div>\n                                                                                    \n                                            <div class=\"mapbox-marker\"\n                                                data-lat=\"51.445468\"\n                                                data-lng=\"3.5716004\"\n                                                data-url=\"https:\/\/visitvlissingen.nl\/fr\/spots\/citybeanz\/\"\n                                                data-popup=\"&lt;div class=&quot;popup-content &quot;&gt;&lt;article class=&quot;spot-item theme-bottom-right-triangle&quot;&gt;    &lt;a class=&quot;d-block&quot; tabindex=&quot;0&quot; href=&quot;https:\/\/visitvlissingen.nl\/fr\/spots\/citybeanz\/&quot; aria-label=&quot;Bekijk deze spot&quot;&gt;                    &lt;figure class=&quot;image spot-item__image scale-on-hover&quot;&gt;                &lt;img class=&quot;image-position--center&quot; src=&quot;https:\/\/visitvlissingen.nl\/wp-content\/uploads\/2025\/11\/IMG-20250831-WA0042.jpg&quot; alt=&quot;&quot;  loading=&quot;lazy&quot;&gt;            &lt;\/figure&gt;                &lt;div class=&quot;spot-item__content p-6 flex-grow-1&quot;&gt;            &lt;div&gt;                                    &lt;div class=&quot;cats-meta mb-3 color-blue-secondary&quot;&gt;                    &lt;span class=&quot;d-inline-flex me-3&quot;&gt;                                &lt;span class=&quot;cats-meta__item&quot;&gt;Koffie &amp; lunchrooms&lt;\/span&gt;            &lt;\/span&gt;            &lt;\/div&gt;                                &lt;h3 class=&quot;mb-3&quot;&gt;CityBeanz&lt;\/h3&gt;                                    &lt;div class=&quot;text--wrapper&quot;&gt;Bij \u201cCityBeanz\u201d kun je terecht voor \u00e9cht goede coffee om ter plekke van te genieten of om mee te nemen voor onderweg (to go), smakelijk ontbijt, diverse lunchgerechten en huisgemaakte lekkernijen. &lt;\/div&gt;                                &lt;div class=&quot;link-arrow mt-4 color-blue-secondary&quot;&gt;                    &lt;span class=&quot;me-4&quot;&gt;                &lt;i class=&quot;icon icon-arrow-right&quot; aria-hidden=&quot;true&quot;&gt;&lt;\/i&gt;            &lt;\/span&gt;                            &lt;span&gt;Bekijk deze spot&lt;\/span&gt;            &lt;\/div&gt;            &lt;\/div&gt;        &lt;\/div&gt;    &lt;\/a&gt;&lt;\/article&gt;&lt;\/div&gt;\">\n                                            <\/div>\n                                                                                    \n                                            <div class=\"mapbox-marker\"\n                                                data-lat=\"51.4543999\"\n                                                data-lng=\"3.5907453\"\n                                                data-url=\"https:\/\/visitvlissingen.nl\/fr\/spots\/brasserie-pzem41\/\"\n                                                data-popup=\"&lt;div class=&quot;popup-content &quot;&gt;&lt;article class=&quot;spot-item theme-bottom-right-triangle&quot;&gt;    &lt;a class=&quot;d-block&quot; tabindex=&quot;0&quot; href=&quot;https:\/\/visitvlissingen.nl\/fr\/spots\/brasserie-pzem41\/&quot; aria-label=&quot;Bekijk deze spot&quot;&gt;                    &lt;figure class=&quot;image spot-item__image scale-on-hover&quot;&gt;                &lt;img class=&quot;image-position--center&quot; src=&quot;https:\/\/visitvlissingen.nl\/wp-content\/uploads\/2025\/10\/Brasserie-PZEM.41-Interieur-rotated.jpg&quot; alt=&quot;&quot;  loading=&quot;lazy&quot;&gt;            &lt;\/figure&gt;                &lt;div class=&quot;spot-item__content p-6 flex-grow-1&quot;&gt;            &lt;div&gt;                                    &lt;div class=&quot;cats-meta mb-3 color-blue-secondary&quot;&gt;                    &lt;span class=&quot;d-inline-flex me-3&quot;&gt;                                &lt;span class=&quot;cats-meta__item&quot;&gt;Koffie &amp; lunchrooms&lt;\/span&gt;            &lt;\/span&gt;            &lt;\/div&gt;                                &lt;h3 class=&quot;mb-3&quot;&gt;Brasserie PZEM41&lt;\/h3&gt;                                    &lt;div class=&quot;text--wrapper&quot;&gt;In het iconische pand van de voormalige PZEM, nu de bruisende start-up hub Dockwize, vind je een nieuwe culinaire hotspot: Brasserie PZEM41. &lt;\/div&gt;                                &lt;div class=&quot;link-arrow mt-4 color-blue-secondary&quot;&gt;                    &lt;span class=&quot;me-4&quot;&gt;                &lt;i class=&quot;icon icon-arrow-right&quot; aria-hidden=&quot;true&quot;&gt;&lt;\/i&gt;            &lt;\/span&gt;                            &lt;span&gt;Bekijk deze spot&lt;\/span&gt;            &lt;\/div&gt;            &lt;\/div&gt;        &lt;\/div&gt;    &lt;\/a&gt;&lt;\/article&gt;&lt;\/div&gt;\">\n                                            <\/div>\n                                                                                                                    <\/div>\n                                <\/div>\n                            <\/div>\n                        <\/div>\n                    <\/div>\n                <\/div>\n                    \n        <input type=\"hidden\" value=\"color-blue-secondary\" name=\"archive_color_scheme\">\n        <input type=\"hidden\" value=\"3300\" name=\"archive_current_page\">\n        <input type=\"hidden\" value=\"spot\" name=\"archive_post_type\">\n                    <div class=\"block\"><\/div>\n        \n                    <input type=\"hidden\" value=\"118\" name=\"archive_cat_id\">\n        \n        \n        <div class=\"archive__results\">\n            <div class=\"container px-5 px-lg-8\">\n                                                                    <div class=\"row g-7 resultItems\"><\/div>\n            <\/div>\n        <\/div>\n\n        <!-- Laad meer -->\n                <div class=\"block text-center loadMoreWrapper block block--double-spacing pb-0\" style=\"display: none;\">\n            <div class=\"container px-5 px-lg-8\">\n                <button aria-label=\"Charger plus de spots\" tabindex=\"0\" class=\"btn btn--green-tertiary loadMore\">\n                    Charger plus de spots\n                <\/button>\n            <\/div>\n        <\/div>\n    <\/div>\n\n<\/section>","protected":false},"excerpt":{"rendered":"","protected":false},"author":2,"featured_media":3774,"parent":1592,"menu_order":31,"comment_status":"closed","ping_status":"closed","template":"","meta":{"_acf_changed":false,"_seopress_robots_primary_cat":"","_seopress_titles_title":"Visit Vlissingen | Koffie & Lunchrooms | Smaakvolle stops","_seopress_titles_desc":"Koffie & lunch in Vlissingen met hippe caf\u00e9s en sfeervolle terrassen. Ontdek de beste plekken voor een smakelijke pauze in de stad aan zee.","_seopress_robots_index":"","footnotes":""},"class_list":["post-1963","page","type-page","status-publish","has-post-thumbnail"],"acf":[],"_links":{"self":[{"href":"https:\/\/visitvlissingen.nl\/fr\/wp-json\/wp\/v2\/pages\/1963","targetHints":{"allow":["GET"]}}],"collection":[{"href":"https:\/\/visitvlissingen.nl\/fr\/wp-json\/wp\/v2\/pages"}],"about":[{"href":"https:\/\/visitvlissingen.nl\/fr\/wp-json\/wp\/v2\/types\/page"}],"author":[{"embeddable":true,"href":"https:\/\/visitvlissingen.nl\/fr\/wp-json\/wp\/v2\/users\/2"}],"replies":[{"embeddable":true,"href":"https:\/\/visitvlissingen.nl\/fr\/wp-json\/wp\/v2\/comments?post=1963"}],"version-history":[{"count":6,"href":"https:\/\/visitvlissingen.nl\/fr\/wp-json\/wp\/v2\/pages\/1963\/revisions"}],"predecessor-version":[{"id":3775,"href":"https:\/\/visitvlissingen.nl\/fr\/wp-json\/wp\/v2\/pages\/1963\/revisions\/3775"}],"up":[{"embeddable":true,"href":"https:\/\/visitvlissingen.nl\/fr\/wp-json\/wp\/v2\/pages\/1592"}],"wp:featuredmedia":[{"embeddable":true,"href":"https:\/\/visitvlissingen.nl\/fr\/wp-json\/wp\/v2\/media\/3774"}],"wp:attachment":[{"href":"https:\/\/visitvlissingen.nl\/fr\/wp-json\/wp\/v2\/media?parent=1963"}],"curies":[{"name":"wp","href":"https:\/\/api.w.org\/{rel}","templated":true}]}}