{"id":1966,"date":"2025-04-04T10:19:10","date_gmt":"2025-04-04T08:19:10","guid":{"rendered":"https:\/\/visitvlissingen.nl\/?page_id=1966"},"modified":"2025-12-01T09:03:41","modified_gmt":"2025-12-01T08:03:41","slug":"verblijven-in-de-natuur","status":"publish","type":"page","link":"https:\/\/visitvlissingen.nl\/fr\/zien-doen\/overnachten\/verblijven-in-de-natuur\/","title":{"rendered":"S\u00e9journer dans la nature"},"content":{"rendered":"<section class=\"block background-green-tertiary block--header block--no-spacing-top\">\n    <div class=\"container ps-5 ps-lg-8 pe-0\">\n        <div class=\"block--header__swiper swiper-container swiper-box disable-auto-height-from-lg\">\n            <div class=\"swiper-wrapper\">\n                                     \n\n                    <div class=\"swiper-slide\">\n                        <div class=\"row me-0 gx-7 h-100\">\n                            <div class=\"col-xxxl-5 col-xxl-5 col-xl-6 d-flex justify-content-between flex-column\">\n                                <div class=\"mt-4\">\n                                                                                                                                                                                                                                                                                                                                                                                                                                                                                                                                                                                                                                                                                                                                                                                    <a\n        href=\"https:\/\/visitvlissingen.nl\/fr\/zien-doen\/overnachten\/\"\n         target=\"\"                 class=\"link-arrow block--header__archive mb-4 mb-xl-0\"\n    >\n                    <span class=\"me-4\">\n                <i class=\"icon icon-arrow-left\"><\/i>\n            <\/span>\n        \n                    <span>Retour \u00e0 l'h\u00e9bergement<\/span>\n            <\/a>\n                                                                    <\/div>\n\n                                <div class=\"block--header__text ps-xxxl-9\">\n                                    \n                                                                            <h1 class=\"d-none d-lg-block\" >S\u00e9journer dans la nature<\/h1>\n    <h1 class=\"d-block d-lg-none\" >S\u00e9journer dans la nature<\/h1>\n                                    \n                                                                            <div class=\"text-wrapper\"><p class=\"\" data-start=\"3877\" data-end=\"4213\">Besoin de s'\u00e9vader ? Dans les environs verdoyants de Flessingue, vous trouverez des lieux de s\u00e9jour uniques en pleine nature. Pensez aux campings d'ambiance ou aux lodges de luxe entour\u00e9s de silence. Ici, vous entendez les oiseaux au lieu de la circulation et vous respirez dans l'espace. Pour ceux qui veulent vraiment se d\u00e9tendre.<\/p>\n<\/div>\n                                    \n                                    \n                                                                                                                                                    \n                                                                    <\/div>\n                                <div><\/div>\n                            <\/div>\n                            <div class=\"mt-7 mt-xl-0 col-xxxl-6 col-xxl-7 col-xl-6 offset-xxxl-1 pe-0\">\n                                                                                                                                                                <figure class=\"image block--header__image block--header__image--medium z-1\">\n                                                <img decoding=\"async\" src=\"https:\/\/visitvlissingen.nl\/wp-content\/uploads\/2025\/02\/GemVlisCityMarketingJuni25-Nollebos01.jpg\" alt=\"\" \/>\n                                            <\/figure>\n                                                                                                    <\/div>\n                        <\/div>\n                    <\/div>\n                            <\/div>\n        <\/div>\n    <\/div>\n    <div class=\"waves\">\n        <div class=\"waves__wave waves__wave--green-primary\"><\/div>\n    <\/div>\n<\/section>\n\n\n<section class=\"block block--spots-archive block--no-spacing-top\">\n    <div class=\"archive-block archive-spots\">\n                                                <div class=\"block--spots-archive__card\" aria-hidden=\"true\" tabindex=\"-1\">\n                    <div class=\"container px-5 px-lg-8\">\n                        <div class=\"block--spots-archive__card__content\">\n                            <div class=\"row\">\n                                <div class=\"col-xxxl-4 col-xxl-4 col-xl-5 order-last order-xl-first\">\n                                    <div class=\"marker-content-container\"><\/div>\n                                <\/div>\n                                <div class=\"col-xxxl-7 col-xxl-8 col-xl-7 offset-xxxl-1\">\n                                    <div class=\"mapbox-wrapper\" data-map-color=\"default\" data-map-zoom=\"13\">\n                                                                                    \n                                            <div class=\"mapbox-marker\"\n                                                data-lat=\"51.4441935\"\n                                                data-lng=\"3.6302003\"\n                                                data-url=\"https:\/\/visitvlissingen.nl\/fr\/spots\/de-schoone-waardin\/\"\n                                                data-popup=\"&lt;div class=&quot;popup-content popup-content--first&quot;&gt;&lt;article class=&quot;spot-item theme-bottom-right-triangle&quot;&gt;    &lt;a class=&quot;d-block&quot; tabindex=&quot;0&quot; href=&quot;https:\/\/visitvlissingen.nl\/fr\/spots\/de-schoone-waardin\/&quot; aria-label=&quot;Bekijk deze spot&quot;&gt;                    &lt;figure class=&quot;image spot-item__image scale-on-hover&quot;&gt;                &lt;img class=&quot;image-position--center&quot; src=&quot;https:\/\/visitvlissingen.nl\/wp-content\/uploads\/2026\/04\/Afbeelding2.jpg&quot; alt=&quot;&quot;  loading=&quot;lazy&quot;&gt;            &lt;\/figure&gt;                &lt;div class=&quot;spot-item__content p-6 flex-grow-1&quot;&gt;            &lt;div&gt;                                    &lt;div class=&quot;cats-meta mb-3 color-blue-secondary&quot;&gt;                    &lt;span class=&quot;d-inline-flex me-3&quot;&gt;                                &lt;span class=&quot;cats-meta__item&quot;&gt;Verblijven in de natuur&lt;\/span&gt;            &lt;\/span&gt;            &lt;\/div&gt;                                &lt;h3 class=&quot;mb-3&quot;&gt;De Schoone Waardin&lt;\/h3&gt;                                    &lt;div class=&quot;text--wrapper&quot;&gt;Vlak bij Vlissingen, verscholen in het groene Zeeuwse landschap, ligt naturistencamping De Schoone Waardin. Een plek waar rust, ruimte en respect voor natuur en elkaar centraal staan. &lt;\/div&gt;                                &lt;div class=&quot;link-arrow mt-4 color-blue-secondary&quot;&gt;                    &lt;span class=&quot;me-4&quot;&gt;                &lt;i class=&quot;icon icon-arrow-right&quot; aria-hidden=&quot;true&quot;&gt;&lt;\/i&gt;            &lt;\/span&gt;                            &lt;span&gt;Bekijk deze spot&lt;\/span&gt;            &lt;\/div&gt;            &lt;\/div&gt;        &lt;\/div&gt;    &lt;\/a&gt;&lt;\/article&gt;&lt;\/div&gt;\">\n                                            <\/div>\n                                                                                    \n                                            <div class=\"mapbox-marker\"\n                                                data-lat=\"51.4467758\"\n                                                data-lng=\"3.6361535\"\n                                                data-url=\"https:\/\/visitvlissingen.nl\/fr\/spots\/camping-karnemelkshoek\/\"\n                                                data-popup=\"&lt;div class=&quot;popup-content &quot;&gt;&lt;article class=&quot;spot-item theme-bottom-right-triangle&quot;&gt;    &lt;a class=&quot;d-block&quot; tabindex=&quot;0&quot; href=&quot;https:\/\/visitvlissingen.nl\/fr\/spots\/camping-karnemelkshoek\/&quot; aria-label=&quot;Bekijk deze spot&quot;&gt;                    &lt;figure class=&quot;image spot-item__image scale-on-hover&quot;&gt;                &lt;img class=&quot;image-position--center&quot; src=&quot;https:\/\/visitvlissingen.nl\/wp-content\/uploads\/2026\/04\/luchtfoto-camping.jpg&quot; alt=&quot;&quot;  loading=&quot;lazy&quot;&gt;            &lt;\/figure&gt;                &lt;div class=&quot;spot-item__content p-6 flex-grow-1&quot;&gt;            &lt;div&gt;                                    &lt;div class=&quot;cats-meta mb-3 color-blue-secondary&quot;&gt;                    &lt;span class=&quot;d-inline-flex me-3&quot;&gt;                                &lt;span class=&quot;cats-meta__item&quot;&gt;Verblijven in de natuur&lt;\/span&gt;            &lt;\/span&gt;            &lt;\/div&gt;                                &lt;h3 class=&quot;mb-3&quot;&gt;Camping Karnemelkshoek&lt;\/h3&gt;                                    &lt;div class=&quot;text--wrapper&quot;&gt;Aan de rand van het Ritthemse bos, vlak bij de Westerschelde, ligt Camping Karnemelkshoek. Een plek waar je \u00e9cht even tot rust komt en geniet van de ruimte om je heen.&lt;\/div&gt;                                &lt;div class=&quot;link-arrow mt-4 color-blue-secondary&quot;&gt;                    &lt;span class=&quot;me-4&quot;&gt;                &lt;i class=&quot;icon icon-arrow-right&quot; aria-hidden=&quot;true&quot;&gt;&lt;\/i&gt;            &lt;\/span&gt;                            &lt;span&gt;Bekijk deze spot&lt;\/span&gt;            &lt;\/div&gt;            &lt;\/div&gt;        &lt;\/div&gt;    &lt;\/a&gt;&lt;\/article&gt;&lt;\/div&gt;\">\n                                            <\/div>\n                                                                                                                    <\/div>\n                                <\/div>\n                            <\/div>\n                        <\/div>\n                    <\/div>\n                <\/div>\n                    \n        <input type=\"hidden\" value=\"color-blue-secondary\" name=\"archive_color_scheme\">\n        <input type=\"hidden\" value=\"4627\" name=\"archive_current_page\">\n        <input type=\"hidden\" value=\"spot\" name=\"archive_post_type\">\n                    <div class=\"block\"><\/div>\n        \n                    <input type=\"hidden\" value=\"124\" name=\"archive_cat_id\">\n        \n        \n        <div class=\"archive__results\">\n            <div class=\"container px-5 px-lg-8\">\n                                                                    <div class=\"row g-7 resultItems\"><\/div>\n            <\/div>\n        <\/div>\n\n        <!-- Laad meer -->\n                <div class=\"block text-center loadMoreWrapper block block--double-spacing pb-0\" style=\"display: none;\">\n            <div class=\"container px-5 px-lg-8\">\n                <button aria-label=\"Charger plus de spots\" tabindex=\"0\" class=\"btn btn--green-tertiary loadMore\">\n                    Charger plus de spots\n                <\/button>\n            <\/div>\n        <\/div>\n    <\/div>\n\n<\/section>","protected":false},"excerpt":{"rendered":"","protected":false},"author":2,"featured_media":2754,"parent":1606,"menu_order":36,"comment_status":"closed","ping_status":"closed","template":"","meta":{"_acf_changed":false,"_seopress_robots_primary_cat":"","_seopress_titles_title":"Visit Vlissingen | Verblijven in de natuur | Rust & ruimte","_seopress_titles_desc":"Verblijf in de natuur rond Vlissingen. Ontsnap aan de drukte, geniet van rust, ruimte en de frisse zeelucht in een groene omgeving.","_seopress_robots_index":"","footnotes":""},"class_list":["post-1966","page","type-page","status-publish","has-post-thumbnail"],"acf":[],"_links":{"self":[{"href":"https:\/\/visitvlissingen.nl\/fr\/wp-json\/wp\/v2\/pages\/1966","targetHints":{"allow":["GET"]}}],"collection":[{"href":"https:\/\/visitvlissingen.nl\/fr\/wp-json\/wp\/v2\/pages"}],"about":[{"href":"https:\/\/visitvlissingen.nl\/fr\/wp-json\/wp\/v2\/types\/page"}],"author":[{"embeddable":true,"href":"https:\/\/visitvlissingen.nl\/fr\/wp-json\/wp\/v2\/users\/2"}],"replies":[{"embeddable":true,"href":"https:\/\/visitvlissingen.nl\/fr\/wp-json\/wp\/v2\/comments?post=1966"}],"version-history":[{"count":9,"href":"https:\/\/visitvlissingen.nl\/fr\/wp-json\/wp\/v2\/pages\/1966\/revisions"}],"predecessor-version":[{"id":3578,"href":"https:\/\/visitvlissingen.nl\/fr\/wp-json\/wp\/v2\/pages\/1966\/revisions\/3578"}],"up":[{"embeddable":true,"href":"https:\/\/visitvlissingen.nl\/fr\/wp-json\/wp\/v2\/pages\/1606"}],"wp:featuredmedia":[{"embeddable":true,"href":"https:\/\/visitvlissingen.nl\/fr\/wp-json\/wp\/v2\/media\/2754"}],"wp:attachment":[{"href":"https:\/\/visitvlissingen.nl\/fr\/wp-json\/wp\/v2\/media?parent=1966"}],"curies":[{"name":"wp","href":"https:\/\/api.w.org\/{rel}","templated":true}]}}