{"id":2056,"date":"2025-04-29T11:02:50","date_gmt":"2025-04-29T09:02:50","guid":{"rendered":"https:\/\/visitvlissingen.nl\/?page_id=2056"},"modified":"2026-02-04T11:20:52","modified_gmt":"2026-02-04T10:20:52","slug":"tips-trips","status":"publish","type":"page","link":"https:\/\/visitvlissingen.nl\/fr\/zien-doen\/vermaak\/tips-trips\/","title":{"rendered":"Conseils et voyages"},"content":{"rendered":"<section class=\"block background-green-tertiary block--header block--no-spacing-top\">\n    <div class=\"container ps-5 ps-lg-8 pe-0\">\n        <div class=\"block--header__swiper swiper-container swiper-box disable-auto-height-from-lg\">\n            <div class=\"swiper-wrapper\">\n                                     \n\n                    <div class=\"swiper-slide\">\n                        <div class=\"row me-0 gx-7 h-100\">\n                            <div class=\"col-xxxl-5 col-xxl-5 col-xl-6 d-flex justify-content-between flex-column\">\n                                <div class=\"mt-4\">\n                                                                                                                                                                                                                                                                                                                                                                                                                                                                                                                                                                                                                                                                                                                                                                                    <a\n        href=\"https:\/\/visitvlissingen.nl\/fr\/zien-doen\/vermaak\/\"\n         target=\"\"                 class=\"link-arrow block--header__archive mb-4 mb-xl-0\"\n    >\n                    <span class=\"me-4\">\n                <i class=\"icon icon-arrow-left\"><\/i>\n            <\/span>\n        \n                    <span>Retour \u00e0 Divertissement<\/span>\n            <\/a>\n                                                                    <\/div>\n\n                                <div class=\"block--header__text ps-xxxl-9\">\n                                    \n                                                                            <h1 class=\"d-none d-lg-block\" >Conseils et voyages<\/h1>\n    <h1 class=\"d-block d-lg-none\" >Conseils et voyages<\/h1>\n                                    \n                                                                            <div class=\"text-wrapper\"><p>Il y a toujours quelque chose \u00e0 faire \u00e0 Flessingue, pour les jeunes et les moins jeunes. Visitez une aire de jeux, participez \u00e0 un jeu ou assistez \u00e0 un festival ou \u00e0 un spectacle. La ville bourdonne de vie et offre des divertissements sous toutes les formes. L'ennui n'est pas une option ici !<\/p>\n<\/div>\n                                    \n                                    \n                                                                                                                                                    \n                                                                    <\/div>\n                                <div><\/div>\n                            <\/div>\n                            <div class=\"mt-7 mt-xl-0 col-xxxl-6 col-xxl-7 col-xl-6 offset-xxxl-1 pe-0\">\n                                                                                                                                                                <figure class=\"image block--header__image block--header__image--medium z-1\">\n                                                <img decoding=\"async\" src=\"https:\/\/visitvlissingen.nl\/wp-content\/uploads\/2025\/07\/GemVlisCityMarketingJuni25-MuralPrinsenstraat01.jpg\" alt=\"\" \/>\n                                            <\/figure>\n                                                                                                    <\/div>\n                        <\/div>\n                    <\/div>\n                            <\/div>\n        <\/div>\n    <\/div>\n    <div class=\"waves\">\n        <div class=\"waves__wave waves__wave--green-primary\"><\/div>\n    <\/div>\n<\/section>\n\n\n<section class=\"block block--spots-archive block--no-spacing-top\">\n    <div class=\"archive-block archive-spots\">\n        \n        <input type=\"hidden\" value=\"color-blue-secondary\" name=\"archive_color_scheme\">\n        <input type=\"hidden\" value=\"2056\" name=\"archive_current_page\">\n        <input type=\"hidden\" value=\"spot\" name=\"archive_post_type\">\n        \n                    <input type=\"hidden\" value=\"129\" name=\"archive_cat_id\">\n        \n        \n        <div class=\"archive__results\">\n            <div class=\"container px-5 px-lg-8\">\n                                                                    <div class=\"row g-7 resultItems\"><\/div>\n            <\/div>\n        <\/div>\n\n        <!-- Laad meer -->\n                <div class=\"block text-center loadMoreWrapper block block--double-spacing pb-0\" style=\"display: none;\">\n            <div class=\"container px-5 px-lg-8\">\n                <button aria-label=\"Charger plus de spots\" tabindex=\"0\" class=\"btn btn--green-tertiary loadMore\">\n                    Charger plus de spots\n                <\/button>\n            <\/div>\n        <\/div>\n    <\/div>\n\n<\/section>","protected":false},"excerpt":{"rendered":"","protected":false},"author":2,"featured_media":2859,"parent":1859,"menu_order":25,"comment_status":"closed","ping_status":"closed","template":"","meta":{"_acf_changed":false,"_seopress_robots_primary_cat":"","_seopress_titles_title":"Visit Vlissingen | Tips & Trips | Ontdek de stad en omgeving","_seopress_titles_desc":"Ontdek Vlissingen en omgeving met handige tips & trips voor stadswandelingen en dagjes uit in Zeeland. Jouw startpunt voor avontuur aan zee.","_seopress_robots_index":"","footnotes":""},"class_list":["post-2056","page","type-page","status-publish","has-post-thumbnail"],"acf":[],"_links":{"self":[{"href":"https:\/\/visitvlissingen.nl\/fr\/wp-json\/wp\/v2\/pages\/2056","targetHints":{"allow":["GET"]}}],"collection":[{"href":"https:\/\/visitvlissingen.nl\/fr\/wp-json\/wp\/v2\/pages"}],"about":[{"href":"https:\/\/visitvlissingen.nl\/fr\/wp-json\/wp\/v2\/types\/page"}],"author":[{"embeddable":true,"href":"https:\/\/visitvlissingen.nl\/fr\/wp-json\/wp\/v2\/users\/2"}],"replies":[{"embeddable":true,"href":"https:\/\/visitvlissingen.nl\/fr\/wp-json\/wp\/v2\/comments?post=2056"}],"version-history":[{"count":6,"href":"https:\/\/visitvlissingen.nl\/fr\/wp-json\/wp\/v2\/pages\/2056\/revisions"}],"predecessor-version":[{"id":3858,"href":"https:\/\/visitvlissingen.nl\/fr\/wp-json\/wp\/v2\/pages\/2056\/revisions\/3858"}],"up":[{"embeddable":true,"href":"https:\/\/visitvlissingen.nl\/fr\/wp-json\/wp\/v2\/pages\/1859"}],"wp:featuredmedia":[{"embeddable":true,"href":"https:\/\/visitvlissingen.nl\/fr\/wp-json\/wp\/v2\/media\/2859"}],"wp:attachment":[{"href":"https:\/\/visitvlissingen.nl\/fr\/wp-json\/wp\/v2\/media?parent=2056"}],"curies":[{"name":"wp","href":"https:\/\/api.w.org\/{rel}","templated":true}]}}