{"id":2265,"date":"2025-05-21T08:36:39","date_gmt":"2025-05-21T06:36:39","guid":{"rendered":"https:\/\/visitvlissingen.nl\/?page_id=2265"},"modified":"2026-04-01T15:48:13","modified_gmt":"2026-04-01T13:48:13","slug":"over-visit-vlissingen","status":"publish","type":"page","link":"https:\/\/visitvlissingen.nl\/fr\/over-visit-vlissingen\/","title":{"rendered":"\u00c0 propos de Visit Vlissingen"},"content":{"rendered":"<section class=\"block background-blue-primary block--header block--no-spacing-top\">\n    <div class=\"container px-5 px-lg-8\">\n        <div class=\"block--header__swiper swiper-container swiper-box disable-auto-height-from-lg\">\n            <div class=\"swiper-wrapper\">\n                                     \n\n                    <div class=\"swiper-slide\">\n                        <div class=\"row gx-7 h-100\">\n                            <div class=\"col-xxxl-5 col-xxl-5 col-xl-6 d-flex justify-content-between flex-column\">\n                                <div class=\"mt-4\">\n                                                                                                                                                                                                                                                                                                                                                                                                                                                                                                                                                                                                                                                                                                                                                                            <\/div>\n\n                                <div class=\"block--header__text ps-xxxl-9\">\n                                    \n                                                                            <h1 class=\"d-none d-lg-block\" >\u00c0 propos de Visit Vlissingen<\/h1>\n    <h1 class=\"d-block d-lg-none\" >\u00c0 propos de Visit Vlissingen<\/h1>\n                                    \n                                    \n                                    \n                                                                                                                                                    \n                                                                    <\/div>\n                                <div><\/div>\n                            <\/div>\n                            <div class=\"mt-7 mt-xl-0 col-xxxl-6 col-xxl-7 col-xl-6 offset-xxxl-1 pe-xxxl-9\">\n                                                                                                                    <figure\n        class=\"image block--header__image block--header__image--small z-1\"\n        \n    >\n        <img decoding=\"async\"\n            class=\"image-position--center\"\n            src=\"https:\/\/visitvlissingen.nl\/wp-content\/uploads\/2025\/10\/GemVlisCityMarketingJuni25-Nollebos01.jpg\"\n            alt=\"\"\n            loading=\"lazy\"\n        \/>\n        \n    <\/figure>\n                                                                                                    <\/div>\n                        <\/div>\n                    <\/div>\n                            <\/div>\n        <\/div>\n    <\/div>\n    <div class=\"waves\">\n        <div class=\"waves__wave waves__wave--green-secondary\"><\/div>\n    <\/div>\n<\/section>\n\n\n<section class=\"block block--text block--no-spacing-top\">\n        <div class=\"container px-5 px-lg-8\">\n            <div class=\"row justify-content-center\">\n                <div class=\"col-xxl-10\">\n                                                                        <div class=\"row\">\n                                <div class=\"col-xxxl-5 col-xl-6\">\n                                                                                                                <div class=\"text-wrapper\"><p>Flessingue est une ville de caract\u00e8re. Non polie et honn\u00eate, avec la mer \u00e0 ses pieds et un monde de possibilit\u00e9s \u00e0 l'horizon. La ville est brute et r\u00e9elle, un endroit o\u00f9 les gens disent ce qu'ils pensent et font ce qu'ils promettent. Dans son m\u00e9lange vibrant de cultures, de festivals et d'arts, une dynamique color\u00e9e et excentrique s'\u00e9panouit. Sa situation maritime, son d\u00e9veloppement urbain, sa perspective internationale et sa base culturelle font de Flessingue une ville en mouvement. La plateforme Visitvlissingen.nl rend ce dynamisme visible et tangible, pour tous ceux qui veulent d\u00e9couvrir, vivre ou valoriser la ville.<\/p>\n<p>La plateforme est le canal central de mise en \u0153uvre de Citymarketing Vlissingen et rend visible ce que la ville a \u00e0 offrir, pour les r\u00e9sidents, les visiteurs, les \u00e9tudiants, les entreprises et les investisseurs. En rassemblant les offres en un seul endroit, les barri\u00e8res entre les secteurs et les initiatives disparaissent. De cette mani\u00e8re, tout le monde entre en contact avec l'ensemble de la ville, ce qui renforce la proposition de Flessingue en tant que lieu attrayant pour vivre, travailler, \u00e9tudier et se d\u00e9tendre.<\/p>\n<\/div>\n                                                                                                        <\/div>\n                            <\/div>\n                                            \n                <\/div>\n            <\/div>\n        <\/div>\n    <\/section>\n\n\n<section class=\"block block--text-image\">\n        <div class=\"container px-5 px-lg-8\">\n            <div class=\"row justify-content-center\">\n                <div class=\"col-xxl-10\">\n                    <div class=\"row\">\n                        <div class=\"col-xxxl-5 col-xl-6 col-lg-7 mb-7 mb-lg-0\">\n                            <h2 class=\"wp-block-text-image d-none d-lg-block\" >Les gens font la ville<\/h2>\n    <h2 class=\"wp-block-text-image d-block d-lg-none\" >Les gens font la ville<\/h2>\n                                                            <div class=\"text-wrapper\"><p>Visitvlissingen.nl pr\u00e9sente Vlissingen \u00e0 travers les yeux de ceux qui y vivent, y travaillent, y \u00e9tudient et s'y divertissent. <a href=\"https:\/\/visitvlissingen.nl\/fr\/locals\/\">Ambassadeurs locaux<\/a> partagent leurs histoires et donnent \u00e0 la ville caract\u00e8re et sens. Ainsi, Vlissingen prend vie, personnellement, de mani\u00e8re surprenante et proche.<\/p>\n<\/div>\n                                       \n                                                    <\/div>\n                        <div class=\"col-xl-5 col-lg-4 offset-xxxl-2 offset-lg-1\">\n                            <figure\n        class=\"image block--text-image__image\"\n        \n    >\n        <img decoding=\"async\"\n            class=\"image-position--center\"\n            src=\"https:\/\/visitvlissingen.nl\/wp-content\/uploads\/2026\/03\/Pilot-Fotos-0496.jpg\"\n            alt=\"\"\n            loading=\"lazy\"\n        \/>\n        \n    <\/figure>\n                        <\/div>\n                    <\/div>\n                <\/div>\n            <\/div>\n        <\/div>\n    <\/section>\n\n\n<section class=\"block block--text\">\n        <div class=\"container px-5 px-lg-8\">\n            <div class=\"row justify-content-center\">\n                <div class=\"col-xxl-10\">\n                                                                        <div class=\"row\">\n                                <div class=\"col-xxxl-5 col-xl-6\">\n                                    <h2 class=\"wp-block-text d-none d-lg-block\" >L'offre culturelle actuelle et locale<\/h2>\n    <h2 class=\"wp-block-text d-block d-lg-none\" >L'offre culturelle actuelle et locale<\/h2>\n                                                                            <div class=\"text-wrapper\"><p>L'une des composantes essentielles du site web est l'agenda des \u00e9v\u00e9nements, qui pr\u00e9sente l'offre culturelle actuelle, notamment celle de <a href=\"https:\/\/visitvlissingen.nl\/fr\/spots\/podium-de-piek\/\">Sc\u00e8ne de concert De Piek<\/a>, <a href=\"https:\/\/visitvlissingen.nl\/fr\/spots\/sint-jacobskerk\/\">l'\u00e9glise Saint-Jacques<\/a>, <a href=\"https:\/\/visitvlissingen.nl\/fr\/spots\/muzeeum\/\">le MuZEEum<\/a>, <a href=\"https:\/\/visitvlissingen.nl\/fr\/spots\/pathevlissingen\/\">Path\u00e9 Vlissingen<\/a> en de <a href=\"https:\/\/visitvlissingen.nl\/fr\/spots\/zb-vlissingen\/\">ZB Flushing<\/a> chargement automatique. Nous nous appuyons judicieusement sur le d\u00e9veloppement r\u00e9gional du programme culturel de Z\u00e9lande (Zeeuwse Uitagenda), mis en \u0153uvre sous la direction du Zeeuwse Cultuur Organisatie (ZCO). Gr\u00e2ce \u00e0 cette connexion, l'offre culturelle existante est utilis\u00e9e de mani\u00e8re optimale et nous pouvons pr\u00e9senter une programmation locale efficace et \u00e0 jour \u00e0 un large public.<\/p>\n<p>Nous approchons activement les acteurs culturels qui ne sont pas (encore) affili\u00e9s au ZCO et les encourageons \u00e0 partager leur programmation avec nous. De cette mani\u00e8re, nous rendons l'ensemble de l'offre culturelle de Flessingue aussi visible et accessible que possible.<\/p>\n<p>Outre la programmation culturelle, nous offrons \u00e9galement un vaste espace pour les \u00e9v\u00e9nements. Les activit\u00e9s de grande ou de petite envergure trouvent leur place sur des pages d\u00e9di\u00e9es aux \u00e9v\u00e9nements et, le cas \u00e9ch\u00e9ant, nous soutenons la visibilit\u00e9 des \u00e9v\u00e9nements au niveau local, r\u00e9gional et national gr\u00e2ce \u00e0 des campagnes d'audience cibl\u00e9es. Nous encourageons ainsi la participation, les visites et l'implication, et contribuons au dynamisme de la ville.<\/p>\n<\/div>\n                                                                                                        <\/div>\n                            <\/div>\n                                            \n                <\/div>\n            <\/div>\n        <\/div>\n    <\/section>\n\n\n<section class=\"block block--image-slider\">\n            <div class=\"container px-5 px-lg-8\">\n                <div class=\"row justify-content-center\">\n                    <div class=\"col-xxl-10\">\n                        <div class=\"block--image-slider__swiper swiper-container swiper-box\">\n                            <div class=\"swiper-wrapper\">\n                                                                                                            <div class=\"swiper-slide\">\n                                            <figure class=\"d-flex align-items-center justify-content-center image block--image-slider__swiper__img\">\n                                                <img decoding=\"async\" class=\"image-position--center\" src=\"https:\/\/visitvlissingen.nl\/wp-content\/uploads\/2026\/01\/DSC6834x-kustlijn-oranje-molen.jpg\" loading=\"lazy\" alt=\"\">\n\n                                                                                                                                                    <div class=\"block--image-slider__swiper__img__right\">\n                                                        <svg preserveaspectratio=\"none\" viewbox=\"0 0 55 560\" class=\"h-100\" fill=\"none\" xmlns=\"http:\/\/www.w3.org\/2000\/svg\">\n        <path d=\"M39.1165 141L0 141L0 100.11L12.9063 0L42.2916 0L55 100.11L55 141L39.1165 141Z\" fill=\"#0D3A3E\"\/>\n        <path d=\"M39.1165 420L0 420L0 379.4L12.9063 280L42.2916 280L55 379.4L55 420L39.1165 420Z\" fill=\"#0D3A3E\"\/>\n        <path d=\"M39.1165 141L0 141L0 181.6L12.9063 281L42.2916 281L55 181.6L55 141L39.1165 141Z\" fill=\"#0D3A3E\"\/>\n        <path d=\"M39.1165 419L0 419L0 459.89L12.9063 560L42.2916 560L55 459.89L55 419L39.1165 419Z\" fill=\"#0D3A3E\"\/>\n    <\/svg>\n                                                    <\/div>\n                                                                                            <\/figure>\n                                        <\/div>\n                                                                                                                                                <div class=\"swiper-slide\">\n                                            <figure class=\"d-flex align-items-center justify-content-center image block--image-slider__swiper__img\">\n                                                <img decoding=\"async\" class=\"image-position--center\" src=\"https:\/\/visitvlissingen.nl\/wp-content\/uploads\/2025\/10\/MKZ2963-5-mei-scheldekwartier.jpg\" loading=\"lazy\" alt=\"\">\n\n                                                                                                    <div class=\"block--map-images__swiper__img__left\">\n                                                        <svg preserveaspectratio=\"none\" viewbox=\"0 0 56 561\" class=\"h-100\" fill=\"none\" xmlns=\"http:\/\/www.w3.org\/2000\/svg\">\n        <path d=\"M39.8277 280L0 280L0 320.6L13.141 420L43.0605 420L56 320.6L56 280L39.8277 280Z\" fill=\"#0D3A3E\"\/>\n        <path d=\"M39.8277 280L0 280L0 239.4L13.141 140L43.0605 140L56 239.4L56 280L39.8277 280Z\" fill=\"#0D3A3E\"\/>\n        <path d=\"M39.8277 561H0L0 520.11L13.141 420L43.0605 420L56 520.11L56 561L39.8277 561Z\" fill=\"#0D3A3E\"\/>\n        <path d=\"M39.8277 0L0 0L0 40.8905L13.141 141L43.0605 141L56 40.8905L56 0L39.8277 0Z\" fill=\"#0D3A3E\"\/>\n    <\/svg>\n                                                    <\/div>\n                                                                                                                                            <\/figure>\n                                        <\/div>\n                                                                                                <\/div>\n                            <div class=\"swiper-controls d-flex justify-content-end mt-4 color-blue-secondary\">\n    <button tabindex=\"0\" type=\"button\" class=\"me-3 swiper-button swiper-button--prev block--image-slider__nav block--image-slider__nav-swiper-button--prev\" aria-label=\"Diapositive pr\u00e9c\u00e9dente\">\n        <div class=\"link-arrow\">\n                    <span class=\"\">\n                <i class=\"icon icon-arrow-left\" aria-hidden=\"true\"><\/i>\n            <\/span>\n        \n            <\/div>\n    <\/button>\n    <button tabindex=\"0\" type=\"button\" class=\"swiper-button swiper-button--next block--image-slider__nav block--image-slider__nav-swiper-button--next\" aria-label=\"Diapositive suivante\">\n        <div class=\"link-arrow\">\n                    <span class=\"\">\n                <i class=\"icon icon-arrow-right\" aria-hidden=\"true\"><\/i>\n            <\/span>\n        \n            <\/div>\n    <\/button>\n<\/div>\n                        <\/div>\n                    <\/div>\n                <\/div>\n            <\/div>\n        <\/section>\n    \n\n<section class=\"block block--text\">\n        <div class=\"container px-5 px-lg-8\">\n            <div class=\"row justify-content-center\">\n                <div class=\"col-xxl-10\">\n                                                                        <div class=\"row\">\n                                <div class=\"col-xxxl-5 col-xl-6\">\n                                                                                                                <div class=\"text-wrapper\"><h2>D\u00e9couvrir, faire et vivre<\/h2>\n<p>Les visiteurs du site trouveront des conseils pratiques et inspirants sur la culture, la nature, la nourriture et les boissons, le shopping, l'h\u00e9bergement et les divertissements dans la section \"Voir et faire\". Des pages sont \u00e9galement consacr\u00e9es \u00e0 des zones sp\u00e9cifiques et \u00e0 des points n\u00e9vralgiques de la ville, tels que la promenade, le centre-ville et le Kenniswerf.<\/p>\n<p>&nbsp;<\/p>\n<h2>Fait avec la ville<\/h2>\n<p>Le d\u00e9veloppement de Visitvlissingen.nl se fait en \u00e9troite collaboration avec des partenaires locaux, notamment la VLOC (Vlissingse Ondernemers Centrale), la KHN Vlissingen, les institutions culturelles de la ville et les partenaires de <a href=\"https:\/\/visitvlissingen.nl\/fr\/hotspot\/kenniswerf\/\">Kenniswerf<\/a> (\u00e9ducation et entreprises). Cette approche commune garantit que la plateforme refl\u00e8te v\u00e9ritablement la ville.<\/p>\n<p>&nbsp;<\/p>\n<h2>Positionnement strat\u00e9gique<\/h2>\n<p>Visitvlissingen.nl pr\u00e9cise l'orientation strat\u00e9gique du marketing de la ville :<\/p>\n<ul>\n<li>Vlissingen <a href=\"https:\/\/visitvlissingen.nl\/fr\/werken-en-studeren\/hotspot-voor-delta-innovatie\/\">Point d'acc\u00e8s pour l'innovation delta<\/a>, avec le Kenniswerf comme moteur de connaissance et d'innovation ;<\/li>\n<li>Vlissingen, ville \u00e9v\u00e9nementielle, est une destination culturelle en bord de mer qui poss\u00e8de sa propre atmosph\u00e8re et sa propre signature.<\/li>\n<\/ul>\n<p>En \u00e9tablissant des liens, en pr\u00e9sentant et en valorisant, Visitvlissingen.nl contribue \u00e0 donner une image positive et reconnaissable de Flessingue, une ville o\u00f9 convergent les opportunit\u00e9s.<\/p>\n<\/div>\n                                                                                                        <\/div>\n                            <\/div>\n                                            \n                <\/div>\n            <\/div>\n        <\/div>\n    <\/section>","protected":false},"excerpt":{"rendered":"","protected":false},"author":7,"featured_media":0,"parent":0,"menu_order":6,"comment_status":"closed","ping_status":"closed","template":"","meta":{"_acf_changed":false,"_seopress_robots_primary_cat":"","_seopress_titles_title":"Visit Vlissingen | Over ons | Citymarketing platform","_seopress_titles_desc":"Visit Vlissingen is h\u00e9t platform om alles te ontdekken over wonen, werken, studeren en genieten aan zee voor alle doelgroepen","_seopress_robots_index":"","footnotes":""},"class_list":["post-2265","page","type-page","status-publish"],"acf":[],"_links":{"self":[{"href":"https:\/\/visitvlissingen.nl\/fr\/wp-json\/wp\/v2\/pages\/2265","targetHints":{"allow":["GET"]}}],"collection":[{"href":"https:\/\/visitvlissingen.nl\/fr\/wp-json\/wp\/v2\/pages"}],"about":[{"href":"https:\/\/visitvlissingen.nl\/fr\/wp-json\/wp\/v2\/types\/page"}],"author":[{"embeddable":true,"href":"https:\/\/visitvlissingen.nl\/fr\/wp-json\/wp\/v2\/users\/7"}],"replies":[{"embeddable":true,"href":"https:\/\/visitvlissingen.nl\/fr\/wp-json\/wp\/v2\/comments?post=2265"}],"version-history":[{"count":10,"href":"https:\/\/visitvlissingen.nl\/fr\/wp-json\/wp\/v2\/pages\/2265\/revisions"}],"predecessor-version":[{"id":4589,"href":"https:\/\/visitvlissingen.nl\/fr\/wp-json\/wp\/v2\/pages\/2265\/revisions\/4589"}],"wp:attachment":[{"href":"https:\/\/visitvlissingen.nl\/fr\/wp-json\/wp\/v2\/media?parent=2265"}],"curies":[{"name":"wp","href":"https:\/\/api.w.org\/{rel}","templated":true}]}}