{"id":2269,"date":"2025-05-21T08:37:21","date_gmt":"2025-05-21T06:37:21","guid":{"rendered":"https:\/\/visitvlissingen.nl\/?page_id=2269"},"modified":"2025-11-24T15:18:16","modified_gmt":"2025-11-24T14:18:16","slug":"over-het-logo","status":"publish","type":"page","link":"https:\/\/visitvlissingen.nl\/fr\/over-het-logo\/","title":{"rendered":"A propos du logo de la ville"},"content":{"rendered":"<section class=\"block background-blue-primary block--header block--no-spacing-top\">\n    <div class=\"container px-5 px-lg-8\">\n        <div class=\"block--header__swiper swiper-container swiper-box disable-auto-height-from-lg\">\n            <div class=\"swiper-wrapper\">\n                                     \n\n                    <div class=\"swiper-slide\">\n                        <div class=\"row gx-7 h-100\">\n                            <div class=\"col-xxxl-5 col-xxl-5 col-xl-6 d-flex justify-content-between flex-column\">\n                                <div class=\"mt-4\">\n                                                                                                                                                                                                                                                                                                                                                                                                                                                                                                                                                                                                                                                                                                                                                                            <\/div>\n\n                                <div class=\"block--header__text ps-xxxl-9\">\n                                    \n                                                                            <h1 class=\"d-none d-lg-block\" >\u00c0 propos du logo<\/h1>\n    <h1 class=\"d-block d-lg-none\" >\u00c0 propos du logo<\/h1>\n                                    \n                                    \n                                    \n                                                                                                                                                    \n                                                                    <\/div>\n                                <div><\/div>\n                            <\/div>\n                            <div class=\"mt-7 mt-xl-0 col-xxxl-6 col-xxl-7 col-xl-6 offset-xxxl-1 pe-xxxl-9\">\n                                                                                                                                                                                                                        <\/div>\n                        <\/div>\n                    <\/div>\n                            <\/div>\n        <\/div>\n    <\/div>\n    <div class=\"waves\">\n        <div class=\"waves__wave waves__wave--green-secondary\"><\/div>\n    <\/div>\n<\/section>\n\n\n<section class=\"block block--text block--no-spacing-top\">\n        <div class=\"container px-5 px-lg-8\">\n            <div class=\"row justify-content-center\">\n                <div class=\"col-xxl-10\">\n                                                                        <div class=\"row\">\n                                <div class=\"col-xxxl-5 col-xl-6\">\n                                    <h2 class=\"wp-block-text d-none d-lg-block\" >Flessingue, ville de caract\u00e8re<\/h2>\n    <h2 class=\"wp-block-text d-block d-lg-none\" >Flessingue, ville de caract\u00e8re<\/h2>\n                                                                            <div class=\"text-wrapper\"><p>Une ville se manifeste par ce qu'elle dit, ce qu'elle entend et ce \u00e0 quoi elle ressemble. Par ses habitants, ses images, ses histoires et son style. Le logo de la ville est un \u00e9l\u00e9ment fixe : un \u00e9metteur reconnaissable de ce qui est partag\u00e9 dans, par et au nom de la ville. Sur cette page, vous pouvez lire pourquoi nous avons choisi d'avoir notre propre logo - et comment il s'int\u00e8gre \u00e0 l'identit\u00e9 de Flessingue.<\/p>\n<p>Flessingue est une ville de caract\u00e8re - et cela se voit dans la fa\u00e7on dont nous la pr\u00e9sentons. Sur ce site, nous utilisons le <strong>logo de la ville VLISSINGEN<\/strong>Le message doit \u00eatre : puissant, clair et sans ajouts. Pas de slogans, pas de fioritures. Juste : Flushing.<\/p>\n<p>Nous le faisons d\u00e9lib\u00e9r\u00e9ment. Parce que ce site web fait partie du Citymarketing de Flessingue, destin\u00e9 \u00e0 tous ceux qui vivent, travaillent, \u00e9tudient, font des affaires ou visitent Flessingue. Nous racontons l'histoire de Flessingue telle qu'elle est : non polie, maritime, color\u00e9e et en mouvement.<\/p>\n<p>&nbsp;<\/p>\n<h2>\u00c0 propos du logo<\/h2>\n<p>Le logo de la ville se compose d'un mot puissant : <strong>FLISSINGEN<\/strong>. En lettres capitales, con\u00e7ues dans la police <strong>Bulevard<\/strong> - un clin d'\u0153il d\u00e9lib\u00e9r\u00e9 au boulevard si caract\u00e9ristique de la ville. Le lettrage est robuste, ouvert et imm\u00e9diatement reconnaissable ! VLISSINGEN\".<\/p>\n<p>L'originalit\u00e9 du logo r\u00e9side dans le fait qu'il <strong>se d\u00e9place au gr\u00e9 des mar\u00e9es de l'Escaut occidental<\/strong>. Gr\u00e2ce \u00e0 un lien en temps r\u00e9el avec les niveaux d'eau r\u00e9els, la forme change subtilement avec le flux et le reflux. Ce mouvement est une traduction directe de la <strong>L'ADN maritime de Flessingue<\/strong>. Une ville qui vit au rythme de l'eau, qui change avec le courant, mais qui reste toujours fid\u00e8le \u00e0 son caract\u00e8re.<\/p>\n<p>En tant que tel, le logo n'est pas une image fixe. <strong>Une identit\u00e9 qui bouge - tout comme Flushing.<\/strong><\/p>\n<p><strong>\u00a0<\/strong><\/p>\n<h2>Pourquoi pas le logo de la municipalit\u00e9 ?<\/h2>\n<p>Pour le marketing urbain, nous utilisons <strong>pas le logo de la municipalit\u00e9<\/strong>Le marketing urbain joue un r\u00f4le diff\u00e9rent de la communication officielle de la municipalit\u00e9. Il existe en effet une diff\u00e9rence entre :<\/p>\n<ul>\n<li><strong>La commune de Vlissingen<\/strong> - l'organisation qui \u00e9labore la politique, la met en \u0153uvre et soutient les r\u00e9sidents.<\/li>\n<li><strong>La ville de Flushing<\/strong> - le lieu o\u00f9 les gens vivent, travaillent (y compris les entreprises et les investissements), \u00e9tudient et se divertissent.<\/li>\n<\/ul>\n<p>Ces deux mondes ont besoin de leur propre apparence. Le logo municipal doit figurer sur les lettres, les permis et les documents politiques. Le logo de la ville doit figurer sur les histoires, les \u00e9v\u00e9nements et les initiatives qui donnent vie \u00e0 la ville.<\/p>\n<p>&nbsp;<\/p>\n<h2>Une face vers l'ext\u00e9rieur<\/h2>\n<p>Le logo de la ville de VLISSINGEN sera utilis\u00e9 pour les campagnes, les partenariats et la promotion. Cela permet de cr\u00e9er un \u00e9metteur reconnaissable dans tout ce que nous disons sur la ville - des activit\u00e9s culturelles \u00e0 l'innovation (delta) percutante.<\/p>\n<p>Flushing a de multiples facettes, mais elle est toujours elle-m\u00eame. Et c'est exactement ce que nous voulons montrer.<\/p>\n<p>&nbsp;<\/p>\n<h2>\u00c9tablissement<\/h2>\n<p>La conception du logo de la ville s'est faite en collaboration avec plusieurs parties : le <strong>Groupe de pilotage Citymarketing Vlissingen<\/strong>, le <strong>VLOC<\/strong>, <strong>les institutions culturelles<\/strong>, le <strong>Partenaires du Knowledge Wharf<\/strong> et les parties prenantes internes de la municipalit\u00e9. Le logo s'aligne sur l'ADN de Flessingue, la vision strat\u00e9gique de la ville et son positionnement \u00e9conomique en tant que ville de l'Union europ\u00e9enne. <strong>point n\u00e9vralgique de l'innovation dans le delta<\/strong>.<\/p>\n<\/div>\n                                                                                                        <\/div>\n                            <\/div>\n                                            \n                <\/div>\n            <\/div>\n        <\/div>\n    <\/section>","protected":false},"excerpt":{"rendered":"","protected":false},"author":7,"featured_media":0,"parent":0,"menu_order":5,"comment_status":"closed","ping_status":"closed","template":"","meta":{"_acf_changed":false,"_seopress_robots_primary_cat":"","_seopress_titles_title":"Visit Vlissingen | Stadslogo Vlissingen | Maritieme stad","_seopress_titles_desc":"Ontdek het stadslogo van Vlissingen met een maritiem en dynamisch ontwerp dat het karakter van de stad en de citymarketing laat zien","_seopress_robots_index":"","footnotes":""},"class_list":["post-2269","page","type-page","status-publish"],"acf":[],"_links":{"self":[{"href":"https:\/\/visitvlissingen.nl\/fr\/wp-json\/wp\/v2\/pages\/2269","targetHints":{"allow":["GET"]}}],"collection":[{"href":"https:\/\/visitvlissingen.nl\/fr\/wp-json\/wp\/v2\/pages"}],"about":[{"href":"https:\/\/visitvlissingen.nl\/fr\/wp-json\/wp\/v2\/types\/page"}],"author":[{"embeddable":true,"href":"https:\/\/visitvlissingen.nl\/fr\/wp-json\/wp\/v2\/users\/7"}],"replies":[{"embeddable":true,"href":"https:\/\/visitvlissingen.nl\/fr\/wp-json\/wp\/v2\/comments?post=2269"}],"version-history":[{"count":11,"href":"https:\/\/visitvlissingen.nl\/fr\/wp-json\/wp\/v2\/pages\/2269\/revisions"}],"predecessor-version":[{"id":3468,"href":"https:\/\/visitvlissingen.nl\/fr\/wp-json\/wp\/v2\/pages\/2269\/revisions\/3468"}],"wp:attachment":[{"href":"https:\/\/visitvlissingen.nl\/fr\/wp-json\/wp\/v2\/media?parent=2269"}],"curies":[{"name":"wp","href":"https:\/\/api.w.org\/{rel}","templated":true}]}}