{"id":347,"date":"2024-11-05T10:31:51","date_gmt":"2024-11-05T09:31:51","guid":{"rendered":"https:\/\/visitvlissingen.nl\/?page_id=347"},"modified":"2025-11-24T15:24:14","modified_gmt":"2025-11-24T14:24:14","slug":"cultuur-snuiven","status":"publish","type":"page","link":"https:\/\/visitvlissingen.nl\/fr\/zien-doen\/cultuur-snuiven\/","title":{"rendered":"Fair le pleine de culture"},"content":{"rendered":"<section class=\"block background-purple block--header block--no-spacing-top\">\n    <div class=\"container ps-5 ps-lg-8 pe-0\">\n        <div class=\"block--header__swiper swiper-container swiper-box disable-auto-height-from-lg\">\n            <div class=\"swiper-wrapper\">\n                                     \n\n                    <div class=\"swiper-slide\">\n                        <div class=\"row me-0 gx-7 h-100\">\n                            <div class=\"col-xxxl-5 col-xxl-5 col-xl-6 d-flex justify-content-between flex-column\">\n                                <div class=\"mt-4\">\n                                                                                                                                                                                                                                                                                                                                                                                                                                                                                                                                                                                                                                                                                                                                                                                    <a\n        href=\"https:\/\/visitvlissingen.nl\/fr\/zien-doen\/\"\n         target=\"\"                 class=\"link-arrow block--header__archive mb-4 mb-xl-0\"\n    >\n                    <span class=\"me-4\">\n                <i class=\"icon icon-arrow-left\"><\/i>\n            <\/span>\n        \n                    <span>Retour \u00e0 Voir et faire<\/span>\n            <\/a>\n                                                                    <\/div>\n\n                                <div class=\"block--header__text ps-xxxl-9\">\n                                    \n                                                                            <h1 class=\"d-none d-lg-block\" >Fair le pleine de culture<\/h1>\n    <h1 class=\"d-block d-lg-none\" >Fair le pleine de culture<\/h1>\n                                    \n                                                                            <div class=\"text-wrapper\"><p>Renifler la culture \u00e0 Flessingue est une exp\u00e9rience \u00e0 ne pas manquer. On y respire non seulement une riche histoire maritime, mais aussi l'\u00e9nergie de l'avenir. Admirez les navires embl\u00e9matiques, d\u00e9couvrez les marins qui ont fait la grandeur de cette ville ou visitez les projets artistiques cr\u00e9atifs des artistes locaux. Flessingue offre un voyage culturel inoubliable pour les jeunes et les moins jeunes.<\/p>\n<\/div>\n                                    \n                                    \n                                                                                                                                                    \n                                                                    <\/div>\n                                <div><\/div>\n                            <\/div>\n                            <div class=\"mt-7 mt-xl-0 col-xxxl-6 col-xxl-7 col-xl-6 offset-xxxl-1 pe-0\">\n                                                                                                                    <figure\n        class=\"image block--header__image block--header__image--medium z-1\"\n        \n    >\n        <img decoding=\"async\"\n            class=\"image-position--center\"\n            src=\"https:\/\/visitvlissingen.nl\/wp-content\/uploads\/2025\/05\/251A1179-kopie.webp\"\n            alt=\"\"\n            loading=\"lazy\"\n        \/>\n        \n    <\/figure>\n                                                                                                    <\/div>\n                        <\/div>\n                    <\/div>\n                            <\/div>\n        <\/div>\n    <\/div>\n    <div class=\"waves\">\n        <div class=\"waves__wave waves__wave--green-secondary\"><\/div>\n    <\/div>\n<\/section>\n\n\n<section class=\"block block--spots\">\n            <div class=\"container px-5 px-lg-8\">\n                <div class=\"row mb-5\">\n                    <div class=\"col my-auto\">\n                        <h2 class=\"mb-0 align-title d-none d-lg-block\" >Sites historiques<\/h2>\n    <h2 class=\"mb-0 align-title d-block d-lg-none\" >Sites historiques<\/h2>\n                    <\/div>\n                    <div class=\"col-auto my-auto d-none d-lg-block\">\n                        <a\n                    href=\"https:\/\/visitvlissingen.nl\/fr\/zien-doen\/cultuur-snuiven\/historischebezienswaardigheden\/\"\n                        tabindex=\"0\"\n                class=\"btn btn--perzik-purple wp-block-spots\"\n            >\n        Voir plus\n        \n    <\/a>\n\n                        <\/div>\n                <\/div>\n                <div class=\"block--spots__swiper swiper-container swiper-box position-relative pb-3 disable-auto-height-from-lg\">\n                    <div class=\"swiper-wrapper\">\n                                                                                <div class=\"swiper-slide\">\n                                <article class=\"spot-item theme-bottom-right-triangle\">\n    <a class=\"d-block\" tabindex=\"0\" href=\"https:\/\/visitvlissingen.nl\/fr\/spots\/de-scheldekraan\/\" aria-label=\"Regarder ce spot\">\n                    <figure class=\"image spot-item__image scale-on-hover\">\n                <img decoding=\"async\" class=\"image-position--center\" src=\"https:\/\/visitvlissingen.nl\/wp-content\/uploads\/2025\/04\/GemVlisCityMarketingJuni25-Scheldekraan02.jpg\" alt=\"\"  loading=\"lazy\">\n            <\/figure>\n                <div class=\"spot-item__content p-6 flex-grow-1\">\n            <div>\n                                    <div class=\"cats-meta mb-3 color-blue-secondary\">\n                    <span class=\"d-inline-flex me-3\">\n                                <span class=\"cats-meta__item\">Sites historiques<\/span>\n            <\/span>\n            <\/div>\n                                <h3 class=\"mb-3\">La grue de l'Escaut<\/h3>\n                                    <div class=\"text--wrapper\">La grue de l'Escaut, une imposante grue de construction navale situ\u00e9e dans le quartier de l'Escaut de Flessingue, est un monument impressionnant datant de l'\u00e9poque o\u00f9 la Compagnie royale de l'Escaut prosp\u00e9rait ici. <\/div>\n                \n                <div class=\"link-arrow mt-4 color-blue-secondary\">\n                    <span class=\"me-4\">\n                <i class=\"icon icon-arrow-right\" aria-hidden=\"true\"><\/i>\n            <\/span>\n        \n                    <span>Regarder ce spot<\/span>\n            <\/div>\n            <\/div>\n        <\/div>\n    <\/a>\n<\/article>\n\n                            <\/div>\n                                                                                <div class=\"swiper-slide\">\n                                <article class=\"spot-item theme-bottom-right-triangle\">\n    <a class=\"d-block\" tabindex=\"0\" href=\"https:\/\/visitvlissingen.nl\/fr\/spots\/sint-jacobskerk\/\" aria-label=\"Regarder ce spot\">\n                    <figure class=\"image spot-item__image scale-on-hover\">\n                <img decoding=\"async\" class=\"image-position--center\" src=\"https:\/\/visitvlissingen.nl\/wp-content\/uploads\/2025\/03\/Cultuurpodium-Sint-Jacobskerk-2.jpg\" alt=\"\"  loading=\"lazy\">\n            <\/figure>\n                <div class=\"spot-item__content p-6 flex-grow-1\">\n            <div>\n                                    <div class=\"cats-meta mb-3 color-blue-secondary\">\n                    <span class=\"d-inline-flex me-3\">\n                                <span class=\"cats-meta__item\">Sites historiques<\/span>\n            <\/span>\n            <\/div>\n                                <h3 class=\"mb-3\">\u00c9glise Saint-Jacques<\/h3>\n                                    <div class=\"text--wrapper\">Sint Jacobskerk, situ\u00e9e sur la Oude Markt \u00e0 Flessingue, est une \u00e9glise monumentale dont l'histoire remonte au XIVe si\u00e8cle. <\/div>\n                \n                <div class=\"link-arrow mt-4 color-blue-secondary\">\n                    <span class=\"me-4\">\n                <i class=\"icon icon-arrow-right\" aria-hidden=\"true\"><\/i>\n            <\/span>\n        \n                    <span>Regarder ce spot<\/span>\n            <\/div>\n            <\/div>\n        <\/div>\n    <\/a>\n<\/article>\n\n                            <\/div>\n                                                                                <div class=\"swiper-slide\">\n                                <article class=\"spot-item theme-bottom-right-triangle\">\n    <a class=\"d-block\" tabindex=\"0\" href=\"https:\/\/visitvlissingen.nl\/fr\/spots\/standbeeld-michiel-de-ruyter\/\" aria-label=\"Regarder ce spot\">\n                    <figure class=\"image spot-item__image scale-on-hover\">\n                <img decoding=\"async\" class=\"image-position--center\" src=\"https:\/\/visitvlissingen.nl\/wp-content\/uploads\/2025\/10\/Michiel-de-Ruyter.jpg\" alt=\"\"  loading=\"lazy\">\n            <\/figure>\n                <div class=\"spot-item__content p-6 flex-grow-1\">\n            <div>\n                                    <div class=\"cats-meta mb-3 color-blue-secondary\">\n                    <span class=\"d-inline-flex me-3\">\n                                <span class=\"cats-meta__item\">Sites historiques<\/span>\n            <\/span>\n            <\/div>\n                                <h3 class=\"mb-3\">Statue de Michiel de Ruyter<\/h3>\n                                    <div class=\"text--wrapper\">Michiel de Ruyter a d\u00e9fendu la flotte n\u00e9erlandaise au XVIIe si\u00e8cle. Il ne s'agit donc pas seulement d'un endroit o\u00f9 l'on peut observer les navires, mais aussi d'un lieu o\u00f9 l'on peut prendre le temps de r\u00e9fl\u00e9chir \u00e0 la riche histoire maritime de Flessingue.<\/div>\n                \n                <div class=\"link-arrow mt-4 color-blue-secondary\">\n                    <span class=\"me-4\">\n                <i class=\"icon icon-arrow-right\" aria-hidden=\"true\"><\/i>\n            <\/span>\n        \n                    <span>Regarder ce spot<\/span>\n            <\/div>\n            <\/div>\n        <\/div>\n    <\/a>\n<\/article>\n\n                            <\/div>\n                                                                                <div class=\"swiper-slide\">\n                                <article class=\"spot-item theme-bottom-right-triangle\">\n    <a class=\"d-block\" tabindex=\"0\" href=\"https:\/\/visitvlissingen.nl\/fr\/spots\/de-oranjemolen\/\" aria-label=\"Regarder ce spot\">\n                    <figure class=\"image spot-item__image scale-on-hover\">\n                <img decoding=\"async\" class=\"image-position--center\" src=\"https:\/\/visitvlissingen.nl\/wp-content\/uploads\/2025\/04\/030_D4X9738-bew-oranje-molen.jpg\" alt=\"\"  loading=\"lazy\">\n            <\/figure>\n                <div class=\"spot-item__content p-6 flex-grow-1\">\n            <div>\n                                    <div class=\"cats-meta mb-3 color-blue-secondary\">\n                    <span class=\"d-inline-flex me-3\">\n                                <span class=\"cats-meta__item\">Sites historiques<\/span>\n            <\/span>\n            <\/div>\n                                <h3 class=\"mb-3\">Le Moulin \u00e0 Orange<\/h3>\n                                    <div class=\"text--wrapper\">Le moulin d'Oranjemolen, situ\u00e9 sur les rives de l'Escaut occidental \u00e0 Flessingue, est l'un des plus anciens et des plus embl\u00e9matiques des Pays-Bas. <\/div>\n                \n                <div class=\"link-arrow mt-4 color-blue-secondary\">\n                    <span class=\"me-4\">\n                <i class=\"icon icon-arrow-right\" aria-hidden=\"true\"><\/i>\n            <\/span>\n        \n                    <span>Regarder ce spot<\/span>\n            <\/div>\n            <\/div>\n        <\/div>\n    <\/a>\n<\/article>\n\n                            <\/div>\n                                                                                <div class=\"swiper-slide\">\n                                <article class=\"spot-item theme-bottom-right-triangle\">\n    <a class=\"d-block\" tabindex=\"0\" href=\"https:\/\/visitvlissingen.nl\/fr\/spots\/kazematten-tijdelijk-gesloten\/\" aria-label=\"Regarder ce spot\">\n                    <figure class=\"image spot-item__image scale-on-hover\">\n                <img decoding=\"async\" class=\"image-position--center\" src=\"https:\/\/visitvlissingen.nl\/wp-content\/uploads\/2025\/04\/DSC5804x-boulevard-kazematten-bewwit.jpg\" alt=\"\"  loading=\"lazy\">\n            <\/figure>\n                <div class=\"spot-item__content p-6 flex-grow-1\">\n            <div>\n                                    <div class=\"cats-meta mb-3 color-blue-secondary\">\n                    <span class=\"d-inline-flex me-3\">\n                                <span class=\"cats-meta__item\">Sites historiques<\/span>\n            <\/span>\n            <\/div>\n                                <h3 class=\"mb-3\">Casemates (temporairement ferm\u00e9)<\/h3>\n                                    <div class=\"text--wrapper\">Les casemates de Flessingue sont une structure historique impressionnante qui fait partie du syst\u00e8me de d\u00e9fense c\u00f4ti\u00e8re.<\/div>\n                \n                <div class=\"link-arrow mt-4 color-blue-secondary\">\n                    <span class=\"me-4\">\n                <i class=\"icon icon-arrow-right\" aria-hidden=\"true\"><\/i>\n            <\/span>\n        \n                    <span>Regarder ce spot<\/span>\n            <\/div>\n            <\/div>\n        <\/div>\n    <\/a>\n<\/article>\n\n                            <\/div>\n                                                                                <div class=\"swiper-slide\">\n                                <article class=\"spot-item theme-bottom-right-triangle\">\n    <a class=\"d-block\" tabindex=\"0\" href=\"https:\/\/visitvlissingen.nl\/fr\/spots\/standbeeld-pieter-louwerse\/\" aria-label=\"Regarder ce spot\">\n                    <figure class=\"image spot-item__image scale-on-hover\">\n                <img decoding=\"async\" class=\"image-position--center\" src=\"https:\/\/visitvlissingen.nl\/wp-content\/uploads\/2025\/06\/Image-7.jpg\" alt=\"\"  loading=\"lazy\">\n            <\/figure>\n                <div class=\"spot-item__content p-6 flex-grow-1\">\n            <div>\n                                    <div class=\"cats-meta mb-3 color-blue-secondary\">\n                    <span class=\"d-inline-flex me-3\">\n                                <span class=\"cats-meta__item\">Sites historiques<\/span>\n            <\/span>\n            <\/div>\n                                <h3 class=\"mb-3\">Statue de Pieter Louwerse<\/h3>\n                                    <div class=\"text--wrapper\">La statue de Pieter Louwerse rappelle le c\u00e9l\u00e8bre conteur de Souburg, auteur de nombreux livres et chansons pour enfants.<\/div>\n                \n                <div class=\"link-arrow mt-4 color-blue-secondary\">\n                    <span class=\"me-4\">\n                <i class=\"icon icon-arrow-right\" aria-hidden=\"true\"><\/i>\n            <\/span>\n        \n                    <span>Regarder ce spot<\/span>\n            <\/div>\n            <\/div>\n        <\/div>\n    <\/a>\n<\/article>\n\n                            <\/div>\n                                                                    <\/div>\n                    <div class=\"swiper-controls d-flex justify-content-end mt-4 color-blue-secondary\">\n    <button tabindex=\"0\" type=\"button\" class=\"me-3 swiper-button swiper-button--prev block--spots__swiper__nav block--spots__swiper__nav-swiper-button--prev\" aria-label=\"Diapositive pr\u00e9c\u00e9dente\">\n        <div class=\"link-arrow color-blue-secondary\">\n                    <span class=\"\">\n                <i class=\"icon icon-arrow-left\" aria-hidden=\"true\"><\/i>\n            <\/span>\n        \n            <\/div>\n    <\/button>\n    <button tabindex=\"0\" type=\"button\" class=\"swiper-button swiper-button--next block--spots__swiper__nav block--spots__swiper__nav-swiper-button--next\" aria-label=\"Diapositive suivante\">\n        <div class=\"link-arrow color-blue-secondary\">\n                    <span class=\"\">\n                <i class=\"icon icon-arrow-right\" aria-hidden=\"true\"><\/i>\n            <\/span>\n        \n            <\/div>\n    <\/button>\n<\/div>\n                <\/div>\n                <div class=\"d-flex justify-content-end d-lg-none mt-4 mb-3\">\n                    <a\n                    href=\"https:\/\/visitvlissingen.nl\/fr\/zien-doen\/cultuur-snuiven\/historischebezienswaardigheden\/\"\n                        tabindex=\"0\"\n                class=\"btn btn--perzik-purple wp-block-spots\"\n            >\n        Voir plus\n        \n    <\/a>\n\n                    <\/div>\n            <\/div>\n        <\/section>\n    \n\n<section class=\"block block--spots\">\n            <div class=\"container px-5 px-lg-8\">\n                <div class=\"row mb-5\">\n                    <div class=\"col my-auto\">\n                        <h2 class=\"mb-0 align-title d-none d-lg-block\" >Mus\u00e9es<\/h2>\n    <h2 class=\"mb-0 align-title d-block d-lg-none\" >Mus\u00e9es<\/h2>\n                    <\/div>\n                    <div class=\"col-auto my-auto d-none d-lg-block\">\n                        <a\n                    href=\"https:\/\/visitvlissingen.nl\/fr\/zien-doen\/cultuur-snuiven\/musea\/\"\n                        tabindex=\"0\"\n                class=\"btn btn--perzik-purple wp-block-spots\"\n            >\n        Voir plus\n        \n    <\/a>\n\n                        <\/div>\n                <\/div>\n                <div class=\"block--spots__swiper swiper-container swiper-box position-relative pb-3 disable-auto-height-from-lg\">\n                    <div class=\"swiper-wrapper\">\n                                                                                <div class=\"swiper-slide\">\n                                <article class=\"spot-item theme-bottom-right-triangle\">\n    <a class=\"d-block\" tabindex=\"0\" href=\"https:\/\/visitvlissingen.nl\/fr\/spots\/muzeeum\/\" aria-label=\"Regarder ce spot\">\n                    <figure class=\"image spot-item__image scale-on-hover\">\n                <img decoding=\"async\" class=\"image-position--center\" src=\"https:\/\/visitvlissingen.nl\/wp-content\/uploads\/2025\/02\/GemVlisCityMarketingJuni25-SkylineMuzeeum01.jpg\" alt=\"\"  loading=\"lazy\">\n            <\/figure>\n                <div class=\"spot-item__content p-6 flex-grow-1\">\n            <div>\n                                    <div class=\"cats-meta mb-3 color-blue-secondary\">\n                    <span class=\"d-inline-flex me-3\">\n                                <span class=\"cats-meta__item\">Mus\u00e9es<\/span>\n            <\/span>\n            <\/div>\n                                <h3 class=\"mb-3\">Mus\u00e9e maritime de Zeeland<\/h3>\n                                    <div class=\"text--wrapper\">Le muZEEum de Flessingue est un mus\u00e9e interactif aux multiples facettes qui fait revivre la riche histoire maritime de la Z\u00e9lande. <\/div>\n                \n                <div class=\"link-arrow mt-4 color-blue-secondary\">\n                    <span class=\"me-4\">\n                <i class=\"icon icon-arrow-right\" aria-hidden=\"true\"><\/i>\n            <\/span>\n        \n                    <span>Regarder ce spot<\/span>\n            <\/div>\n            <\/div>\n        <\/div>\n    <\/a>\n<\/article>\n\n                            <\/div>\n                                                                                <div class=\"swiper-slide\">\n                                <article class=\"spot-item theme-bottom-right-triangle\">\n    <a class=\"d-block\" tabindex=\"0\" href=\"https:\/\/visitvlissingen.nl\/fr\/spots\/museum-scheldewerf\/\" aria-label=\"Regarder ce spot\">\n                    <figure class=\"image spot-item__image scale-on-hover\">\n                <img decoding=\"async\" class=\"image-position--center\" src=\"https:\/\/visitvlissingen.nl\/wp-content\/uploads\/2025\/04\/DSC5112-x-Stoomhijskraan-Museum-Scheldewerf-bewwit.jpg\" alt=\"\"  loading=\"lazy\">\n            <\/figure>\n                <div class=\"spot-item__content p-6 flex-grow-1\">\n            <div>\n                                    <div class=\"cats-meta mb-3 color-blue-secondary\">\n                    <span class=\"d-inline-flex me-3\">\n                                <span class=\"cats-meta__item\">Mus\u00e9es<\/span>\n            <\/span>\n            <\/div>\n                                <h3 class=\"mb-3\">Mus\u00e9e de l'Escaut<\/h3>\n                                    <div class=\"text--wrapper\">Le mus\u00e9e Scheldewerf raconte l'histoire du c\u00e9l\u00e8bre chantier naval Koninklijke Maatschappij De Schelde, qui a jou\u00e9 un r\u00f4le important dans l'industrie n\u00e9erlandaise de la construction navale depuis 1875. <\/div>\n                \n                <div class=\"link-arrow mt-4 color-blue-secondary\">\n                    <span class=\"me-4\">\n                <i class=\"icon icon-arrow-right\" aria-hidden=\"true\"><\/i>\n            <\/span>\n        \n                    <span>Regarder ce spot<\/span>\n            <\/div>\n            <\/div>\n        <\/div>\n    <\/a>\n<\/article>\n\n                            <\/div>\n                                                                                <div class=\"swiper-slide\">\n                                <article class=\"spot-item theme-bottom-right-triangle\">\n    <a class=\"d-block\" tabindex=\"0\" href=\"https:\/\/visitvlissingen.nl\/fr\/spots\/mercuur\/\" aria-label=\"Regarder ce spot\">\n                    <figure class=\"image spot-item__image scale-on-hover\">\n                <img decoding=\"async\" class=\"image-position--center\" src=\"https:\/\/visitvlissingen.nl\/wp-content\/uploads\/2025\/03\/DSC7510-vlissingen-dokjevperry.jpg\" alt=\"\"  loading=\"lazy\">\n            <\/figure>\n                <div class=\"spot-item__content p-6 flex-grow-1\">\n            <div>\n                                    <div class=\"cats-meta mb-3 color-blue-secondary\">\n                    <span class=\"d-inline-flex me-3\">\n                                <span class=\"cats-meta__item\">Mus\u00e9es<\/span>\n            <\/span>\n            <\/div>\n                                <h3 class=\"mb-3\">Mercuur<\/h3>\n                                    <div class=\"text--wrapper\">Montez \u00e0 bord du Mercuur, un ancien navire de guerre n\u00e9erlandais qui sert aujourd'hui de navire-mus\u00e9e \u00e0 Flessingue.<\/div>\n                \n                <div class=\"link-arrow mt-4 color-blue-secondary\">\n                    <span class=\"me-4\">\n                <i class=\"icon icon-arrow-right\" aria-hidden=\"true\"><\/i>\n            <\/span>\n        \n                    <span>Regarder ce spot<\/span>\n            <\/div>\n            <\/div>\n        <\/div>\n    <\/a>\n<\/article>\n\n                            <\/div>\n                                                                    <\/div>\n                    <div class=\"swiper-controls d-flex justify-content-end mt-4 color-blue-secondary\">\n    <button tabindex=\"0\" type=\"button\" class=\"me-3 swiper-button swiper-button--prev block--spots__swiper__nav block--spots__swiper__nav-swiper-button--prev\" aria-label=\"Diapositive pr\u00e9c\u00e9dente\">\n        <div class=\"link-arrow color-blue-secondary\">\n                    <span class=\"\">\n                <i class=\"icon icon-arrow-left\" aria-hidden=\"true\"><\/i>\n            <\/span>\n        \n            <\/div>\n    <\/button>\n    <button tabindex=\"0\" type=\"button\" class=\"swiper-button swiper-button--next block--spots__swiper__nav block--spots__swiper__nav-swiper-button--next\" aria-label=\"Diapositive suivante\">\n        <div class=\"link-arrow color-blue-secondary\">\n                    <span class=\"\">\n                <i class=\"icon icon-arrow-right\" aria-hidden=\"true\"><\/i>\n            <\/span>\n        \n            <\/div>\n    <\/button>\n<\/div>\n                <\/div>\n                <div class=\"d-flex justify-content-end d-lg-none mt-4 mb-3\">\n                    <a\n                    href=\"https:\/\/visitvlissingen.nl\/fr\/zien-doen\/cultuur-snuiven\/musea\/\"\n                        tabindex=\"0\"\n                class=\"btn btn--perzik-purple wp-block-spots\"\n            >\n        Voir plus\n        \n    <\/a>\n\n                    <\/div>\n            <\/div>\n        <\/section>","protected":false},"excerpt":{"rendered":"","protected":false},"author":7,"featured_media":0,"parent":17,"menu_order":14,"comment_status":"closed","ping_status":"closed","template":"","meta":{"_acf_changed":false,"_seopress_robots_primary_cat":"","_seopress_titles_title":"Visit Vlissingen | Cultuur & Maritiem | Ontdek historie","_seopress_titles_desc":"Ontdek de rijke cultuur en maritieme historie van Vlissingen via musea, monumenten en unieke plekken die de stad vertellen. Lees meer.","_seopress_robots_index":"","footnotes":""},"class_list":["post-347","page","type-page","status-publish"],"acf":[],"_links":{"self":[{"href":"https:\/\/visitvlissingen.nl\/fr\/wp-json\/wp\/v2\/pages\/347","targetHints":{"allow":["GET"]}}],"collection":[{"href":"https:\/\/visitvlissingen.nl\/fr\/wp-json\/wp\/v2\/pages"}],"about":[{"href":"https:\/\/visitvlissingen.nl\/fr\/wp-json\/wp\/v2\/types\/page"}],"author":[{"embeddable":true,"href":"https:\/\/visitvlissingen.nl\/fr\/wp-json\/wp\/v2\/users\/7"}],"replies":[{"embeddable":true,"href":"https:\/\/visitvlissingen.nl\/fr\/wp-json\/wp\/v2\/comments?post=347"}],"version-history":[{"count":23,"href":"https:\/\/visitvlissingen.nl\/fr\/wp-json\/wp\/v2\/pages\/347\/revisions"}],"predecessor-version":[{"id":3905,"href":"https:\/\/visitvlissingen.nl\/fr\/wp-json\/wp\/v2\/pages\/347\/revisions\/3905"}],"up":[{"embeddable":true,"href":"https:\/\/visitvlissingen.nl\/fr\/wp-json\/wp\/v2\/pages\/17"}],"wp:attachment":[{"href":"https:\/\/visitvlissingen.nl\/fr\/wp-json\/wp\/v2\/media?parent=347"}],"curies":[{"name":"wp","href":"https:\/\/api.w.org\/{rel}","templated":true}]}}