{"id":3797,"date":"2026-01-26T14:50:39","date_gmt":"2026-01-26T13:50:39","guid":{"rendered":"https:\/\/visitvlissingen.nl\/?page_id=3797"},"modified":"2026-04-13T11:39:07","modified_gmt":"2026-04-13T09:39:07","slug":"plan-je-bezoek","status":"publish","type":"page","link":"https:\/\/visitvlissingen.nl\/fr\/plan-je-bezoek\/","title":{"rendered":"Planifiez votre visite"},"content":{"rendered":"<section class=\"block background-pink block--header block--no-spacing-top\">\n    <div class=\"container ps-5 ps-lg-8 pe-0\">\n        <div class=\"block--header__swiper swiper-container swiper-box disable-auto-height-from-lg\">\n            <div class=\"swiper-wrapper\">\n                                     \n\n                    <div class=\"swiper-slide\">\n                        <div class=\"row me-0 gx-7 h-100\">\n                            <div class=\"col-xxxl-5 col-xxl-5 col-xl-6 d-flex justify-content-between flex-column\">\n                                <div class=\"mt-4\">\n                                                                                                                                                                                                                                                                                                                                                                                                                                                                                                                                                                                                                                                                                                                                                                            <\/div>\n\n                                <div class=\"block--header__text ps-xxxl-9\">\n                                    \n                                                                            <h1 class=\"d-none d-lg-block\" >Planifiez votre visite<\/h1>\n    <h1 class=\"d-block d-lg-none\" >Planifiez votre visite<\/h1>\n                                    \n                                                                            <div class=\"text-wrapper\"><p>Vous pr\u00e9voyez une journ\u00e9e ou un s\u00e9jour prolong\u00e9 \u00e0 Flessingue ? Une bonne pr\u00e9paration rendra votre visite encore plus relaxante. Sur cette page, vous trouverez des informations pratiques pour que votre visite de la ville se d\u00e9roule sans encombre. De la meilleure fa\u00e7on de se rendre \u00e0 Flessingue aux transports en commun dans la ville, en passant par des conseils pratiques sur le stationnement. Vous saurez ainsi \u00e0 quoi vous en tenir et pourrez profiter en toute tranquillit\u00e9 de tout ce que Flessingue a \u00e0 vous offrir.<\/p>\n<\/div>\n                                    \n                                    \n                                                                                                                                                    \n                                                                    <\/div>\n                                <div><\/div>\n                            <\/div>\n                            <div class=\"mt-7 mt-xl-0 col-xxxl-6 col-xxl-7 col-xl-6 offset-xxxl-1 pe-0\">\n                                                                                                                    <figure\n        class=\"image block--header__image block--header__image--medium z-1\"\n        \n    >\n        <img decoding=\"async\"\n            class=\"image-position--center\"\n            src=\"https:\/\/visitvlissingen.nl\/wp-content\/uploads\/2026\/01\/DSC0969x-boulevard-fietsers.jpg\"\n            alt=\"\"\n            loading=\"lazy\"\n        \/>\n        \n    <\/figure>\n                                                                                                    <\/div>\n                        <\/div>\n                    <\/div>\n                            <\/div>\n        <\/div>\n    <\/div>\n    <div class=\"waves\">\n        <div class=\"waves__wave waves__wave--green-primary\"><\/div>\n    <\/div>\n<\/section>\n\n\n<section class=\"block block--spots-archive\">\n    <div class=\"archive-block archive-spots\">\n        \n        <input type=\"hidden\" value=\"color-blue-secondary\" name=\"archive_color_scheme\">\n        <input type=\"hidden\" value=\"3797\" name=\"archive_current_page\">\n        <input type=\"hidden\" value=\"bezoek\" name=\"archive_post_type\">\n        \n        \n        \n        <div class=\"archive__results\">\n            <div class=\"container px-5 px-lg-8\">\n                                    <h2 class=\"mb-5 d-none d-lg-block\" >Transport vers et dans Vlissingen<\/h2>\n    <h2 class=\"mb-5 d-block d-lg-none\" >Transport vers et dans Vlissingen<\/h2>\n                                <div class=\"row g-7 resultItems\"><\/div>\n            <\/div>\n        <\/div>\n\n        <!-- Laad meer -->\n                <div class=\"block text-center loadMoreWrapper block block--double-spacing pb-0\" style=\"display: none;\">\n            <div class=\"container px-5 px-lg-8\">\n                <button aria-label=\"Charger plus de spots\" tabindex=\"0\" class=\"btn btn--green-tertiary loadMore\">\n                    Charger plus de spots\n                <\/button>\n            <\/div>\n        <\/div>\n    <\/div>\n\n<\/section>","protected":false},"excerpt":{"rendered":"","protected":false},"author":2,"featured_media":0,"parent":0,"menu_order":12,"comment_status":"closed","ping_status":"closed","template":"","meta":{"_acf_changed":false,"_seopress_robots_primary_cat":"","_seopress_titles_title":"Visit Vlissingen | Plan je bezoek | Vervoer & activiteiten","_seopress_titles_desc":"Plan je bezoek aan Vlissingen met tips over vervoer, parkeren en de leukste activiteiten voor een ontspannen dag in Vlissingen.","_seopress_robots_index":"","footnotes":""},"class_list":["post-3797","page","type-page","status-publish"],"acf":[],"_links":{"self":[{"href":"https:\/\/visitvlissingen.nl\/fr\/wp-json\/wp\/v2\/pages\/3797","targetHints":{"allow":["GET"]}}],"collection":[{"href":"https:\/\/visitvlissingen.nl\/fr\/wp-json\/wp\/v2\/pages"}],"about":[{"href":"https:\/\/visitvlissingen.nl\/fr\/wp-json\/wp\/v2\/types\/page"}],"author":[{"embeddable":true,"href":"https:\/\/visitvlissingen.nl\/fr\/wp-json\/wp\/v2\/users\/2"}],"replies":[{"embeddable":true,"href":"https:\/\/visitvlissingen.nl\/fr\/wp-json\/wp\/v2\/comments?post=3797"}],"version-history":[{"count":20,"href":"https:\/\/visitvlissingen.nl\/fr\/wp-json\/wp\/v2\/pages\/3797\/revisions"}],"predecessor-version":[{"id":4661,"href":"https:\/\/visitvlissingen.nl\/fr\/wp-json\/wp\/v2\/pages\/3797\/revisions\/4661"}],"wp:attachment":[{"href":"https:\/\/visitvlissingen.nl\/fr\/wp-json\/wp\/v2\/media?parent=3797"}],"curies":[{"name":"wp","href":"https:\/\/api.w.org\/{rel}","templated":true}]}}