{"id":4139,"date":"2026-03-16T11:46:21","date_gmt":"2026-03-16T10:46:21","guid":{"rendered":"https:\/\/visitvlissingen.nl\/?page_id=4139"},"modified":"2026-04-09T13:32:17","modified_gmt":"2026-04-09T11:32:17","slug":"werken-en-studeren","status":"publish","type":"page","link":"https:\/\/visitvlissingen.nl\/fr\/werken-en-studeren\/","title":{"rendered":"Travail et \u00e9tudes"},"content":{"rendered":"<section class=\"block background-blue-primary block--header block--no-spacing-top\">\n    <div class=\"container ps-5 ps-lg-8 pe-0\">\n        <div class=\"block--header__swiper swiper-container swiper-box disable-auto-height-from-lg\">\n            <div class=\"swiper-wrapper\">\n                                     \n\n                    <div class=\"swiper-slide\">\n                        <div class=\"row me-0 gx-7 h-100\">\n                            <div class=\"col-xxxl-5 col-xxl-5 col-xl-6 d-flex justify-content-between flex-column\">\n                                <div class=\"mt-4\">\n                                                                                                                                                                                                                                                                                                                                                                                                                                                                                                                                                                                                                                                                                                                                                                            <\/div>\n\n                                <div class=\"block--header__text ps-xxxl-9\">\n                                    \n                                                                            <h1 class=\"d-none d-lg-block\" >Travail et \u00e9tudes<\/h1>\n    <h1 class=\"d-block d-lg-none\" >Travail et \u00e9tudes<\/h1>\n                                    \n                                                                            <div class=\"text-wrapper\"><p>\u00c9tudier au bord de la mer ou travailler \u00e0 l'avenir du delta ? \u00c0 Flessingue, l'\u00e9ducation, l'innovation et l'esprit d'entreprise se rejoignent. Sur et autour du Kenniswerf, des \u00e9tudiants, des chercheurs et des entreprises travaillent sur des solutions pour l'eau, l'\u00e9nergie et la technologie. D\u00e9couvrez o\u00f9 vous pouvez \u00e9tudier et travailler, et ce qui rend cette ville maritime si sp\u00e9ciale.<\/p>\n<\/div>\n                                    \n                                    \n                                                                                                                                                    \n                                                                    <\/div>\n                                <div><\/div>\n                            <\/div>\n                            <div class=\"mt-7 mt-xl-0 col-xxxl-6 col-xxl-7 col-xl-6 offset-xxxl-1 pe-0\">\n                                                                                                                    <div class=\"video-pause h-100\">\n                                                <figure class=\"image block--header__image block--header__image--medium z-1\">\n                                                    <video class=\"center\" poster=\"https:\/\/visitvlissingen.nl\/wp-content\/uploads\/2026\/03\/DSC4862-bew.jpg\" frameborder=\"0\" width=\"100\" muted=\"true\" autoplay=\"\" playsinline=\"\" loop=\"\" preload=\"none\" loading=\"lazy\">\n                                                        <source src=\"https:\/\/visitvlissingen.nl\/wp-content\/uploads\/2026\/03\/Triple-helix-zonder-logos.mp4\" type=\"video\/mp4\">\n                                                    <\/video>\n                                                    <button tabindex=\"0\" class=\"video-overlay\" aria-label=\"Pause vid\u00e9o\">\n                                                        <span>Pause vid\u00e9o<\/span>\n                                                    <\/button>\n                                                <\/figure>\n                                            <\/div>\n                                                                                                            <\/div>\n                        <\/div>\n                    <\/div>\n                            <\/div>\n        <\/div>\n    <\/div>\n    <div class=\"waves\">\n        <div class=\"waves__wave waves__wave--green-primary\"><\/div>\n    <\/div>\n<\/section>\n\n\n<section class=\"block block--text-image\">\n        <div class=\"container px-5 px-lg-8\">\n            <div class=\"row justify-content-center\">\n                <div class=\"col-xxl-10\">\n                    <div class=\"row\">\n                        <div class=\"col-xxxl-5 col-xl-6 col-lg-7 mb-7 mb-lg-0\">\n                            <h2 class=\"wp-block-text-image d-none d-lg-block\" >\u00c9tudier \u00e0 Flushing<\/h2>\n    <h2 class=\"wp-block-text-image d-block d-lg-none\" >\u00c9tudier \u00e0 Flushing<\/h2>\n                                                            <div class=\"text-wrapper\"><p>Flessingue est une v\u00e9ritable ville \u00e9tudiante qui propose des cours d'ing\u00e9nierie, d'eau, de technologie maritime, etc. Des \u00e9tudiants du pays et de l'\u00e9tranger se retrouvent ici pour apprendre, faire de la recherche et collaborer avec des entreprises de la r\u00e9gion.<\/p>\n<p>Vous cherchez une chambre d'\u00e9tudiant \u00e0 Flessingue ? Dans la ville et ses environs, vous trouverez diff\u00e9rentes options pour vivre pendant vos \u00e9tudes. Des chambres d'\u00e9tudiants pr\u00e8s du Kenniswerf aux appartements dans le centre-ville ou pr\u00e8s de la plage.<\/p>\n<\/div>\n                                       \n                            <a\n                    href=\"https:\/\/visitvlissingen.nl\/fr\/werken-en-studeren\/studeren-in-vlissingen\/\"\n                        tabindex=\"0\"\n                class=\"btn btn--green-tertiary mt-4\"\n            >\n        Commencez vos \u00e9tudes au Kenniswerf\n        \n    <\/a>\n\n                            <\/div>\n                        <div class=\"col-xl-5 col-lg-4 offset-xxxl-2 offset-lg-1\">\n                            <figure\n        class=\"image block--text-image__image\"\n        \n    >\n        <img decoding=\"async\"\n            class=\"image-position--center\"\n            src=\"https:\/\/visitvlissingen.nl\/wp-content\/uploads\/2026\/03\/SF2021_GEM_VLISS_PORTRET_STUDENTEN-15.jpg\"\n            alt=\"\"\n            loading=\"lazy\"\n        \/>\n        \n    <\/figure>\n                        <\/div>\n                    <\/div>\n                <\/div>\n            <\/div>\n        <\/div>\n    <\/section>\n\n\n<section class=\"block block--text\">\n        <div class=\"container px-5 px-lg-8\">\n            <div class=\"row justify-content-center\">\n                <div class=\"col-xxl-10\">\n                                                                        <div class=\"row\">\n                                <div class=\"col-xxxl-5 col-xl-6\">\n                                    <h2 class=\"wp-block-text d-none d-lg-block\" >Point n\u00e9vralgique de l'innovation dans le delta<\/h2>\n    <h2 class=\"wp-block-text d-block d-lg-none\" >Point n\u00e9vralgique de l'innovation dans le delta<\/h2>\n                                                                            <div class=\"text-wrapper\"><p>\u00c0 Flessingue, la connaissance, l'innovation et l'esprit d'entreprise se rencontrent dans le Hotspot for Delta Innovation. Gr\u00e2ce \u00e0 sa situation unique dans le delta de l'Escaut, des solutions aux probl\u00e8mes li\u00e9s \u00e0 l'eau, \u00e0 la navigation, \u00e0 la s\u00e9curit\u00e9, \u00e0 l'\u00e9nergie et \u00e0 l'alimentation sont \u00e9labor\u00e9es ici. \u00c9tudiants, chercheurs, entreprises et pouvoirs publics travaillent ensemble dans un \u00e9cosyst\u00e8me vivant o\u00f9 de nouvelles id\u00e9es sont cr\u00e9\u00e9es et test\u00e9es. Vous vous demandez comment Flessingue est en train de devenir le lieu de l'innovation dans le delta ?<\/p>\n<\/div>\n                                                                        <a\n                    href=\"https:\/\/visitvlissingen.nl\/fr\/werken-en-studeren\/hotspot-voor-delta-innovatie\/\"\n                        tabindex=\"0\"\n                class=\"btn btn--green-tertiary mt-4\"\n            >\n        En savoir plus sur le hotspot\n        \n    <\/a>\n\n                                    <\/div>\n                            <\/div>\n                                            \n                <\/div>\n            <\/div>\n        <\/div>\n    <\/section>\n\n\n<section class=\"block block--image-slider\">\n            <div class=\"container px-5 px-lg-8\">\n                <div class=\"row justify-content-center\">\n                    <div class=\"col-xxl-10\">\n                        <div class=\"block--image-slider__swiper swiper-container swiper-box\">\n                            <div class=\"swiper-wrapper\">\n                                                                                                            <div class=\"swiper-slide\">\n                                            <figure class=\"d-flex align-items-center justify-content-center image block--image-slider__swiper__img\">\n                                                <img decoding=\"async\" class=\"image-position--center\" src=\"https:\/\/visitvlissingen.nl\/wp-content\/uploads\/2026\/03\/DSC4842-bew.png\" loading=\"lazy\" alt=\"\">\n\n                                                                                                                                                    <div class=\"block--image-slider__swiper__img__right\">\n                                                        <svg preserveaspectratio=\"none\" viewbox=\"0 0 55 560\" class=\"h-100\" fill=\"none\" xmlns=\"http:\/\/www.w3.org\/2000\/svg\">\n        <path d=\"M39.1165 141L0 141L0 100.11L12.9063 0L42.2916 0L55 100.11L55 141L39.1165 141Z\" fill=\"#0D3A3E\"\/>\n        <path d=\"M39.1165 420L0 420L0 379.4L12.9063 280L42.2916 280L55 379.4L55 420L39.1165 420Z\" fill=\"#0D3A3E\"\/>\n        <path d=\"M39.1165 141L0 141L0 181.6L12.9063 281L42.2916 281L55 181.6L55 141L39.1165 141Z\" fill=\"#0D3A3E\"\/>\n        <path d=\"M39.1165 419L0 419L0 459.89L12.9063 560L42.2916 560L55 459.89L55 419L39.1165 419Z\" fill=\"#0D3A3E\"\/>\n    <\/svg>\n                                                    <\/div>\n                                                                                            <\/figure>\n                                        <\/div>\n                                                                                                                                                <div class=\"swiper-slide\">\n                                            <figure class=\"d-flex align-items-center justify-content-center image block--image-slider__swiper__img\">\n                                                <img decoding=\"async\" class=\"image-position--center\" src=\"https:\/\/visitvlissingen.nl\/wp-content\/uploads\/2026\/03\/DSC3743-bew-verkleind.jpg\" loading=\"lazy\" alt=\"\">\n\n                                                                                                    <div class=\"block--map-images__swiper__img__left\">\n                                                        <svg preserveaspectratio=\"none\" viewbox=\"0 0 56 561\" class=\"h-100\" fill=\"none\" xmlns=\"http:\/\/www.w3.org\/2000\/svg\">\n        <path d=\"M39.8277 280L0 280L0 320.6L13.141 420L43.0605 420L56 320.6L56 280L39.8277 280Z\" fill=\"#0D3A3E\"\/>\n        <path d=\"M39.8277 280L0 280L0 239.4L13.141 140L43.0605 140L56 239.4L56 280L39.8277 280Z\" fill=\"#0D3A3E\"\/>\n        <path d=\"M39.8277 561H0L0 520.11L13.141 420L43.0605 420L56 520.11L56 561L39.8277 561Z\" fill=\"#0D3A3E\"\/>\n        <path d=\"M39.8277 0L0 0L0 40.8905L13.141 141L43.0605 141L56 40.8905L56 0L39.8277 0Z\" fill=\"#0D3A3E\"\/>\n    <\/svg>\n                                                    <\/div>\n                                                                                                                                            <\/figure>\n                                        <\/div>\n                                                                                                <\/div>\n                            <div class=\"swiper-controls d-flex justify-content-end mt-4 color-blue-secondary\">\n    <button tabindex=\"0\" type=\"button\" class=\"me-3 swiper-button swiper-button--prev block--image-slider__nav block--image-slider__nav-swiper-button--prev\" aria-label=\"Diapositive pr\u00e9c\u00e9dente\">\n        <div class=\"link-arrow\">\n                    <span class=\"\">\n                <i class=\"icon icon-arrow-left\" aria-hidden=\"true\"><\/i>\n            <\/span>\n        \n            <\/div>\n    <\/button>\n    <button tabindex=\"0\" type=\"button\" class=\"swiper-button swiper-button--next block--image-slider__nav block--image-slider__nav-swiper-button--next\" aria-label=\"Diapositive suivante\">\n        <div class=\"link-arrow\">\n                    <span class=\"\">\n                <i class=\"icon icon-arrow-right\" aria-hidden=\"true\"><\/i>\n            <\/span>\n        \n            <\/div>\n    <\/button>\n<\/div>\n                        <\/div>\n                    <\/div>\n                <\/div>\n            <\/div>\n        <\/section>\n    \n\n<section class=\"block block--text-image\">\n        <div class=\"container px-5 px-lg-8\">\n            <div class=\"row justify-content-center\">\n                <div class=\"col-xxl-10\">\n                    <div class=\"row\">\n                        <div class=\"col-xxxl-5 col-xl-6 col-lg-7 mb-7 mb-lg-0\">\n                            <h2 class=\"wp-block-text-image d-none d-lg-block\" >Le Knowledge Wharf : c\u0153ur de la connaissance, de l'innovation et du talent<\/h2>\n    <h2 class=\"wp-block-text-image d-block d-lg-none\" >Le Knowledge Wharf : c\u0153ur de la connaissance, de l'innovation et du talent<\/h2>\n                                                            <div class=\"text-wrapper\"><p><a href=\"https:\/\/visitvlissingen.nl\/fr\/hotspot\/kenniswerf\/\">Le quai de la connaissance<\/a> est le c\u0153ur battant de la ville \u00e9tudiante et innovante de Flessingue. Vous y trouverez des \u00e9tablissements d'enseignement, des entreprises et des lieux inspirants pour travailler ensemble ou se rencontrer. Il se passe toujours quelque chose au Kenniswerf. Qu'il s'agisse de r\u00e9unions de r\u00e9seau, de conf\u00e9rences d'invit\u00e9s ou d'\u00e9v\u00e9nements novateurs o\u00f9 \u00e9tudiants et entreprises se rencontrent, il se passe toujours quelque chose au Kenniswerf. Un lieu o\u00f9 de nouvelles id\u00e9es naissent et o\u00f9 vous pouvez facilement entrer en contact avec des professionnels du secteur.<\/p>\n<\/div>\n                                       \n                                                    <\/div>\n                        <div class=\"col-xl-5 col-lg-4 offset-xxxl-2 offset-lg-1\">\n                            <figure\n        class=\"image block--text-image__image\"\n        \n    >\n        <img decoding=\"async\"\n            class=\"image-position--center\"\n            src=\"https:\/\/visitvlissingen.nl\/wp-content\/uploads\/2026\/03\/DSC3764-bew.jpg\"\n            alt=\"\"\n            loading=\"lazy\"\n        \/>\n        \n    <\/figure>\n                        <\/div>\n                    <\/div>\n                <\/div>\n            <\/div>\n        <\/div>\n    <\/section>\n\n\n<section class=\"block block--text-image\">\n        <div class=\"container px-5 px-lg-8\">\n            <div class=\"row justify-content-center\">\n                <div class=\"col-xxl-10\">\n                    <div class=\"row\">\n                        <div class=\"col-xxxl-5 col-xl-6 col-lg-7 mb-7 mb-lg-0\">\n                            <h2 class=\"wp-block-text-image d-none d-lg-block\" >Planifiez votre visite<\/h2>\n    <h2 class=\"wp-block-text-image d-block d-lg-none\" >Planifiez votre visite<\/h2>\n                                                            <div class=\"text-wrapper\"><p>Vous \u00eates curieux de savoir si Flessingue est un lieu d'\u00e9tude ou de travail ? Planifiez votre visite et d\u00e9couvrez la ville par vous-m\u00eame. Flessingue est facilement accessible en train, en bus et en voiture. En peu de temps, vous pouvez \u00eatre au Kenniswerf, dans le centre-ville ou sur la plage.<\/p>\n<\/div>\n                                       \n                            <a\n                    href=\"https:\/\/visitvlissingen.nl\/fr\/plan-je-bezoek\/\"\n                        tabindex=\"0\"\n                class=\"btn btn--green-tertiary mt-4\"\n            >\n        Comment se rendre \u00e0 Flessingue\n        \n    <\/a>\n\n                            <\/div>\n                        <div class=\"col-xl-5 col-lg-4 offset-xxxl-2 offset-lg-1\">\n                            <figure\n        class=\"image block--text-image__image\"\n        \n    >\n        <img decoding=\"async\"\n            class=\"image-position--center\"\n            src=\"https:\/\/visitvlissingen.nl\/wp-content\/uploads\/2025\/04\/DSC8140-x-trein-station-vlissingen-bewwitx.jpg\"\n            alt=\"\"\n            loading=\"lazy\"\n        \/>\n        \n    <\/figure>\n                        <\/div>\n                    <\/div>\n                <\/div>\n            <\/div>\n        <\/div>\n    <\/section>","protected":false},"excerpt":{"rendered":"","protected":false},"author":11,"featured_media":0,"parent":0,"menu_order":2,"comment_status":"closed","ping_status":"closed","template":"","meta":{"_acf_changed":false,"_seopress_robots_primary_cat":"","_seopress_titles_title":"Visit Vlissingen | Werken & studeren |","_seopress_titles_desc":"Ontdek Vlissingen waar onderwijs, innovatie en ondernemerschap samenkomen.","_seopress_robots_index":"","footnotes":""},"class_list":["post-4139","page","type-page","status-publish"],"acf":[],"_links":{"self":[{"href":"https:\/\/visitvlissingen.nl\/fr\/wp-json\/wp\/v2\/pages\/4139","targetHints":{"allow":["GET"]}}],"collection":[{"href":"https:\/\/visitvlissingen.nl\/fr\/wp-json\/wp\/v2\/pages"}],"about":[{"href":"https:\/\/visitvlissingen.nl\/fr\/wp-json\/wp\/v2\/types\/page"}],"author":[{"embeddable":true,"href":"https:\/\/visitvlissingen.nl\/fr\/wp-json\/wp\/v2\/users\/11"}],"replies":[{"embeddable":true,"href":"https:\/\/visitvlissingen.nl\/fr\/wp-json\/wp\/v2\/comments?post=4139"}],"version-history":[{"count":25,"href":"https:\/\/visitvlissingen.nl\/fr\/wp-json\/wp\/v2\/pages\/4139\/revisions"}],"predecessor-version":[{"id":4641,"href":"https:\/\/visitvlissingen.nl\/fr\/wp-json\/wp\/v2\/pages\/4139\/revisions\/4641"}],"wp:attachment":[{"href":"https:\/\/visitvlissingen.nl\/fr\/wp-json\/wp\/v2\/media?parent=4139"}],"curies":[{"name":"wp","href":"https:\/\/api.w.org\/{rel}","templated":true}]}}