{"id":4182,"date":"2026-03-18T15:54:12","date_gmt":"2026-03-18T14:54:12","guid":{"rendered":"https:\/\/visitvlissingen.nl\/?page_id=4182"},"modified":"2026-03-23T11:44:56","modified_gmt":"2026-03-23T10:44:56","slug":"hotspot-voor-delta-innovatie","status":"publish","type":"page","link":"https:\/\/visitvlissingen.nl\/fr\/werken-en-studeren\/hotspot-voor-delta-innovatie\/","title":{"rendered":"Point n\u00e9vralgique de l'innovation dans le delta"},"content":{"rendered":"<section class=\"block background-blue-primary block--header block--no-spacing-top\">\n    <div class=\"container ps-5 ps-lg-8 pe-0\">\n        <div class=\"block--header__swiper swiper-container swiper-box disable-auto-height-from-lg\">\n            <div class=\"swiper-wrapper\">\n                                     \n\n                    <div class=\"swiper-slide\">\n                        <div class=\"row me-0 gx-7 h-100\">\n                            <div class=\"col-xxxl-5 col-xxl-5 col-xl-6 d-flex justify-content-between flex-column\">\n                                <div class=\"mt-4\">\n                                                                                                                                                                                                                                                                                                                                                                                                                                                                                                                                                                                                                                                                                                                                                                                    <a\n        href=\"https:\/\/visitvlissingen.nl\/fr\/werken-en-studeren\/\"\n         target=\"\"                 class=\"link-arrow block--header__archive mb-4 mb-xl-0\"\n    >\n                    <span class=\"me-4\">\n                <i class=\"icon icon-arrow-left\"><\/i>\n            <\/span>\n        \n                    <span>Retour au travail et aux \u00e9tudes<\/span>\n            <\/a>\n                                                                    <\/div>\n\n                                <div class=\"block--header__text ps-xxxl-9\">\n                                    \n                                                                            <h1 class=\"d-none d-lg-block\" >Point n\u00e9vralgique de l'innovation dans le delta<\/h1>\n    <h1 class=\"d-block d-lg-none\" >Point n\u00e9vralgique de l'innovation dans le delta<\/h1>\n                                    \n                                                                            <div class=\"text-wrapper\"><p>\u00c0 Flessingue, la connaissance, l'innovation et l'esprit d'entreprise se rencontrent dans le Hotspot pour l'innovation dans le delta, au Kenniswerf. Gr\u00e2ce \u00e0 sa situation unique dans le delta de l'Escaut, on y travaille \u00e0 des solutions aux probl\u00e8mes li\u00e9s \u00e0 l'eau, \u00e0 la mer, \u00e0 la s\u00e9curit\u00e9, \u00e0 l'\u00e9nergie et \u00e0 l'alimentation. \u00c9tudiants, chercheurs, entreprises et pouvoirs publics travaillent ensemble dans un \u00e9cosyst\u00e8me vivant o\u00f9 de nouvelles id\u00e9es sont cr\u00e9\u00e9es et test\u00e9es.<\/p>\n<\/div>\n                                    \n                                    \n                                                                                                                                                    \n                                                                    <\/div>\n                                <div><\/div>\n                            <\/div>\n                            <div class=\"mt-7 mt-xl-0 col-xxxl-6 col-xxl-7 col-xl-6 offset-xxxl-1 pe-0\">\n                                                                                                                                                                <figure class=\"image block--header__image block--header__image--medium z-1\">\n                                                <img decoding=\"async\" src=\"https:\/\/visitvlissingen.nl\/wp-content\/uploads\/2026\/03\/Schermafbeelding-2026-03-20-101255.png\" alt=\"\" \/>\n                                            <\/figure>\n                                                                                                    <\/div>\n                        <\/div>\n                    <\/div>\n                            <\/div>\n        <\/div>\n    <\/div>\n    <div class=\"waves\">\n        <div class=\"waves__wave waves__wave--green-secondary\"><\/div>\n    <\/div>\n<\/section>\n\n\n<section class=\"block block--text\">\n        <div class=\"container px-5 px-lg-8\">\n            <div class=\"row justify-content-center\">\n                <div class=\"col-xxl-10\">\n                                            <div class=\"row justify-content-center\">\n                            <div class=\"col-xxxl-7 col-xxl-8 col-xl-9\">\n                                <h2 class=\"wp-block-text d-none d-lg-block\" >Kenniswerf x Vlissingen : construire ensemble l'avenir du Delta<\/h2>\n    <h2 class=\"wp-block-text d-block d-lg-none\" >Kenniswerf x Vlissingen : construire ensemble l'avenir du Delta<\/h2>\n                                                                    <div class=\"text-wrapper\"><p>Au Kenniswerf, l'\u00e9ducation, les entrepreneurs et le gouvernement se rencontrent. Dans cette vid\u00e9o, vous verrez comment, \u00e0 Flessingue, nous travaillons sur des solutions pour l'\u00e9nergie, l'eau et l'alimentation avec des projets concrets, du talent et des partenaires solides.<\/p>\n<div style=\"position: relative; padding-bottom: 56.25%; height: 0;\">\n  <iframe \n    src=\"https:\/\/www.youtube.com\/embed\/CEqdGXYe_RA?si=5oyVMBg9SLPCITdm\" \n    style=\"position: absolute; top:0; left:0; width:100%; height:100%;\" \n    frameborder=\"0\"><br \/>\n  <\/iframe>\n<\/div>\n<\/div>\n                                                                                            <\/div>\n                        <\/div>\n                    \n                <\/div>\n            <\/div>\n        <\/div>\n    <\/section>\n\n\n<section class=\"block block--text\">\n        <div class=\"container px-5 px-lg-8\">\n            <div class=\"row justify-content-center\">\n                <div class=\"col-xxl-10\">\n                                            <div class=\"row justify-content-center\">\n                            <div class=\"col-xxxl-7 col-xxl-8 col-xl-9\">\n                                <h2 class=\"wp-block-text d-none d-lg-block\" >\u00c9couter plus loin : Le point n\u00e9vralgique de l'innovation dans le delta<\/h2>\n    <h2 class=\"wp-block-text d-block d-lg-none\" >\u00c9couter plus loin : Le point n\u00e9vralgique de l'innovation dans le delta<\/h2>\n                                                                    <div class=\"text-wrapper\"><p>La vid\u00e9o Triple-Helix vous donne un premier aper\u00e7u inspirant de ce qui se passe au Knowledge Wharf. Vous voulez en savoir plus sur les histoires, les projets et les personnes ?<\/p>\n<p>D\u00e9couvrez le podcast \u2018Hotspot for Delta Innovation\u2019 ci-dessous !<\/p>\n<\/div>\n                                                                                            <\/div>\n                        <\/div>\n                    \n                <\/div>\n            <\/div>\n        <\/div>\n    <\/section>\n\n\n<section class=\"block block--spots\">\n            <div class=\"container px-5 px-lg-8\">\n                <div class=\"row mb-5\">\n                    <div class=\"col my-auto\">\n                        <h2 class=\"mb-0 align-title d-none d-lg-block\" >Podcasts<\/h2>\n    <h2 class=\"mb-0 align-title d-block d-lg-none\" >Podcasts<\/h2>\n                    <\/div>\n                    <div class=\"col-auto my-auto d-none d-lg-block\">\n                        <a\n                    href=\"https:\/\/visitvlissingen.nl\/fr\/werken-en-studeren\/podcast\/\"\n                        tabindex=\"0\"\n                class=\"btn btn--green-tertiary wp-block-spots\"\n            >\n        Voir tous les podcasts ici\n        \n    <\/a>\n\n                        <\/div>\n                <\/div>\n                <div class=\"block--spots__swiper swiper-container swiper-box position-relative pb-3 disable-auto-height-from-lg\">\n                    <div class=\"swiper-wrapper\">\n                                                                                <div class=\"swiper-slide\">\n                                <article class=\"spot-item theme-bottom-right-triangle\">\n    <a class=\"d-block\" tabindex=\"0\" href=\"https:\/\/visitvlissingen.nl\/fr\/werken-en-studeren\/van-afval-naar-waarde\/\" aria-label=\"Regarder ce spot\">\n                    <figure class=\"image spot-item__image scale-on-hover\">\n                <img decoding=\"async\" class=\"image-position--center\" src=\"https:\/\/visitvlissingen.nl\/wp-content\/uploads\/2026\/03\/Caroline-closeup.png\" alt=\"\"  loading=\"lazy\">\n            <\/figure>\n                <div class=\"spot-item__content p-6 flex-grow-1\">\n            <div>\n                                    <div class=\"cats-meta mb-3 color-blue-secondary\">\n                    <span class=\"d-inline-flex me-3\">\n                                <span class=\"cats-meta__item\">Point n\u00e9vralgique de l'innovation dans le delta<\/span>\n            <\/span>\n            <\/div>\n                                <h3 class=\"mb-3\">Des d\u00e9chets \u00e0 la valeur<\/h3>\n                                    <div class=\"text--wrapper\">Caroline et Jeroen montrent comment la Z\u00e9lande passe du lin\u00e9aire au circulaire : les flux r\u00e9siduels au lieu des d\u00e9chets, le plan de r\u00e9colte au lieu de la d\u00e9molition, la biom\u00e9canique comme source de chaleur et l'espace r\u00e9glementaire pour exp\u00e9rimenter.<\/div>\n                \n                <div class=\"link-arrow mt-4 color-blue-secondary\">\n                    <span class=\"me-4\">\n                <i class=\"icon icon-arrow-right\" aria-hidden=\"true\"><\/i>\n            <\/span>\n        \n                    <span>Regarder ce spot<\/span>\n            <\/div>\n            <\/div>\n        <\/div>\n    <\/a>\n<\/article>\n\n                            <\/div>\n                                                                                <div class=\"swiper-slide\">\n                                <article class=\"spot-item theme-bottom-right-triangle\">\n    <a class=\"d-block\" tabindex=\"0\" href=\"https:\/\/visitvlissingen.nl\/fr\/werken-en-studeren\/samenwerken-in-de-delta\/\" aria-label=\"Regarder ce spot\">\n                    <figure class=\"image spot-item__image scale-on-hover\">\n                <img decoding=\"async\" class=\"image-position--center\" src=\"https:\/\/visitvlissingen.nl\/wp-content\/uploads\/2026\/03\/Karin-closeup.png\" alt=\"\"  loading=\"lazy\">\n            <\/figure>\n                <div class=\"spot-item__content p-6 flex-grow-1\">\n            <div>\n                                    <div class=\"cats-meta mb-3 color-blue-secondary\">\n                    <span class=\"d-inline-flex me-3\">\n                                <span class=\"cats-meta__item\">Point n\u00e9vralgique de l'innovation dans le delta<\/span>\n            <\/span>\n            <\/div>\n                                <h3 class=\"mb-3\">Travailler ensemble dans le delta<\/h3>\n                                    <div class=\"text--wrapper\">\u00c0 quoi ressemble la coop\u00e9ration lorsque l'\u00e9ducation, le gouvernement, la recherche et les entreprises se r\u00e9unissent autour des grandes questions relatives au climat et \u00e0 l'\u00e9nergie ?<\/div>\n                \n                <div class=\"link-arrow mt-4 color-blue-secondary\">\n                    <span class=\"me-4\">\n                <i class=\"icon icon-arrow-right\" aria-hidden=\"true\"><\/i>\n            <\/span>\n        \n                    <span>Regarder ce spot<\/span>\n            <\/div>\n            <\/div>\n        <\/div>\n    <\/a>\n<\/article>\n\n                            <\/div>\n                                                                                <div class=\"swiper-slide\">\n                                <article class=\"spot-item theme-bottom-right-triangle\">\n    <a class=\"d-block\" tabindex=\"0\" href=\"https:\/\/visitvlissingen.nl\/fr\/werken-en-studeren\/eiwittransitie-in-de-praktijk\/\" aria-label=\"Regarder ce spot\">\n                    <figure class=\"image spot-item__image scale-on-hover\">\n                <img decoding=\"async\" class=\"image-position--center\" src=\"https:\/\/visitvlissingen.nl\/wp-content\/uploads\/2026\/03\/Godelieve.png\" alt=\"\"  loading=\"lazy\">\n            <\/figure>\n                <div class=\"spot-item__content p-6 flex-grow-1\">\n            <div>\n                                    <div class=\"cats-meta mb-3 color-blue-secondary\">\n                    <span class=\"d-inline-flex me-3\">\n                                <span class=\"cats-meta__item\">Point n\u00e9vralgique de l'innovation dans le delta<\/span>\n            <\/span>\n            <\/div>\n                                <h3 class=\"mb-3\">La transition prot\u00e9ique en pratique<\/h3>\n                                    <div class=\"text--wrapper\">Vous \u00eates nouveau en ville ? Il y a beaucoup de choses \u00e0 d\u00e9couvrir. Ces conseils vous aideront \u00e0 d\u00e9couvrir la ville et la Z\u00e9lande pas \u00e0 pas.<\/div>\n                \n                <div class=\"link-arrow mt-4 color-blue-secondary\">\n                    <span class=\"me-4\">\n                <i class=\"icon icon-arrow-right\" aria-hidden=\"true\"><\/i>\n            <\/span>\n        \n                    <span>Regarder ce spot<\/span>\n            <\/div>\n            <\/div>\n        <\/div>\n    <\/a>\n<\/article>\n\n                            <\/div>\n                                                                                <div class=\"swiper-slide\">\n                                <article class=\"spot-item theme-bottom-right-triangle\">\n    <a class=\"d-block\" tabindex=\"0\" href=\"https:\/\/visitvlissingen.nl\/fr\/werken-en-studeren\/wind-van-verandering\/\" aria-label=\"Regarder ce spot\">\n                    <figure class=\"image spot-item__image scale-on-hover\">\n                <img decoding=\"async\" class=\"image-position--center\" src=\"https:\/\/visitvlissingen.nl\/wp-content\/uploads\/2026\/03\/Ferry-closeup-1.png\" alt=\"\"  loading=\"lazy\">\n            <\/figure>\n                <div class=\"spot-item__content p-6 flex-grow-1\">\n            <div>\n                                    <div class=\"cats-meta mb-3 color-blue-secondary\">\n                    <span class=\"d-inline-flex me-3\">\n                                <span class=\"cats-meta__item\">Point n\u00e9vralgique de l'innovation dans le delta<\/span>\n            <\/span>\n            <\/div>\n                                <h3 class=\"mb-3\">Le vent du changement<\/h3>\n                                    <div class=\"text--wrapper\">Gerben et Ferry comment l'\u00e9ducation, la recherche et les entreprises travaillent ensemble sur les drones, les robots, la technologie de maintenance intelligente et les itin\u00e9raires de formation internationaux.<\/div>\n                \n                <div class=\"link-arrow mt-4 color-blue-secondary\">\n                    <span class=\"me-4\">\n                <i class=\"icon icon-arrow-right\" aria-hidden=\"true\"><\/i>\n            <\/span>\n        \n                    <span>Regarder ce spot<\/span>\n            <\/div>\n            <\/div>\n        <\/div>\n    <\/a>\n<\/article>\n\n                            <\/div>\n                                                                    <\/div>\n                    <div class=\"swiper-controls d-flex justify-content-end mt-4 color-blue-secondary\">\n    <button tabindex=\"0\" type=\"button\" class=\"me-3 swiper-button swiper-button--prev block--spots__swiper__nav block--spots__swiper__nav-swiper-button--prev\" aria-label=\"Diapositive pr\u00e9c\u00e9dente\">\n        <div class=\"link-arrow color-blue-secondary\">\n                    <span class=\"\">\n                <i class=\"icon icon-arrow-left\" aria-hidden=\"true\"><\/i>\n            <\/span>\n        \n            <\/div>\n    <\/button>\n    <button tabindex=\"0\" type=\"button\" class=\"swiper-button swiper-button--next block--spots__swiper__nav block--spots__swiper__nav-swiper-button--next\" aria-label=\"Diapositive suivante\">\n        <div class=\"link-arrow color-blue-secondary\">\n                    <span class=\"\">\n                <i class=\"icon icon-arrow-right\" aria-hidden=\"true\"><\/i>\n            <\/span>\n        \n            <\/div>\n    <\/button>\n<\/div>\n                <\/div>\n                <div class=\"d-flex justify-content-end d-lg-none mt-4 mb-3\">\n                    <a\n                    href=\"https:\/\/visitvlissingen.nl\/fr\/werken-en-studeren\/podcast\/\"\n                        tabindex=\"0\"\n                class=\"btn btn--green-tertiary wp-block-spots\"\n            >\n        Voir tous les podcasts ici\n        \n    <\/a>\n\n                    <\/div>\n            <\/div>\n        <\/section>\n    \n\n<section class=\"block block--image-slider\">\n            <div class=\"container px-5 px-lg-8\">\n                <div class=\"row justify-content-center\">\n                    <div class=\"col-xxl-10\">\n                        <div class=\"block--image-slider__swiper swiper-container swiper-box\">\n                            <div class=\"swiper-wrapper\">\n                                                                                                            <div class=\"swiper-slide\">\n                                            <figure class=\"d-flex align-items-center justify-content-center image block--image-slider__swiper__img\">\n                                                <img decoding=\"async\" class=\"image-position--center\" src=\"https:\/\/visitvlissingen.nl\/wp-content\/uploads\/2026\/03\/TP_GemVlis_Still10.jpg\" loading=\"lazy\" alt=\"\">\n\n                                                                                                                                                    <div class=\"block--image-slider__swiper__img__right\">\n                                                        <svg preserveaspectratio=\"none\" viewbox=\"0 0 55 560\" class=\"h-100\" fill=\"none\" xmlns=\"http:\/\/www.w3.org\/2000\/svg\">\n        <path d=\"M39.1165 141L0 141L0 100.11L12.9063 0L42.2916 0L55 100.11L55 141L39.1165 141Z\" fill=\"#0D3A3E\"\/>\n        <path d=\"M39.1165 420L0 420L0 379.4L12.9063 280L42.2916 280L55 379.4L55 420L39.1165 420Z\" fill=\"#0D3A3E\"\/>\n        <path d=\"M39.1165 141L0 141L0 181.6L12.9063 281L42.2916 281L55 181.6L55 141L39.1165 141Z\" fill=\"#0D3A3E\"\/>\n        <path d=\"M39.1165 419L0 419L0 459.89L12.9063 560L42.2916 560L55 459.89L55 419L39.1165 419Z\" fill=\"#0D3A3E\"\/>\n    <\/svg>\n                                                    <\/div>\n                                                                                            <\/figure>\n                                        <\/div>\n                                                                                                                                                <div class=\"swiper-slide\">\n                                            <figure class=\"d-flex align-items-center justify-content-center image block--image-slider__swiper__img\">\n                                                <img decoding=\"async\" class=\"image-position--center\" src=\"https:\/\/visitvlissingen.nl\/wp-content\/uploads\/2026\/03\/TP_GemVlis_Still7.jpg\" loading=\"lazy\" alt=\"\">\n\n                                                                                                    <div class=\"block--map-images__swiper__img__left\">\n                                                        <svg preserveaspectratio=\"none\" viewbox=\"0 0 56 561\" class=\"h-100\" fill=\"none\" xmlns=\"http:\/\/www.w3.org\/2000\/svg\">\n        <path d=\"M39.8277 280L0 280L0 320.6L13.141 420L43.0605 420L56 320.6L56 280L39.8277 280Z\" fill=\"#0D3A3E\"\/>\n        <path d=\"M39.8277 280L0 280L0 239.4L13.141 140L43.0605 140L56 239.4L56 280L39.8277 280Z\" fill=\"#0D3A3E\"\/>\n        <path d=\"M39.8277 561H0L0 520.11L13.141 420L43.0605 420L56 520.11L56 561L39.8277 561Z\" fill=\"#0D3A3E\"\/>\n        <path d=\"M39.8277 0L0 0L0 40.8905L13.141 141L43.0605 141L56 40.8905L56 0L39.8277 0Z\" fill=\"#0D3A3E\"\/>\n    <\/svg>\n                                                    <\/div>\n                                                                                                                                            <\/figure>\n                                        <\/div>\n                                                                                                <\/div>\n                            <div class=\"swiper-controls d-flex justify-content-end mt-4 color-blue-secondary\">\n    <button tabindex=\"0\" type=\"button\" class=\"me-3 swiper-button swiper-button--prev block--image-slider__nav block--image-slider__nav-swiper-button--prev\" aria-label=\"Diapositive pr\u00e9c\u00e9dente\">\n        <div class=\"link-arrow\">\n                    <span class=\"\">\n                <i class=\"icon icon-arrow-left\" aria-hidden=\"true\"><\/i>\n            <\/span>\n        \n            <\/div>\n    <\/button>\n    <button tabindex=\"0\" type=\"button\" class=\"swiper-button swiper-button--next block--image-slider__nav block--image-slider__nav-swiper-button--next\" aria-label=\"Diapositive suivante\">\n        <div class=\"link-arrow\">\n                    <span class=\"\">\n                <i class=\"icon icon-arrow-right\" aria-hidden=\"true\"><\/i>\n            <\/span>\n        \n            <\/div>\n    <\/button>\n<\/div>\n                        <\/div>\n                    <\/div>\n                <\/div>\n            <\/div>\n        <\/section>","protected":false},"excerpt":{"rendered":"","protected":false},"author":2,"featured_media":4338,"parent":4139,"menu_order":16,"comment_status":"closed","ping_status":"closed","template":"","meta":{"_acf_changed":false,"_seopress_robots_primary_cat":"","_seopress_titles_title":"Visit Vlissingen | Werken & Studeren | Hotspot voor Delta Innovatie","_seopress_titles_desc":"","_seopress_robots_index":"","footnotes":""},"class_list":["post-4182","page","type-page","status-publish","has-post-thumbnail"],"acf":[],"_links":{"self":[{"href":"https:\/\/visitvlissingen.nl\/fr\/wp-json\/wp\/v2\/pages\/4182","targetHints":{"allow":["GET"]}}],"collection":[{"href":"https:\/\/visitvlissingen.nl\/fr\/wp-json\/wp\/v2\/pages"}],"about":[{"href":"https:\/\/visitvlissingen.nl\/fr\/wp-json\/wp\/v2\/types\/page"}],"author":[{"embeddable":true,"href":"https:\/\/visitvlissingen.nl\/fr\/wp-json\/wp\/v2\/users\/2"}],"replies":[{"embeddable":true,"href":"https:\/\/visitvlissingen.nl\/fr\/wp-json\/wp\/v2\/comments?post=4182"}],"version-history":[{"count":40,"href":"https:\/\/visitvlissingen.nl\/fr\/wp-json\/wp\/v2\/pages\/4182\/revisions"}],"predecessor-version":[{"id":4395,"href":"https:\/\/visitvlissingen.nl\/fr\/wp-json\/wp\/v2\/pages\/4182\/revisions\/4395"}],"up":[{"embeddable":true,"href":"https:\/\/visitvlissingen.nl\/fr\/wp-json\/wp\/v2\/pages\/4139"}],"wp:featuredmedia":[{"embeddable":true,"href":"https:\/\/visitvlissingen.nl\/fr\/wp-json\/wp\/v2\/media\/4338"}],"wp:attachment":[{"href":"https:\/\/visitvlissingen.nl\/fr\/wp-json\/wp\/v2\/media?parent=4182"}],"curies":[{"name":"wp","href":"https:\/\/api.w.org\/{rel}","templated":true}]}}