{"id":4221,"date":"2026-03-19T11:32:55","date_gmt":"2026-03-19T10:32:55","guid":{"rendered":"https:\/\/visitvlissingen.nl\/?page_id=4221"},"modified":"2026-03-20T11:07:37","modified_gmt":"2026-03-20T10:07:37","slug":"studeren-in-vlissingen","status":"publish","type":"page","link":"https:\/\/visitvlissingen.nl\/fr\/werken-en-studeren\/studeren-in-vlissingen\/","title":{"rendered":"\u00c9tudier \u00e0 Flushing"},"content":{"rendered":"<section class=\"block background-blue-primary block--header block--no-spacing-top\">\n    <div class=\"container ps-5 ps-lg-8 pe-0\">\n        <div class=\"block--header__swiper swiper-container swiper-box disable-auto-height-from-lg\">\n            <div class=\"swiper-wrapper\">\n                                     \n\n                    <div class=\"swiper-slide\">\n                        <div class=\"row me-0 gx-7 h-100\">\n                            <div class=\"col-xxxl-5 col-xxl-5 col-xl-6 d-flex justify-content-between flex-column\">\n                                <div class=\"mt-4\">\n                                                                                                                                                                                                                                                                                                                                                                                                                                                                                                                                                                                                                                                                                                                                                                                    <a\n        href=\"https:\/\/visitvlissingen.nl\/fr\/werken-en-studeren\/\"\n         target=\"\"                 class=\"link-arrow block--header__archive mb-4 mb-xl-0\"\n    >\n                    <span class=\"me-4\">\n                <i class=\"icon icon-arrow-left\"><\/i>\n            <\/span>\n        \n                    <span>Retour au travail et aux \u00e9tudes<\/span>\n            <\/a>\n                                                                    <\/div>\n\n                                <div class=\"block--header__text ps-xxxl-9\">\n                                    \n                                                                            <h1 class=\"d-none d-lg-block\" >\u00c9tudier \u00e0 Flushing<\/h1>\n    <h1 class=\"d-block d-lg-none\" >\u00c9tudier \u00e0 Flushing<\/h1>\n                                    \n                                                                            <div class=\"text-wrapper\"><p>\u00c9tudier au bord de la mer ? \u00c0 Flessingue, l'\u00e9ducation, l'innovation et l'expertise maritime se rencontrent. Sur et autour du Kenniswerf, des \u00e9tudiants, des chercheurs et des entreprises travaillent ensemble sur des solutions pour l'eau, la technologie et l'avenir du delta. Des \u00e9tudes inspirantes \u00e0 la recherche d'une chambre d'\u00e9tudiant : vous trouverez ici toutes les informations pratiques sur les \u00e9tudes \u00e0 Flessingue.<\/p>\n<\/div>\n                                    \n                                    \n                                                                                                                                                    \n                                                                    <\/div>\n                                <div><\/div>\n                            <\/div>\n                            <div class=\"mt-7 mt-xl-0 col-xxxl-6 col-xxl-7 col-xl-6 offset-xxxl-1 pe-0\">\n                                                                                                                                                                <figure class=\"image block--header__image block--header__image--medium z-1\">\n                                                <img decoding=\"async\" src=\"https:\/\/visitvlissingen.nl\/wp-content\/uploads\/2026\/03\/SF2021_GEM_VLISS_PORTRET_STUDENTEN-10.jpg\" alt=\"\" \/>\n                                            <\/figure>\n                                                                                                    <\/div>\n                        <\/div>\n                    <\/div>\n                            <\/div>\n        <\/div>\n    <\/div>\n    <div class=\"waves\">\n        <div class=\"waves__wave waves__wave--green-secondary\"><\/div>\n    <\/div>\n<\/section>\n\n\n<section class=\"block block--spots\">\n            <div class=\"container px-5 px-lg-8\">\n                <div class=\"row mb-5\">\n                    <div class=\"col my-auto\">\n                        <h2 class=\"mb-0 align-title d-none d-lg-block\" >\u00c9tablissements d'enseignement<\/h2>\n    <h2 class=\"mb-0 align-title d-block d-lg-none\" >\u00c9tablissements d'enseignement<\/h2>\n                    <\/div>\n                    <div class=\"col-auto my-auto d-none d-lg-block\">\n                                            <\/div>\n                <\/div>\n                <div class=\"block--spots__swiper swiper-container swiper-box position-relative pb-3 disable-auto-height-from-lg\">\n                    <div class=\"swiper-wrapper\">\n                                                                                <div class=\"swiper-slide\">\n                                <article class=\"spot-item theme-bottom-right-triangle\">\n    <a class=\"d-block\" tabindex=\"0\" href=\"https:\/\/visitvlissingen.nl\/fr\/werken-en-studeren\/hz-university-of-applied-sciences\/\" aria-label=\"Regarder ce spot\">\n                    <figure class=\"image spot-item__image scale-on-hover\">\n                <img decoding=\"async\" class=\"image-position--center\" src=\"https:\/\/visitvlissingen.nl\/wp-content\/uploads\/2026\/02\/DSC4842-bew.png\" alt=\"\"  loading=\"lazy\">\n            <\/figure>\n                <div class=\"spot-item__content p-6 flex-grow-1\">\n            <div>\n                                    <div class=\"cats-meta mb-3 color-blue-secondary\">\n                    <span class=\"d-inline-flex me-3\">\n                                <span class=\"cats-meta__item\">\u00c9tablissements d'enseignement<\/span>\n            <\/span>\n            <\/div>\n                                <h3 class=\"mb-3\">Universit\u00e9 des sciences appliqu\u00e9es HZ<\/h3>\n                                    <div class=\"text--wrapper\">Au centre du Kenniswerf se trouve la HZ University of Applied Sciences, le lieu o\u00f9 la pratique et la th\u00e9orie se rencontrent, o\u00f9 les \u00e9tudiants travaillent sur des solutions r\u00e9elles et o\u00f9 l'innovation est palpable, dans tous les couloirs du b\u00e2timent.<\/div>\n                \n                <div class=\"link-arrow mt-4 color-blue-secondary\">\n                    <span class=\"me-4\">\n                <i class=\"icon icon-arrow-right\" aria-hidden=\"true\"><\/i>\n            <\/span>\n        \n                    <span>Regarder ce spot<\/span>\n            <\/div>\n            <\/div>\n        <\/div>\n    <\/a>\n<\/article>\n\n                            <\/div>\n                                                                                <div class=\"swiper-slide\">\n                                <article class=\"spot-item theme-bottom-right-triangle\">\n    <a class=\"d-block\" tabindex=\"0\" href=\"https:\/\/visitvlissingen.nl\/fr\/werken-en-studeren\/scalda-vlissingen\/\" aria-label=\"Regarder ce spot\">\n                    <figure class=\"image spot-item__image scale-on-hover\">\n                <img decoding=\"async\" class=\"image-position--center\" src=\"https:\/\/visitvlissingen.nl\/wp-content\/uploads\/2025\/10\/DSC4695-bew.jpg\" alt=\"\"  loading=\"lazy\">\n            <\/figure>\n                <div class=\"spot-item__content p-6 flex-grow-1\">\n            <div>\n                                    <div class=\"cats-meta mb-3 color-blue-secondary\">\n                    <span class=\"d-inline-flex me-3\">\n                                <span class=\"cats-meta__item\">\u00c9tablissements d'enseignement<\/span>\n            <\/span>\n            <\/div>\n                                <h3 class=\"mb-3\">Scalda Vlissingen<\/h3>\n                                    <div class=\"text--wrapper\">Sur le campus de Vlissingen, au milieu du Kenniswerf, vous trouverez un environnement d'apprentissage dynamique o\u00f9 les \u00e9tudiants sont form\u00e9s pour devenir des professionnels. \u00c0 Flessingue, Scalda propose principalement des cours de MBO dans les secteurs de la technologie et des TIC.<\/div>\n                \n                <div class=\"link-arrow mt-4 color-blue-secondary\">\n                    <span class=\"me-4\">\n                <i class=\"icon icon-arrow-right\" aria-hidden=\"true\"><\/i>\n            <\/span>\n        \n                    <span>Regarder ce spot<\/span>\n            <\/div>\n            <\/div>\n        <\/div>\n    <\/a>\n<\/article>\n\n                            <\/div>\n                                                                    <\/div>\n                    <div class=\"swiper-controls d-flex justify-content-end mt-4 color-blue-secondary\">\n    <button tabindex=\"0\" type=\"button\" class=\"me-3 swiper-button swiper-button--prev block--spots__swiper__nav block--spots__swiper__nav-swiper-button--prev\" aria-label=\"Diapositive pr\u00e9c\u00e9dente\">\n        <div class=\"link-arrow color-blue-secondary\">\n                    <span class=\"\">\n                <i class=\"icon icon-arrow-left\" aria-hidden=\"true\"><\/i>\n            <\/span>\n        \n            <\/div>\n    <\/button>\n    <button tabindex=\"0\" type=\"button\" class=\"swiper-button swiper-button--next block--spots__swiper__nav block--spots__swiper__nav-swiper-button--next\" aria-label=\"Diapositive suivante\">\n        <div class=\"link-arrow color-blue-secondary\">\n                    <span class=\"\">\n                <i class=\"icon icon-arrow-right\" aria-hidden=\"true\"><\/i>\n            <\/span>\n        \n            <\/div>\n    <\/button>\n<\/div>\n                <\/div>\n                <div class=\"d-flex justify-content-end d-lg-none mt-4 mb-3\">\n                                    <\/div>\n            <\/div>\n        <\/section>\n    \n\n<section class=\"block block--spots\">\n            <div class=\"container px-5 px-lg-8\">\n                <div class=\"row mb-5\">\n                    <div class=\"col my-auto\">\n                        <h2 class=\"mb-0 align-title d-none d-lg-block\" >Conseils pour les nouveaux arrivants<\/h2>\n    <h2 class=\"mb-0 align-title d-block d-lg-none\" >Conseils pour les nouveaux arrivants<\/h2>\n                    <\/div>\n                    <div class=\"col-auto my-auto d-none d-lg-block\">\n                                            <\/div>\n                <\/div>\n                <div class=\"block--spots__swiper swiper-container swiper-box position-relative pb-3 disable-auto-height-from-lg\">\n                    <div class=\"swiper-wrapper\">\n                                                                                <div class=\"swiper-slide\">\n                                <article class=\"spot-item theme-bottom-right-triangle\">\n    <a class=\"d-block\" tabindex=\"0\" href=\"https:\/\/visitvlissingen.nl\/fr\/werken-en-studeren\/survivaltips-om-nederlands-te-leren\/\" aria-label=\"Regarder ce spot\">\n                    <figure class=\"image spot-item__image scale-on-hover\">\n                <img decoding=\"async\" class=\"image-position--center\" src=\"https:\/\/visitvlissingen.nl\/wp-content\/uploads\/2026\/03\/SF2021_GEM_VLISS_PORTRET_STUDENTEN-65.jpg\" alt=\"\"  loading=\"lazy\">\n            <\/figure>\n                <div class=\"spot-item__content p-6 flex-grow-1\">\n            <div>\n                                    <div class=\"cats-meta mb-3 color-blue-secondary\">\n                    <span class=\"d-inline-flex me-3\">\n                                <span class=\"cats-meta__item\">Conseils<\/span>\n            <\/span>\n            <\/div>\n                                <h3 class=\"mb-3\">Conseils de survie pour l'apprentissage du n\u00e9erlandais<\/h3>\n                                    <div class=\"text--wrapper\">Vous allez bient\u00f4t commencer vos \u00e9tudes \u00e0 Flessingue et vous cherchez un logement ? Trouver un logement \u00e9tudiant peut s'av\u00e9rer difficile.<\/div>\n                \n                <div class=\"link-arrow mt-4 color-blue-secondary\">\n                    <span class=\"me-4\">\n                <i class=\"icon icon-arrow-right\" aria-hidden=\"true\"><\/i>\n            <\/span>\n        \n                    <span>Regarder ce spot<\/span>\n            <\/div>\n            <\/div>\n        <\/div>\n    <\/a>\n<\/article>\n\n                            <\/div>\n                                                                                <div class=\"swiper-slide\">\n                                <article class=\"spot-item theme-bottom-right-triangle\">\n    <a class=\"d-block\" tabindex=\"0\" href=\"https:\/\/visitvlissingen.nl\/fr\/werken-en-studeren\/zo-ontdek-je-vlissingen\/\" aria-label=\"Regarder ce spot\">\n                    <figure class=\"image spot-item__image scale-on-hover\">\n                <img decoding=\"async\" class=\"image-position--center\" src=\"https:\/\/visitvlissingen.nl\/wp-content\/uploads\/2026\/01\/Z8N9922x-boulevard-fietsers.jpg\" alt=\"\"  loading=\"lazy\">\n            <\/figure>\n                <div class=\"spot-item__content p-6 flex-grow-1\">\n            <div>\n                                    <div class=\"cats-meta mb-3 color-blue-secondary\">\n                    <span class=\"d-inline-flex me-3\">\n                                <span class=\"cats-meta__item\">Conseils<\/span>\n            <\/span>\n            <\/div>\n                                <h3 class=\"mb-3\">Comment d\u00e9couvrir Flessingue<\/h3>\n                                    <div class=\"text--wrapper\">Vous \u00eates nouveau en ville ? Il y a beaucoup de choses \u00e0 d\u00e9couvrir. Ces conseils vous aideront \u00e0 d\u00e9couvrir la ville et la Z\u00e9lande pas \u00e0 pas.<\/div>\n                \n                <div class=\"link-arrow mt-4 color-blue-secondary\">\n                    <span class=\"me-4\">\n                <i class=\"icon icon-arrow-right\" aria-hidden=\"true\"><\/i>\n            <\/span>\n        \n                    <span>Regarder ce spot<\/span>\n            <\/div>\n            <\/div>\n        <\/div>\n    <\/a>\n<\/article>\n\n                            <\/div>\n                                                                                <div class=\"swiper-slide\">\n                                <article class=\"spot-item theme-bottom-right-triangle\">\n    <a class=\"d-block\" tabindex=\"0\" href=\"https:\/\/visitvlissingen.nl\/fr\/werken-en-studeren\/tips-om-een-studentenwoning-te-vinden\/\" aria-label=\"Regarder ce spot\">\n                    <figure class=\"image spot-item__image scale-on-hover\">\n                <img decoding=\"async\" class=\"image-position--center\" src=\"https:\/\/visitvlissingen.nl\/wp-content\/uploads\/2026\/03\/SF2021_GEM_VLISS_PORTRET_STUDENTEN-15.jpg\" alt=\"\"  loading=\"lazy\">\n            <\/figure>\n                <div class=\"spot-item__content p-6 flex-grow-1\">\n            <div>\n                                    <div class=\"cats-meta mb-3 color-blue-secondary\">\n                    <span class=\"d-inline-flex me-3\">\n                                <span class=\"cats-meta__item\">Conseils<\/span>\n            <\/span>\n            <\/div>\n                                <h3 class=\"mb-3\">Conseils pour trouver un logement \u00e9tudiant<\/h3>\n                                    <div class=\"text--wrapper\">Vous allez bient\u00f4t commencer vos \u00e9tudes \u00e0 Flessingue et vous cherchez un logement ? Trouver un logement \u00e9tudiant peut s'av\u00e9rer difficile.<\/div>\n                \n                <div class=\"link-arrow mt-4 color-blue-secondary\">\n                    <span class=\"me-4\">\n                <i class=\"icon icon-arrow-right\" aria-hidden=\"true\"><\/i>\n            <\/span>\n        \n                    <span>Regarder ce spot<\/span>\n            <\/div>\n            <\/div>\n        <\/div>\n    <\/a>\n<\/article>\n\n                            <\/div>\n                                                                    <\/div>\n                    <div class=\"swiper-controls d-flex justify-content-end mt-4 color-blue-secondary\">\n    <button tabindex=\"0\" type=\"button\" class=\"me-3 swiper-button swiper-button--prev block--spots__swiper__nav block--spots__swiper__nav-swiper-button--prev\" aria-label=\"Diapositive pr\u00e9c\u00e9dente\">\n        <div class=\"link-arrow color-blue-secondary\">\n                    <span class=\"\">\n                <i class=\"icon icon-arrow-left\" aria-hidden=\"true\"><\/i>\n            <\/span>\n        \n            <\/div>\n    <\/button>\n    <button tabindex=\"0\" type=\"button\" class=\"swiper-button swiper-button--next block--spots__swiper__nav block--spots__swiper__nav-swiper-button--next\" aria-label=\"Diapositive suivante\">\n        <div class=\"link-arrow color-blue-secondary\">\n                    <span class=\"\">\n                <i class=\"icon icon-arrow-right\" aria-hidden=\"true\"><\/i>\n            <\/span>\n        \n            <\/div>\n    <\/button>\n<\/div>\n                <\/div>\n                <div class=\"d-flex justify-content-end d-lg-none mt-4 mb-3\">\n                                    <\/div>\n            <\/div>\n        <\/section>","protected":false},"excerpt":{"rendered":"","protected":false},"author":2,"featured_media":4230,"parent":4139,"menu_order":18,"comment_status":"closed","ping_status":"closed","template":"","meta":{"_acf_changed":false,"_seopress_robots_primary_cat":"","_seopress_titles_title":"Visit Vlissingen | Studeren aan zee | Ontdek Vlissingen","_seopress_titles_desc":"Studeren aan zee in Vlissingen? Ontdek onderwijs, innovatie en maritieme expertise op de Kenniswerf en vind praktische informatie voor studenten.","_seopress_robots_index":"","footnotes":""},"class_list":["post-4221","page","type-page","status-publish","has-post-thumbnail"],"acf":[],"_links":{"self":[{"href":"https:\/\/visitvlissingen.nl\/fr\/wp-json\/wp\/v2\/pages\/4221","targetHints":{"allow":["GET"]}}],"collection":[{"href":"https:\/\/visitvlissingen.nl\/fr\/wp-json\/wp\/v2\/pages"}],"about":[{"href":"https:\/\/visitvlissingen.nl\/fr\/wp-json\/wp\/v2\/types\/page"}],"author":[{"embeddable":true,"href":"https:\/\/visitvlissingen.nl\/fr\/wp-json\/wp\/v2\/users\/2"}],"replies":[{"embeddable":true,"href":"https:\/\/visitvlissingen.nl\/fr\/wp-json\/wp\/v2\/comments?post=4221"}],"version-history":[{"count":5,"href":"https:\/\/visitvlissingen.nl\/fr\/wp-json\/wp\/v2\/pages\/4221\/revisions"}],"predecessor-version":[{"id":4347,"href":"https:\/\/visitvlissingen.nl\/fr\/wp-json\/wp\/v2\/pages\/4221\/revisions\/4347"}],"up":[{"embeddable":true,"href":"https:\/\/visitvlissingen.nl\/fr\/wp-json\/wp\/v2\/pages\/4139"}],"wp:featuredmedia":[{"embeddable":true,"href":"https:\/\/visitvlissingen.nl\/fr\/wp-json\/wp\/v2\/media\/4230"}],"wp:attachment":[{"href":"https:\/\/visitvlissingen.nl\/fr\/wp-json\/wp\/v2\/media?parent=4221"}],"curies":[{"name":"wp","href":"https:\/\/api.w.org\/{rel}","templated":true}]}}