{"id":4321,"date":"2026-03-23T11:29:35","date_gmt":"2026-03-23T10:29:35","guid":{"rendered":"https:\/\/visitvlissingen.nl\/?page_id=4321"},"modified":"2026-04-13T13:57:50","modified_gmt":"2026-04-13T11:57:50","slug":"podcast","status":"publish","type":"page","link":"https:\/\/visitvlissingen.nl\/fr\/werken-en-studeren\/podcast\/","title":{"rendered":"Podcast"},"content":{"rendered":"<section class=\"block background-blue-primary block--header block--no-spacing-top\">\n    <div class=\"container ps-5 ps-lg-8 pe-0\">\n        <div class=\"block--header__swiper swiper-container swiper-box disable-auto-height-from-lg\">\n            <div class=\"swiper-wrapper\">\n                                     \n\n                    <div class=\"swiper-slide\">\n                        <div class=\"row me-0 gx-7 h-100\">\n                            <div class=\"col-xxxl-5 col-xxl-5 col-xl-6 d-flex justify-content-between flex-column\">\n                                <div class=\"mt-4\">\n                                                                                                                                                                                                                                                                                                                                                                                                                                                                                                                                                                                                                                                                                                                                                                                    <a\n        href=\"https:\/\/visitvlissingen.nl\/fr\/werken-en-studeren\/\"\n         target=\"\"                 class=\"link-arrow block--header__archive mb-4 mb-xl-0\"\n    >\n                    <span class=\"me-4\">\n                <i class=\"icon icon-arrow-left\"><\/i>\n            <\/span>\n        \n                    <span>Retour au travail et aux \u00e9tudes<\/span>\n            <\/a>\n                                                                    <\/div>\n\n                                <div class=\"block--header__text ps-xxxl-9\">\n                                    \n                                                                            <h1 class=\"d-none d-lg-block\" >Podcast<\/h1>\n    <h1 class=\"d-block d-lg-none\" >Podcast<\/h1>\n                                    \n                                                                            <div class=\"text-wrapper\"><p>Le Kenniswerf de Flessingue est le c\u0153ur battant de l'innovation, du d\u00e9veloppement des talents et de la collaboration dans le Delta. En neuf \u00e9pisodes, nous explorons la transition \u00e9nerg\u00e9tique, l'IA et l'artisanat, la transition prot\u00e9ique, la circularit\u00e9 et l'innovation alimentaire. Chaque \u00e9pisode montre comment la pratique, la connaissance et l'entrepreneuriat se renforcent mutuellement en un seul lieu : Kenniswerf x Vlissingen.<\/p>\n<\/div>\n                                    \n                                    \n                                                                                                                                                    \n                                                                    <\/div>\n                                <div><\/div>\n                            <\/div>\n                            <div class=\"mt-7 mt-xl-0 col-xxxl-6 col-xxl-7 col-xl-6 offset-xxxl-1 pe-0\">\n                                                                                                                                                                <figure class=\"image block--header__image block--header__image--medium z-1\">\n                                                <img decoding=\"async\" src=\"https:\/\/visitvlissingen.nl\/wp-content\/uploads\/2026\/03\/Thumbnail-Still-9-afleveringen.png\" alt=\"\" \/>\n                                            <\/figure>\n                                                                                                    <\/div>\n                        <\/div>\n                    <\/div>\n                            <\/div>\n        <\/div>\n    <\/div>\n    <div class=\"waves\">\n        <div class=\"waves__wave waves__wave--green-secondary\"><\/div>\n    <\/div>\n<\/section>\n\n\n<section class=\"block block--text\">\n        <div class=\"container px-5 px-lg-8\">\n            <div class=\"row justify-content-center\">\n                <div class=\"col-xxl-10\">\n                                                                        <div class=\"row\">\n                                <div class=\"col-xxxl-5 col-lg-6\">\n                                                                    <\/div>\n                            <\/div>\n                            <div class=\"row g-7\">\n                                <div class=\"col-xxxl-5 col-lg-6\">\n                                                                            <div class=\"text-wrapper\"><p>D\u00e9couvrez les histoires sur le travail et les \u00e9tudes \u00e0 Flessingue \u00e0 travers la s\u00e9rie de podcasts de <a href=\"https:\/\/visitvlissingen.nl\/fr\/hotspot\/kenniswerf\/\">Kenniswerf<\/a>. En tant que p\u00f4le d'enseignement, d'innovation et de talents, la Kenniswerf rassemble \u00e9tudiants, entreprises et professionnels, et cela se ressent dans cette s\u00e9rie.<\/p>\n<p>Dans chaque \u00e9pisode, nous vous emm\u00e8nerons dans les coulisses d'entreprises, d'\u00e9tudiants et de professionnels inspirants de la ville. \u00c9coutez leurs exp\u00e9riences, leurs d\u00e9fis et leurs ambitions et d\u00e9couvrez ainsi la Kenniswerf et la r\u00e9gion d'une mani\u00e8re diff\u00e9rente.<\/p>\n<\/div>\n                                                                                                        <\/div>\n                                <div class=\"col-xxxl-5 offset-xxxl-2 col-lg-6\">\n                                                                            <div class=\"text-wrapper\"><p>Chaque mois, un nouvel \u00e9pisode sort, alors abonnez-vous au podcast ou revenez r\u00e9guli\u00e8rement pour rester inform\u00e9 des derni\u00e8res histoires de Vlissingen.<\/p>\n<\/div>\n                                                                        <a\n                    href=\"https:\/\/open.spotify.com\/show\/4NuV4LlrAnl2jRmUsJcmo1\"\n                            aria-label=\"Ouvrir dans un nouvel onglet\"\n                tabindex=\"0\"\n                    target=\"_blank\"\n                class=\"btn btn--green-tertiary mt-4\"\n            >\n        \u00c9couter via Spotify\n        \n    <\/a>\n\n                                    <\/div>\n                            <\/div>\n                                            \n                <\/div>\n            <\/div>\n        <\/div>\n    <\/section>\n\n\n<section class=\"block block--spots-archive\">\n    <div class=\"archive-block archive-spots\">\n        \n        <input type=\"hidden\" value=\"color-blue-secondary\" name=\"archive_color_scheme\">\n        <input type=\"hidden\" value=\"4321\" name=\"archive_current_page\">\n        <input type=\"hidden\" value=\"werken\" name=\"archive_post_type\">\n        \n                    <input type=\"hidden\" value=\"155\" name=\"archive_cat_id\">\n        \n        \n        <div class=\"archive__results\">\n            <div class=\"container px-5 px-lg-8\">\n                                    <h2 class=\"mb-5 d-none d-lg-block\" >\u00c9pisodes<\/h2>\n    <h2 class=\"mb-5 d-block d-lg-none\" >\u00c9pisodes<\/h2>\n                                <div class=\"row g-7 resultItems\"><\/div>\n            <\/div>\n        <\/div>\n\n        <!-- Laad meer -->\n                <div class=\"block text-center loadMoreWrapper block block--double-spacing pb-0\" style=\"display: none;\">\n            <div class=\"container px-5 px-lg-8\">\n                <button aria-label=\"Charger plus de spots\" tabindex=\"0\" class=\"btn btn--green-tertiary loadMore\">\n                    Charger plus de spots\n                <\/button>\n            <\/div>\n        <\/div>\n    <\/div>\n\n<\/section>","protected":false},"excerpt":{"rendered":"","protected":false},"author":2,"featured_media":4322,"parent":4139,"menu_order":15,"comment_status":"closed","ping_status":"closed","template":"","meta":{"_acf_changed":false,"_seopress_robots_primary_cat":"","_seopress_titles_title":"Visit Vlissingen | Kenniswerf x Visit Vlissingen | Podcast","_seopress_titles_desc":"Luister naar de podcast en ontdek hoe innovatie, talentontwikkeling en samenwerking in de Delta vorm krijgen in verschillende thema\u2019s.","_seopress_robots_index":"","footnotes":""},"class_list":["post-4321","page","type-page","status-publish","has-post-thumbnail"],"acf":[],"_links":{"self":[{"href":"https:\/\/visitvlissingen.nl\/fr\/wp-json\/wp\/v2\/pages\/4321","targetHints":{"allow":["GET"]}}],"collection":[{"href":"https:\/\/visitvlissingen.nl\/fr\/wp-json\/wp\/v2\/pages"}],"about":[{"href":"https:\/\/visitvlissingen.nl\/fr\/wp-json\/wp\/v2\/types\/page"}],"author":[{"embeddable":true,"href":"https:\/\/visitvlissingen.nl\/fr\/wp-json\/wp\/v2\/users\/2"}],"replies":[{"embeddable":true,"href":"https:\/\/visitvlissingen.nl\/fr\/wp-json\/wp\/v2\/comments?post=4321"}],"version-history":[{"count":6,"href":"https:\/\/visitvlissingen.nl\/fr\/wp-json\/wp\/v2\/pages\/4321\/revisions"}],"predecessor-version":[{"id":4667,"href":"https:\/\/visitvlissingen.nl\/fr\/wp-json\/wp\/v2\/pages\/4321\/revisions\/4667"}],"up":[{"embeddable":true,"href":"https:\/\/visitvlissingen.nl\/fr\/wp-json\/wp\/v2\/pages\/4139"}],"wp:featuredmedia":[{"embeddable":true,"href":"https:\/\/visitvlissingen.nl\/fr\/wp-json\/wp\/v2\/media\/4322"}],"wp:attachment":[{"href":"https:\/\/visitvlissingen.nl\/fr\/wp-json\/wp\/v2\/media?parent=4321"}],"curies":[{"name":"wp","href":"https:\/\/api.w.org\/{rel}","templated":true}]}}